{"id":575,"date":"2024-02-29T10:33:17","date_gmt":"2024-02-29T13:33:17","guid":{"rendered":"https:\/\/sergiodamaso.com.br\/?page_id=575"},"modified":"2024-03-17T01:07:31","modified_gmt":"2024-03-17T04:07:31","slug":"tudo-vazou","status":"publish","type":"page","link":"https:\/\/sergiodamaso.com.br\/index.php\/tudo-vazou\/","title":{"rendered":"TUDO VAZOU"},"content":{"rendered":"\n<figure class=\"wp-block-audio\"><audio controls src=\"https:\/\/sergiodamaso.com.br\/wp-content\/uploads\/2024\/02\/Tudo-vazou.mp3\"><\/audio><\/figure>\n\n\n\n<p><strong><em>Mongol &amp; S\u00e9rgio D\u00e2maso<\/em><\/strong><\/p>\n\n\n\n<p>N\u00e3o foi preciso<br>achar a solu\u00e7\u00e3o o tempo mesmo fez<br>mandou o cora\u00e7\u00e3o partir de uma s\u00f3 vez<br>e acabou ficando um vazio.<\/p>\n\n\n\n<p>Ficando somente a saudade foi o que restou<br>e quando percebi j\u00e1 era tarde amor<br>at\u00e9 nossa lembran\u00e7a disse adeus.<\/p>\n\n\n\n<p>Seus l\u00e1bios seus beijos<br>aqueles abra\u00e7os apertados<br>o calor do seu corpo<br>junto do meu lado<br>dele enfim a paix\u00e3o esfriou.<\/p>\n\n\n\n<p>O tempo mostrou<br>nada me restou tudo vazou<br>de todo sentimento em mim guardado<br>s\u00f3 a saudade que ficou.<\/p>\n","protected":false},"excerpt":{"rendered":"<p>Mongol &amp; S\u00e9rgio D\u00e2maso N\u00e3o foi precisoachar a solu\u00e7\u00e3o o tempo mesmo fezmandou o cora\u00e7\u00e3o partir de uma s\u00f3 veze acabou ficando um vazio. Ficando somente a saudade foi o que restoue quando percebi j\u00e1 era tarde amorat\u00e9 nossa lembran\u00e7a disse adeus. Seus l\u00e1bios seus beijosaqueles abra\u00e7os apertadoso calor do seu corpojunto do meu ladodele [&hellip;]<\/p>\n","protected":false},"author":1,"featured_media":0,"parent":0,"menu_order":0,"comment_status":"closed","ping_status":"closed","template":"","meta":[],"_links":{"self":[{"href":"https:\/\/sergiodamaso.com.br\/index.php\/wp-json\/wp\/v2\/pages\/575"}],"collection":[{"href":"https:\/\/sergiodamaso.com.br\/index.php\/wp-json\/wp\/v2\/pages"}],"about":[{"href":"https:\/\/sergiodamaso.com.br\/index.php\/wp-json\/wp\/v2\/types\/page"}],"author":[{"embeddable":true,"href":"https:\/\/sergiodamaso.com.br\/index.php\/wp-json\/wp\/v2\/users\/1"}],"replies":[{"embeddable":true,"href":"https:\/\/sergiodamaso.com.br\/index.php\/wp-json\/wp\/v2\/comments?post=575"}],"version-history":[{"count":2,"href":"https:\/\/sergiodamaso.com.br\/index.php\/wp-json\/wp\/v2\/pages\/575\/revisions"}],"predecessor-version":[{"id":981,"href":"https:\/\/sergiodamaso.com.br\/index.php\/wp-json\/wp\/v2\/pages\/575\/revisions\/981"}],"wp:attachment":[{"href":"https:\/\/sergiodamaso.com.br\/index.php\/wp-json\/wp\/v2\/media?parent=575"}],"curies":[{"name":"wp","href":"https:\/\/api.w.org\/{rel}","templated":true}]}}