{"id":572,"date":"2024-02-29T10:31:55","date_gmt":"2024-02-29T13:31:55","guid":{"rendered":"https:\/\/sergiodamaso.com.br\/?page_id=572"},"modified":"2024-03-17T01:07:12","modified_gmt":"2024-03-17T04:07:12","slug":"tudo-tao-gostoso","status":"publish","type":"page","link":"https:\/\/sergiodamaso.com.br\/index.php\/tudo-tao-gostoso\/","title":{"rendered":"TUDO T\u00c3O GOSTOSO"},"content":{"rendered":"\n<figure class=\"wp-block-audio\"><audio controls src=\"https:\/\/sergiodamaso.com.br\/wp-content\/uploads\/2024\/02\/Tudo-tao-gostoso.mp3\"><\/audio><\/figure>\n\n\n\n<p><strong><em>Mongol &amp; S\u00e9rgio D\u00e2maso<\/em><\/strong><\/p>\n\n\n\n<p>Voc\u00ea faz tudo t\u00e3o gostoso<\/p>\n\n\n\n<p>que nem sei como descrever<\/p>\n\n\n\n<p>o quanto eu te desejo<\/p>\n\n\n\n<p>o quanto eu amo voc\u00ea.<\/p>\n\n\n\n<p>O teu sorriso o teu olhar<\/p>\n\n\n\n<p>ainda sinto o gosto do primeiro beijo teu<\/p>\n\n\n\n<p>tudo parou at\u00e9 parece que<\/p>\n\n\n\n<p>o tempo meu amor me esqueceu.<\/p>\n\n\n\n<p>Voc\u00ea faz tudo assim gostoso nessa hora como sempre fez<\/p>\n\n\n\n<p>\u00e9 como se eu olhasse pra voc\u00ea a primeira vez<\/p>\n\n\n\n<p>teu cheiro teu frescor s\u00f3 tem uma explica\u00e7\u00e3o pra ser assim<\/p>\n\n\n\n<p>at\u00e9 parece que o tempo me passou pro meu amor<\/p>\n\n\n\n<p>esqueceu de mim.<\/p>\n","protected":false},"excerpt":{"rendered":"<p>Mongol &amp; S\u00e9rgio D\u00e2maso Voc\u00ea faz tudo t\u00e3o gostoso que nem sei como descrever o quanto eu te desejo o quanto eu amo voc\u00ea. O teu sorriso o teu olhar ainda sinto o gosto do primeiro beijo teu tudo parou at\u00e9 parece que o tempo meu amor me esqueceu. Voc\u00ea faz tudo assim gostoso nessa [&hellip;]<\/p>\n","protected":false},"author":1,"featured_media":0,"parent":0,"menu_order":0,"comment_status":"closed","ping_status":"closed","template":"","meta":[],"_links":{"self":[{"href":"https:\/\/sergiodamaso.com.br\/index.php\/wp-json\/wp\/v2\/pages\/572"}],"collection":[{"href":"https:\/\/sergiodamaso.com.br\/index.php\/wp-json\/wp\/v2\/pages"}],"about":[{"href":"https:\/\/sergiodamaso.com.br\/index.php\/wp-json\/wp\/v2\/types\/page"}],"author":[{"embeddable":true,"href":"https:\/\/sergiodamaso.com.br\/index.php\/wp-json\/wp\/v2\/users\/1"}],"replies":[{"embeddable":true,"href":"https:\/\/sergiodamaso.com.br\/index.php\/wp-json\/wp\/v2\/comments?post=572"}],"version-history":[{"count":2,"href":"https:\/\/sergiodamaso.com.br\/index.php\/wp-json\/wp\/v2\/pages\/572\/revisions"}],"predecessor-version":[{"id":980,"href":"https:\/\/sergiodamaso.com.br\/index.php\/wp-json\/wp\/v2\/pages\/572\/revisions\/980"}],"wp:attachment":[{"href":"https:\/\/sergiodamaso.com.br\/index.php\/wp-json\/wp\/v2\/media?parent=572"}],"curies":[{"name":"wp","href":"https:\/\/api.w.org\/{rel}","templated":true}]}}