{"id":569,"date":"2024-02-29T10:30:25","date_gmt":"2024-02-29T13:30:25","guid":{"rendered":"https:\/\/sergiodamaso.com.br\/?page_id=569"},"modified":"2024-03-17T01:05:18","modified_gmt":"2024-03-17T04:05:18","slug":"triste-noite","status":"publish","type":"page","link":"https:\/\/sergiodamaso.com.br\/index.php\/triste-noite\/","title":{"rendered":"TRISTE NOITE"},"content":{"rendered":"\n<figure class=\"wp-block-audio\"><audio controls src=\"https:\/\/sergiodamaso.com.br\/wp-content\/uploads\/2024\/02\/Triste-noite.mp3\"><\/audio><\/figure>\n\n\n\n<p><strong><em>Mongol &amp; S\u00e9rgio D\u00e2maso<\/em><\/strong><\/p>\n\n\n\n<p>Noite como p\u00f4de me machucar<\/p>\n\n\n\n<p>fazendo lembrar do meu amor<\/p>\n\n\n\n<p>do sorriso e do beijo dela<\/p>\n\n\n\n<p>no fundo no fundo do meu cora\u00e7\u00e3o.<\/p>\n\n\n\n<p>Tristeza como p\u00f4de fazer parte<\/p>\n\n\n\n<p>dessa noite essa essa noite da madrugada<\/p>\n\n\n\n<p>em que ela n\u00e3o estava<\/p>\n\n\n\n<p>sozinho sozinho eu fiquei s\u00f3 eu e meu cora\u00e7\u00e3o.<\/p>\n\n\n\n<p>Felicidade t\u00e3o linda felicidade<\/p>\n\n\n\n<p>onde irei te encontrar novamente<\/p>\n\n\n\n<p>na ilus\u00e3o da minha vida<\/p>\n\n\n\n<p>ou nessa can\u00e7\u00e3o.<\/p>\n","protected":false},"excerpt":{"rendered":"<p>Mongol &amp; S\u00e9rgio D\u00e2maso Noite como p\u00f4de me machucar fazendo lembrar do meu amor do sorriso e do beijo dela no fundo no fundo do meu cora\u00e7\u00e3o. Tristeza como p\u00f4de fazer parte dessa noite essa essa noite da madrugada em que ela n\u00e3o estava sozinho sozinho eu fiquei s\u00f3 eu e meu cora\u00e7\u00e3o. Felicidade t\u00e3o [&hellip;]<\/p>\n","protected":false},"author":1,"featured_media":0,"parent":0,"menu_order":0,"comment_status":"closed","ping_status":"closed","template":"","meta":[],"_links":{"self":[{"href":"https:\/\/sergiodamaso.com.br\/index.php\/wp-json\/wp\/v2\/pages\/569"}],"collection":[{"href":"https:\/\/sergiodamaso.com.br\/index.php\/wp-json\/wp\/v2\/pages"}],"about":[{"href":"https:\/\/sergiodamaso.com.br\/index.php\/wp-json\/wp\/v2\/types\/page"}],"author":[{"embeddable":true,"href":"https:\/\/sergiodamaso.com.br\/index.php\/wp-json\/wp\/v2\/users\/1"}],"replies":[{"embeddable":true,"href":"https:\/\/sergiodamaso.com.br\/index.php\/wp-json\/wp\/v2\/comments?post=569"}],"version-history":[{"count":2,"href":"https:\/\/sergiodamaso.com.br\/index.php\/wp-json\/wp\/v2\/pages\/569\/revisions"}],"predecessor-version":[{"id":979,"href":"https:\/\/sergiodamaso.com.br\/index.php\/wp-json\/wp\/v2\/pages\/569\/revisions\/979"}],"wp:attachment":[{"href":"https:\/\/sergiodamaso.com.br\/index.php\/wp-json\/wp\/v2\/media?parent=569"}],"curies":[{"name":"wp","href":"https:\/\/api.w.org\/{rel}","templated":true}]}}