{"id":566,"date":"2024-02-29T10:29:18","date_gmt":"2024-02-29T13:29:18","guid":{"rendered":"https:\/\/sergiodamaso.com.br\/?page_id=566"},"modified":"2024-03-17T01:04:52","modified_gmt":"2024-03-17T04:04:52","slug":"travesseiro","status":"publish","type":"page","link":"https:\/\/sergiodamaso.com.br\/index.php\/travesseiro\/","title":{"rendered":"TRAVESSEIRO"},"content":{"rendered":"\n<figure class=\"wp-block-audio\"><audio controls src=\"https:\/\/sergiodamaso.com.br\/wp-content\/uploads\/2024\/02\/Travesseiro.mp3\"><\/audio><\/figure>\n\n\n\n<p><strong><em>Mongol &amp; S\u00e9rgio D\u00e2maso<\/em><\/strong><\/p>\n\n\n\n<p>Teu cheiro ficou no travesseiro<strong><em><\/em><\/strong><\/p>\n\n\n\n<p>l\u00e1 foi voc\u00ea perdida<\/p>\n\n\n\n<p>sem sentir o menor amor<\/p>\n\n\n\n<p>que queimava tua boca.<\/p>\n\n\n\n<p>Que medo \u00e9 esse que medo \u00e9 esse<\/p>\n\n\n\n<p>parece uma mariposa perdida na noite<\/p>\n\n\n\n<p>que medo \u00e9 esse procurando a luz acesa.<\/p>\n\n\n\n<p>Do abajur apagado<\/p>\n\n\n\n<p>do nosso quarto azul<\/p>\n\n\n\n<p>entre brancos len\u00e7\u00f3is<\/p>\n\n\n\n<p>pernas e abra\u00e7os nus.<\/p>\n\n\n\n<p>Beijos de boa noite<\/p>\n\n\n\n<p>num minuto eu sou voc\u00ea<\/p>\n\n\n\n<p>um pouquinho voc\u00ea \u00e9 eu<\/p>\n\n\n\n<p>mais que num segundo.<\/p>\n","protected":false},"excerpt":{"rendered":"<p>Mongol &amp; S\u00e9rgio D\u00e2maso Teu cheiro ficou no travesseiro l\u00e1 foi voc\u00ea perdida sem sentir o menor amor que queimava tua boca. Que medo \u00e9 esse que medo \u00e9 esse parece uma mariposa perdida na noite que medo \u00e9 esse procurando a luz acesa. Do abajur apagado do nosso quarto azul entre brancos len\u00e7\u00f3is pernas [&hellip;]<\/p>\n","protected":false},"author":1,"featured_media":0,"parent":0,"menu_order":0,"comment_status":"closed","ping_status":"closed","template":"","meta":[],"_links":{"self":[{"href":"https:\/\/sergiodamaso.com.br\/index.php\/wp-json\/wp\/v2\/pages\/566"}],"collection":[{"href":"https:\/\/sergiodamaso.com.br\/index.php\/wp-json\/wp\/v2\/pages"}],"about":[{"href":"https:\/\/sergiodamaso.com.br\/index.php\/wp-json\/wp\/v2\/types\/page"}],"author":[{"embeddable":true,"href":"https:\/\/sergiodamaso.com.br\/index.php\/wp-json\/wp\/v2\/users\/1"}],"replies":[{"embeddable":true,"href":"https:\/\/sergiodamaso.com.br\/index.php\/wp-json\/wp\/v2\/comments?post=566"}],"version-history":[{"count":2,"href":"https:\/\/sergiodamaso.com.br\/index.php\/wp-json\/wp\/v2\/pages\/566\/revisions"}],"predecessor-version":[{"id":978,"href":"https:\/\/sergiodamaso.com.br\/index.php\/wp-json\/wp\/v2\/pages\/566\/revisions\/978"}],"wp:attachment":[{"href":"https:\/\/sergiodamaso.com.br\/index.php\/wp-json\/wp\/v2\/media?parent=566"}],"curies":[{"name":"wp","href":"https:\/\/api.w.org\/{rel}","templated":true}]}}