{"id":561,"date":"2024-02-29T10:26:38","date_gmt":"2024-02-29T13:26:38","guid":{"rendered":"https:\/\/sergiodamaso.com.br\/?page_id=561"},"modified":"2024-03-17T01:00:57","modified_gmt":"2024-03-17T04:00:57","slug":"todas-as-tuas-cores","status":"publish","type":"page","link":"https:\/\/sergiodamaso.com.br\/index.php\/todas-as-tuas-cores\/","title":{"rendered":"TODAS AS TUAS CORES"},"content":{"rendered":"\n<figure class=\"wp-block-audio\"><audio controls src=\"https:\/\/sergiodamaso.com.br\/wp-content\/uploads\/2024\/02\/Todas-as-tuas-cores.mp3\"><\/audio><\/figure>\n\n\n\n<p><strong><em>Mongol &amp; S\u00e9rgio D\u00e2maso<\/em><\/strong><\/p>\n\n\n\n<p>Ah! como eu quero ah! como eu espero<\/p>\n\n\n\n<p>voc\u00ea perto de mim<\/p>\n\n\n\n<p>ah! como imagino ah! como eu desenho<\/p>\n\n\n\n<p>todas as tuas cores<\/p>\n\n\n\n<p>imagina imagina eu e voc\u00ea.<\/p>\n\n\n\n<p>Quando teus cabelos ruivos me enla\u00e7am<\/p>\n\n\n\n<p>sinto teus bra\u00e7os brancos me apertarem<\/p>\n\n\n\n<p>t\u00e3o apertados que meus olhos negros<\/p>\n\n\n\n<p>choram e te choram tamb\u00e9m.<\/p>\n\n\n\n<p>Quando teus l\u00e1bios lilases me beijam<\/p>\n\n\n\n<p>sinto teu cora\u00e7\u00e3o vermelho pulsando batendo<\/p>\n\n\n\n<p>forte que o meu peito<\/p>\n\n\n\n<p>aperta e te aperta tamb\u00e9m.<\/p>\n\n\n\n<p>Quero a brisa das manh\u00e3s<\/p>\n\n\n\n<p>e o luar das noites claras<\/p>\n\n\n\n<p>para lembrar e nunca mais esquecer<\/p>\n\n\n\n<p>o cheiro do teu perfume<\/p>\n\n\n\n<p>o gosto do teu suor e teu jeito doce mel de ninar.<\/p>\n","protected":false},"excerpt":{"rendered":"<p>Mongol &amp; S\u00e9rgio D\u00e2maso Ah! como eu quero ah! como eu espero voc\u00ea perto de mim ah! como imagino ah! como eu desenho todas as tuas cores imagina imagina eu e voc\u00ea. Quando teus cabelos ruivos me enla\u00e7am sinto teus bra\u00e7os brancos me apertarem t\u00e3o apertados que meus olhos negros choram e te choram tamb\u00e9m. [&hellip;]<\/p>\n","protected":false},"author":1,"featured_media":0,"parent":0,"menu_order":0,"comment_status":"closed","ping_status":"closed","template":"","meta":[],"_links":{"self":[{"href":"https:\/\/sergiodamaso.com.br\/index.php\/wp-json\/wp\/v2\/pages\/561"}],"collection":[{"href":"https:\/\/sergiodamaso.com.br\/index.php\/wp-json\/wp\/v2\/pages"}],"about":[{"href":"https:\/\/sergiodamaso.com.br\/index.php\/wp-json\/wp\/v2\/types\/page"}],"author":[{"embeddable":true,"href":"https:\/\/sergiodamaso.com.br\/index.php\/wp-json\/wp\/v2\/users\/1"}],"replies":[{"embeddable":true,"href":"https:\/\/sergiodamaso.com.br\/index.php\/wp-json\/wp\/v2\/comments?post=561"}],"version-history":[{"count":2,"href":"https:\/\/sergiodamaso.com.br\/index.php\/wp-json\/wp\/v2\/pages\/561\/revisions"}],"predecessor-version":[{"id":975,"href":"https:\/\/sergiodamaso.com.br\/index.php\/wp-json\/wp\/v2\/pages\/561\/revisions\/975"}],"wp:attachment":[{"href":"https:\/\/sergiodamaso.com.br\/index.php\/wp-json\/wp\/v2\/media?parent=561"}],"curies":[{"name":"wp","href":"https:\/\/api.w.org\/{rel}","templated":true}]}}