{"id":558,"date":"2024-02-29T10:25:29","date_gmt":"2024-02-29T13:25:29","guid":{"rendered":"https:\/\/sergiodamaso.com.br\/?page_id=558"},"modified":"2024-03-17T01:00:19","modified_gmt":"2024-03-17T04:00:19","slug":"toco-e-canto","status":"publish","type":"page","link":"https:\/\/sergiodamaso.com.br\/index.php\/toco-e-canto\/","title":{"rendered":"TOCO E CANTO"},"content":{"rendered":"\n<figure class=\"wp-block-audio\"><audio controls src=\"https:\/\/sergiodamaso.com.br\/wp-content\/uploads\/2024\/02\/Toco-e-canto.mp3\"><\/audio><\/figure>\n\n\n\n<p><strong><em>Mongol &amp; S\u00e9rgio D\u00e2maso<\/em><\/strong><\/p>\n\n\n\n<p>Toco a vida como toca minha viola<\/p>\n\n\n\n<p>canto a vida como canta essa minha voz<\/p>\n\n\n\n<p>ando pela vida com meus p\u00e9s descal\u00e7os livres para me levar<\/p>\n\n\n\n<p>vivo a vida em meus bra\u00e7os desatando os n\u00f3s.<\/p>\n\n\n\n<p>J\u00e1 vivi amores j\u00e1 vivi tantos le\u00f5es<\/p>\n\n\n\n<p>j\u00e1 beijei perdi a conta das minhas paix\u00f5es<\/p>\n\n\n\n<p>j\u00e1 corri atr\u00e1s na frente j\u00e1 enamorei diversos cora\u00e7\u00f5es<\/p>\n\n\n\n<p>j\u00e1 colhi as flores dos jardins das ilus\u00f5es<\/p>\n\n\n\n<p>Todos querem viver amores perdidos<\/p>\n\n\n\n<p>todos querem viver amores reais<\/p>\n\n\n\n<p>todos querem viver amores esquecidos<\/p>\n\n\n\n<p>todos querem viver amores eternos leais.<\/p>\n\n\n\n<p>Tudo parece ser voc\u00ea em mim<\/p>\n\n\n\n<p>tudo parece ser eu em voc\u00ea<\/p>\n\n\n\n<p>eu s\u00f3 queria contar uma hist\u00f3ria sem chorar<\/p>\n\n\n\n<p>uma hist\u00f3ria com sorriso e essa vontade louca de amar.<\/p>\n","protected":false},"excerpt":{"rendered":"<p>Mongol &amp; S\u00e9rgio D\u00e2maso Toco a vida como toca minha viola canto a vida como canta essa minha voz ando pela vida com meus p\u00e9s descal\u00e7os livres para me levar vivo a vida em meus bra\u00e7os desatando os n\u00f3s. J\u00e1 vivi amores j\u00e1 vivi tantos le\u00f5es j\u00e1 beijei perdi a conta das minhas paix\u00f5es j\u00e1 [&hellip;]<\/p>\n","protected":false},"author":1,"featured_media":0,"parent":0,"menu_order":0,"comment_status":"closed","ping_status":"closed","template":"","meta":[],"_links":{"self":[{"href":"https:\/\/sergiodamaso.com.br\/index.php\/wp-json\/wp\/v2\/pages\/558"}],"collection":[{"href":"https:\/\/sergiodamaso.com.br\/index.php\/wp-json\/wp\/v2\/pages"}],"about":[{"href":"https:\/\/sergiodamaso.com.br\/index.php\/wp-json\/wp\/v2\/types\/page"}],"author":[{"embeddable":true,"href":"https:\/\/sergiodamaso.com.br\/index.php\/wp-json\/wp\/v2\/users\/1"}],"replies":[{"embeddable":true,"href":"https:\/\/sergiodamaso.com.br\/index.php\/wp-json\/wp\/v2\/comments?post=558"}],"version-history":[{"count":2,"href":"https:\/\/sergiodamaso.com.br\/index.php\/wp-json\/wp\/v2\/pages\/558\/revisions"}],"predecessor-version":[{"id":974,"href":"https:\/\/sergiodamaso.com.br\/index.php\/wp-json\/wp\/v2\/pages\/558\/revisions\/974"}],"wp:attachment":[{"href":"https:\/\/sergiodamaso.com.br\/index.php\/wp-json\/wp\/v2\/media?parent=558"}],"curies":[{"name":"wp","href":"https:\/\/api.w.org\/{rel}","templated":true}]}}