{"id":555,"date":"2024-02-29T10:24:28","date_gmt":"2024-02-29T13:24:28","guid":{"rendered":"https:\/\/sergiodamaso.com.br\/?page_id=555"},"modified":"2024-03-17T00:59:47","modified_gmt":"2024-03-17T03:59:47","slug":"tiro-certo","status":"publish","type":"page","link":"https:\/\/sergiodamaso.com.br\/index.php\/tiro-certo\/","title":{"rendered":"TIRO CERTO"},"content":{"rendered":"\n<figure class=\"wp-block-audio\"><audio controls src=\"https:\/\/sergiodamaso.com.br\/wp-content\/uploads\/2024\/02\/Tiro-Certo.mp3\"><\/audio><\/figure>\n\n\n\n<p><strong><em>Mongol &amp; S\u00e9rgio D\u00e2maso<\/em><\/strong><\/p>\n\n\n\n<p>Meu peda\u00e7o meu pecado<\/p>\n\n\n\n<p>eu vou confessar<\/p>\n\n\n\n<p>e quem sabe vou pensar<\/p>\n\n\n\n<p>para tudo entender.<\/p>\n\n\n\n<p>Quando penso em voc\u00ea<\/p>\n\n\n\n<p>s\u00f3 me vem a lembran\u00e7a<\/p>\n\n\n\n<p>o fogo do seu corpo<\/p>\n\n\n\n<p>e o suor do seu rosto.<\/p>\n\n\n\n<p>Tirei sua roupa<\/p>\n\n\n\n<p>agora s\u00f3 falta tirar a minha<\/p>\n\n\n\n<p>\u00e9 tiro certo em n\u00f3s dois<\/p>\n\n\n\n<p>\u00e9 tiro certo em n\u00f3s dois.<\/p>\n\n\n\n<p>Devagarzinho s\u00f3 um pouquinho<\/p>\n\n\n\n<p>tudo muda tudo vira<\/p>\n\n\n\n<p>de ponta cabe\u00e7a<\/p>\n\n\n\n<p>basta s\u00f3 sua companhia.<\/p>\n","protected":false},"excerpt":{"rendered":"<p>Mongol &amp; S\u00e9rgio D\u00e2maso Meu peda\u00e7o meu pecado eu vou confessar e quem sabe vou pensar para tudo entender. Quando penso em voc\u00ea s\u00f3 me vem a lembran\u00e7a o fogo do seu corpo e o suor do seu rosto. Tirei sua roupa agora s\u00f3 falta tirar a minha \u00e9 tiro certo em n\u00f3s dois \u00e9 [&hellip;]<\/p>\n","protected":false},"author":1,"featured_media":0,"parent":0,"menu_order":0,"comment_status":"closed","ping_status":"closed","template":"","meta":[],"_links":{"self":[{"href":"https:\/\/sergiodamaso.com.br\/index.php\/wp-json\/wp\/v2\/pages\/555"}],"collection":[{"href":"https:\/\/sergiodamaso.com.br\/index.php\/wp-json\/wp\/v2\/pages"}],"about":[{"href":"https:\/\/sergiodamaso.com.br\/index.php\/wp-json\/wp\/v2\/types\/page"}],"author":[{"embeddable":true,"href":"https:\/\/sergiodamaso.com.br\/index.php\/wp-json\/wp\/v2\/users\/1"}],"replies":[{"embeddable":true,"href":"https:\/\/sergiodamaso.com.br\/index.php\/wp-json\/wp\/v2\/comments?post=555"}],"version-history":[{"count":2,"href":"https:\/\/sergiodamaso.com.br\/index.php\/wp-json\/wp\/v2\/pages\/555\/revisions"}],"predecessor-version":[{"id":973,"href":"https:\/\/sergiodamaso.com.br\/index.php\/wp-json\/wp\/v2\/pages\/555\/revisions\/973"}],"wp:attachment":[{"href":"https:\/\/sergiodamaso.com.br\/index.php\/wp-json\/wp\/v2\/media?parent=555"}],"curies":[{"name":"wp","href":"https:\/\/api.w.org\/{rel}","templated":true}]}}