{"id":552,"date":"2024-02-29T10:23:14","date_gmt":"2024-02-29T13:23:14","guid":{"rendered":"https:\/\/sergiodamaso.com.br\/?page_id=552"},"modified":"2024-03-17T00:58:58","modified_gmt":"2024-03-17T03:58:58","slug":"tipos-de-beijos","status":"publish","type":"page","link":"https:\/\/sergiodamaso.com.br\/index.php\/tipos-de-beijos\/","title":{"rendered":"TIPOS DE BEIJOS"},"content":{"rendered":"\n<figure class=\"wp-block-audio\"><audio controls src=\"https:\/\/sergiodamaso.com.br\/wp-content\/uploads\/2024\/02\/Tipos-de-beijos.mp3\"><\/audio><\/figure>\n\n\n\n<p><strong><em>Mongol &amp; S\u00e9rgio D\u00e2maso<\/em><\/strong><\/p>\n\n\n\n<p>Beijo de quatro beijo na boca<\/p>\n\n\n\n<p>beijo que abra\u00e7a e at\u00e9 maltrata<\/p>\n\n\n\n<p>beijo de l\u00edngua beijo no cantinho.<\/p>\n\n\n\n<p>Beijo retr\u00f4 beijo no elevador<\/p>\n\n\n\n<p>beijo que molha e desnuda<\/p>\n\n\n\n<p>beijo de chegada e de partida.<\/p>\n\n\n\n<p>Beijo faz lembrar a boca mais querida<\/p>\n\n\n\n<p>tamb\u00e9m faz lembrar da boca esquecida.<\/p>\n\n\n\n<p>Quem n\u00e3o sente o prazer<\/p>\n\n\n\n<p>\u00e9 s\u00f3 fechar os olhos<\/p>\n\n\n\n<p>relaxar levemente os l\u00e1bios<\/p>\n\n\n\n<p>e amar uma \u00edntima l\u00edngua.<\/p>\n\n\n\n<p>Beijo tem que colar<\/p>\n\n\n\n<p>beijo tem que enquadrar<\/p>\n\n\n\n<p>o ladr\u00e3o que quer roubar<\/p>\n\n\n\n<p>da tua boca uma paix\u00e3o.<\/p>\n","protected":false},"excerpt":{"rendered":"<p>Mongol &amp; S\u00e9rgio D\u00e2maso Beijo de quatro beijo na boca beijo que abra\u00e7a e at\u00e9 maltrata beijo de l\u00edngua beijo no cantinho. Beijo retr\u00f4 beijo no elevador beijo que molha e desnuda beijo de chegada e de partida. Beijo faz lembrar a boca mais querida tamb\u00e9m faz lembrar da boca esquecida. Quem n\u00e3o sente o [&hellip;]<\/p>\n","protected":false},"author":1,"featured_media":0,"parent":0,"menu_order":0,"comment_status":"closed","ping_status":"closed","template":"","meta":[],"_links":{"self":[{"href":"https:\/\/sergiodamaso.com.br\/index.php\/wp-json\/wp\/v2\/pages\/552"}],"collection":[{"href":"https:\/\/sergiodamaso.com.br\/index.php\/wp-json\/wp\/v2\/pages"}],"about":[{"href":"https:\/\/sergiodamaso.com.br\/index.php\/wp-json\/wp\/v2\/types\/page"}],"author":[{"embeddable":true,"href":"https:\/\/sergiodamaso.com.br\/index.php\/wp-json\/wp\/v2\/users\/1"}],"replies":[{"embeddable":true,"href":"https:\/\/sergiodamaso.com.br\/index.php\/wp-json\/wp\/v2\/comments?post=552"}],"version-history":[{"count":2,"href":"https:\/\/sergiodamaso.com.br\/index.php\/wp-json\/wp\/v2\/pages\/552\/revisions"}],"predecessor-version":[{"id":972,"href":"https:\/\/sergiodamaso.com.br\/index.php\/wp-json\/wp\/v2\/pages\/552\/revisions\/972"}],"wp:attachment":[{"href":"https:\/\/sergiodamaso.com.br\/index.php\/wp-json\/wp\/v2\/media?parent=552"}],"curies":[{"name":"wp","href":"https:\/\/api.w.org\/{rel}","templated":true}]}}