{"id":547,"date":"2024-02-29T10:21:01","date_gmt":"2024-02-29T13:21:01","guid":{"rendered":"https:\/\/sergiodamaso.com.br\/?page_id=547"},"modified":"2024-03-17T00:58:14","modified_gmt":"2024-03-17T03:58:14","slug":"tambores","status":"publish","type":"page","link":"https:\/\/sergiodamaso.com.br\/index.php\/tambores\/","title":{"rendered":"TAMBORES"},"content":{"rendered":"\n<figure class=\"wp-block-audio\"><audio controls src=\"https:\/\/sergiodamaso.com.br\/wp-content\/uploads\/2024\/02\/Tambores-1.mp3\"><\/audio><\/figure>\n\n\n\n<p><strong><em>Mongol &amp; S\u00e9rgio D\u00e2maso<\/em><\/strong><\/p>\n\n\n\n<p>Zabel\u00ea o Il\u00ea Aiy\u00ea os sons dos seus tambores<\/p>\n\n\n\n<p>viajam pelos mares e mar\u00e9s exalando<\/p>\n\n\n\n<p>Iemanj\u00e1 rainha do mar com cheiro de alfazema<\/p>\n\n\n\n<p>tem flores tem flores tem flores tem flores no mar.<\/p>\n\n\n\n<p>\u00c9 tesouro a brilhar a iluminar<\/p>\n\n\n\n<p>\u00e9 perfume de mel \u00e9 um verde m\u00e1gico<\/p>\n\n\n\n<p>\u00e0s vezes azul que eu n\u00e3o sei se vem do c\u00e9u<\/p>\n\n\n\n<p>tem segredo segredo segredo no fundo do mar.<\/p>\n\n\n\n<p>Tem amor s\u00f3 de olhar eu sei que tem<\/p>\n\n\n\n<p>na beira do mar eu s\u00f3 quero beijar tua boca<\/p>\n\n\n\n<p>pode abrir teu cora\u00e7\u00e3o pra Iemanj\u00e1<\/p>\n\n\n\n<p>Ela guarda o teu segredo no fundo do mar.<\/p>\n","protected":false},"excerpt":{"rendered":"<p>Mongol &amp; S\u00e9rgio D\u00e2maso Zabel\u00ea o Il\u00ea Aiy\u00ea os sons dos seus tambores viajam pelos mares e mar\u00e9s exalando Iemanj\u00e1 rainha do mar com cheiro de alfazema tem flores tem flores tem flores tem flores no mar. \u00c9 tesouro a brilhar a iluminar \u00e9 perfume de mel \u00e9 um verde m\u00e1gico \u00e0s vezes azul que [&hellip;]<\/p>\n","protected":false},"author":1,"featured_media":0,"parent":0,"menu_order":0,"comment_status":"closed","ping_status":"closed","template":"","meta":[],"_links":{"self":[{"href":"https:\/\/sergiodamaso.com.br\/index.php\/wp-json\/wp\/v2\/pages\/547"}],"collection":[{"href":"https:\/\/sergiodamaso.com.br\/index.php\/wp-json\/wp\/v2\/pages"}],"about":[{"href":"https:\/\/sergiodamaso.com.br\/index.php\/wp-json\/wp\/v2\/types\/page"}],"author":[{"embeddable":true,"href":"https:\/\/sergiodamaso.com.br\/index.php\/wp-json\/wp\/v2\/users\/1"}],"replies":[{"embeddable":true,"href":"https:\/\/sergiodamaso.com.br\/index.php\/wp-json\/wp\/v2\/comments?post=547"}],"version-history":[{"count":3,"href":"https:\/\/sergiodamaso.com.br\/index.php\/wp-json\/wp\/v2\/pages\/547\/revisions"}],"predecessor-version":[{"id":971,"href":"https:\/\/sergiodamaso.com.br\/index.php\/wp-json\/wp\/v2\/pages\/547\/revisions\/971"}],"wp:attachment":[{"href":"https:\/\/sergiodamaso.com.br\/index.php\/wp-json\/wp\/v2\/media?parent=547"}],"curies":[{"name":"wp","href":"https:\/\/api.w.org\/{rel}","templated":true}]}}