{"id":538,"date":"2024-02-29T09:11:07","date_gmt":"2024-02-29T12:11:07","guid":{"rendered":"https:\/\/sergiodamaso.com.br\/?page_id=538"},"modified":"2024-03-17T00:55:45","modified_gmt":"2024-03-17T03:55:45","slug":"sintonizado-em-voce","status":"publish","type":"page","link":"https:\/\/sergiodamaso.com.br\/index.php\/sintonizado-em-voce\/","title":{"rendered":"SINTONIZADO EM VOC\u00ca"},"content":{"rendered":"\n<figure class=\"wp-block-audio\"><audio controls src=\"https:\/\/sergiodamaso.com.br\/wp-content\/uploads\/2024\/03\/Sintonizado-em-voce.mp3\"><\/audio><\/figure>\n\n\n\n<p><strong><em>Mongol &amp; S\u00e9rgio D\u00e2maso<\/em><\/strong><\/p>\n\n\n\n<p>Se eu pudesse te levava rosas<\/p>\n\n\n\n<p>se eu pudesse te encontrava agora<\/p>\n\n\n\n<p>\u00e9 tudo que eu quero nessa hora<\/p>\n\n\n\n<p>h\u00e1 quanto tempo como eu espero.<\/p>\n\n\n\n<p>E que saudade sinto do teu cheiro<\/p>\n\n\n\n<p>que saudade desse teu abra\u00e7o<\/p>\n\n\n\n<p>e no meu pensamento eu enla\u00e7o<\/p>\n\n\n\n<p>sintonizado ligado em voc\u00ea.<\/p>\n\n\n\n<p>Ah! a minha sorte \u00e9 que existe<\/p>\n\n\n\n<p>dando norte na minha vontade<\/p>\n\n\n\n<p>um pote cheio doce de esperan\u00e7a<\/p>\n\n\n\n<p>preenche todo o meu cora\u00e7\u00e3o<\/p>\n\n\n\n<p>Ah! quando ser\u00e1 voc\u00ea vai voltar<\/p>\n\n\n\n<p>eu vou te abra\u00e7ar e te beijar<\/p>\n\n\n\n<p>nosso encontro vai ser uma festa<\/p>\n\n\n\n<p>regada ao vinho do prazer sem fim.<\/p>\n","protected":false},"excerpt":{"rendered":"<p>Mongol &amp; S\u00e9rgio D\u00e2maso Se eu pudesse te levava rosas se eu pudesse te encontrava agora \u00e9 tudo que eu quero nessa hora h\u00e1 quanto tempo como eu espero. E que saudade sinto do teu cheiro que saudade desse teu abra\u00e7o e no meu pensamento eu enla\u00e7o sintonizado ligado em voc\u00ea. Ah! a minha sorte [&hellip;]<\/p>\n","protected":false},"author":1,"featured_media":0,"parent":0,"menu_order":0,"comment_status":"closed","ping_status":"closed","template":"","meta":[],"_links":{"self":[{"href":"https:\/\/sergiodamaso.com.br\/index.php\/wp-json\/wp\/v2\/pages\/538"}],"collection":[{"href":"https:\/\/sergiodamaso.com.br\/index.php\/wp-json\/wp\/v2\/pages"}],"about":[{"href":"https:\/\/sergiodamaso.com.br\/index.php\/wp-json\/wp\/v2\/types\/page"}],"author":[{"embeddable":true,"href":"https:\/\/sergiodamaso.com.br\/index.php\/wp-json\/wp\/v2\/users\/1"}],"replies":[{"embeddable":true,"href":"https:\/\/sergiodamaso.com.br\/index.php\/wp-json\/wp\/v2\/comments?post=538"}],"version-history":[{"count":3,"href":"https:\/\/sergiodamaso.com.br\/index.php\/wp-json\/wp\/v2\/pages\/538\/revisions"}],"predecessor-version":[{"id":969,"href":"https:\/\/sergiodamaso.com.br\/index.php\/wp-json\/wp\/v2\/pages\/538\/revisions\/969"}],"wp:attachment":[{"href":"https:\/\/sergiodamaso.com.br\/index.php\/wp-json\/wp\/v2\/media?parent=538"}],"curies":[{"name":"wp","href":"https:\/\/api.w.org\/{rel}","templated":true}]}}