{"id":535,"date":"2024-02-29T09:10:10","date_gmt":"2024-02-29T12:10:10","guid":{"rendered":"https:\/\/sergiodamaso.com.br\/?page_id=535"},"modified":"2024-03-17T00:55:00","modified_gmt":"2024-03-17T03:55:00","slug":"seu-beijo-e-fogo","status":"publish","type":"page","link":"https:\/\/sergiodamaso.com.br\/index.php\/seu-beijo-e-fogo\/","title":{"rendered":"SEU BEIJO \u00c9 FOGO"},"content":{"rendered":"\n<figure class=\"wp-block-audio\"><audio controls src=\"https:\/\/sergiodamaso.com.br\/wp-content\/uploads\/2024\/02\/Seu-beijo-e-fogo.mp3\"><\/audio><\/figure>\n\n\n\n<p><strong><em>Mongol &amp; S\u00e9rgio D\u00e2maso<\/em><\/strong><\/p>\n\n\n\n<p>Me beije que agora \u00e9 fogo<\/p>\n\n\n\n<p>sua boca na minha vai queimar<\/p>\n\n\n\n<p>vai arder vai colar n\u00e3o vai separar.<\/p>\n\n\n\n<p>N\u00e3o tem \u00e1gua que refreie<\/p>\n\n\n\n<p>sua boca na minha<\/p>\n\n\n\n<p>n\u00e3o tem n\u00e3o n\u00e3o tem n\u00e3o.<\/p>\n\n\n\n<p>\u00c9 sede \u00e9 paix\u00e3o fogo e emo\u00e7\u00e3o<\/p>\n\n\n\n<p>beijo ardente caliente caliente<\/p>\n\n\n\n<p>vai arder vai colar.<\/p>\n\n\n\n<p>Sua boca da minha<\/p>\n\n\n\n<p>n\u00e3o tem como separar<\/p>\n\n\n\n<p>n\u00e3o tem n\u00e3o n\u00e3o tem n\u00e3o.<\/p>\n","protected":false},"excerpt":{"rendered":"<p>Mongol &amp; S\u00e9rgio D\u00e2maso Me beije que agora \u00e9 fogo sua boca na minha vai queimar vai arder vai colar n\u00e3o vai separar. N\u00e3o tem \u00e1gua que refreie sua boca na minha n\u00e3o tem n\u00e3o n\u00e3o tem n\u00e3o. \u00c9 sede \u00e9 paix\u00e3o fogo e emo\u00e7\u00e3o beijo ardente caliente caliente vai arder vai colar. Sua boca [&hellip;]<\/p>\n","protected":false},"author":1,"featured_media":0,"parent":0,"menu_order":0,"comment_status":"closed","ping_status":"closed","template":"","meta":[],"_links":{"self":[{"href":"https:\/\/sergiodamaso.com.br\/index.php\/wp-json\/wp\/v2\/pages\/535"}],"collection":[{"href":"https:\/\/sergiodamaso.com.br\/index.php\/wp-json\/wp\/v2\/pages"}],"about":[{"href":"https:\/\/sergiodamaso.com.br\/index.php\/wp-json\/wp\/v2\/types\/page"}],"author":[{"embeddable":true,"href":"https:\/\/sergiodamaso.com.br\/index.php\/wp-json\/wp\/v2\/users\/1"}],"replies":[{"embeddable":true,"href":"https:\/\/sergiodamaso.com.br\/index.php\/wp-json\/wp\/v2\/comments?post=535"}],"version-history":[{"count":2,"href":"https:\/\/sergiodamaso.com.br\/index.php\/wp-json\/wp\/v2\/pages\/535\/revisions"}],"predecessor-version":[{"id":968,"href":"https:\/\/sergiodamaso.com.br\/index.php\/wp-json\/wp\/v2\/pages\/535\/revisions\/968"}],"wp:attachment":[{"href":"https:\/\/sergiodamaso.com.br\/index.php\/wp-json\/wp\/v2\/media?parent=535"}],"curies":[{"name":"wp","href":"https:\/\/api.w.org\/{rel}","templated":true}]}}