{"id":532,"date":"2024-02-29T09:07:35","date_gmt":"2024-02-29T12:07:35","guid":{"rendered":"https:\/\/sergiodamaso.com.br\/?page_id=532"},"modified":"2024-03-17T00:54:09","modified_gmt":"2024-03-17T03:54:09","slug":"senhora-aparecida","status":"publish","type":"page","link":"https:\/\/sergiodamaso.com.br\/index.php\/senhora-aparecida\/","title":{"rendered":"SENHORA APARECIDA"},"content":{"rendered":"\n<figure class=\"wp-block-audio\"><audio controls src=\"https:\/\/sergiodamaso.com.br\/wp-content\/uploads\/2024\/02\/Senhora-Aparecida.mp3\"><\/audio><\/figure>\n\n\n\n<p><strong><em>Mongol &amp; S\u00e9rgio D\u00e2maso<\/em><\/strong><\/p>\n\n\n\n<p>Todas as noites sem eu esquecer<\/p>\n\n\n\n<p>ajoelho em frente a imagem<\/p>\n\n\n\n<p>de Nossa Senhora Aparecida<\/p>\n\n\n\n<p>com f\u00e9 com f\u00e9 com f\u00e9 com f\u00e9.<\/p>\n\n\n\n<p>Olho pra Ela e digo<\/p>\n\n\n\n<p>com Ele eu dormirei<\/p>\n\n\n\n<p>com Ele eu levantarei<\/p>\n\n\n\n<p>seu olhar sempre me acompanhar\u00e1<\/p>\n\n\n\n<p>com f\u00e9 com f\u00e9 com f\u00e9 com f\u00e9<\/p>\n\n\n\n<p>Senhora da f\u00e9<\/p>\n\n\n\n<p>neste mundo talvez perdido<\/p>\n\n\n\n<p>pessoas talvez n\u00e3o saibam<\/p>\n\n\n\n<p>e poucas talvez n\u00e3o tenham f\u00e9.<\/p>\n\n\n\n<p>Com f\u00e9 com f\u00e9<\/p>\n\n\n\n<p>Ele voltar\u00e1<\/p>\n\n\n\n<p>para salvar e livrar<\/p>\n\n\n\n<p>o mundo do talvez.<\/p>\n\n\n\n<p>Assim todos poder\u00e3o se abra\u00e7ar<\/p>\n\n\n\n<p>numa s\u00f3 ora\u00e7\u00e3o com f\u00e9<\/p>\n\n\n\n<p>e com f\u00e9 dir\u00e3o<\/p>\n\n\n\n<p>Ele \u00e9 a nossa salva\u00e7\u00e3o<\/p>\n\n\n\n<p>com f\u00e9 com f\u00e9.<\/p>\n","protected":false},"excerpt":{"rendered":"<p>Mongol &amp; S\u00e9rgio D\u00e2maso Todas as noites sem eu esquecer ajoelho em frente a imagem de Nossa Senhora Aparecida com f\u00e9 com f\u00e9 com f\u00e9 com f\u00e9. Olho pra Ela e digo com Ele eu dormirei com Ele eu levantarei seu olhar sempre me acompanhar\u00e1 com f\u00e9 com f\u00e9 com f\u00e9 com f\u00e9 Senhora da [&hellip;]<\/p>\n","protected":false},"author":1,"featured_media":0,"parent":0,"menu_order":0,"comment_status":"closed","ping_status":"closed","template":"","meta":[],"_links":{"self":[{"href":"https:\/\/sergiodamaso.com.br\/index.php\/wp-json\/wp\/v2\/pages\/532"}],"collection":[{"href":"https:\/\/sergiodamaso.com.br\/index.php\/wp-json\/wp\/v2\/pages"}],"about":[{"href":"https:\/\/sergiodamaso.com.br\/index.php\/wp-json\/wp\/v2\/types\/page"}],"author":[{"embeddable":true,"href":"https:\/\/sergiodamaso.com.br\/index.php\/wp-json\/wp\/v2\/users\/1"}],"replies":[{"embeddable":true,"href":"https:\/\/sergiodamaso.com.br\/index.php\/wp-json\/wp\/v2\/comments?post=532"}],"version-history":[{"count":2,"href":"https:\/\/sergiodamaso.com.br\/index.php\/wp-json\/wp\/v2\/pages\/532\/revisions"}],"predecessor-version":[{"id":967,"href":"https:\/\/sergiodamaso.com.br\/index.php\/wp-json\/wp\/v2\/pages\/532\/revisions\/967"}],"wp:attachment":[{"href":"https:\/\/sergiodamaso.com.br\/index.php\/wp-json\/wp\/v2\/media?parent=532"}],"curies":[{"name":"wp","href":"https:\/\/api.w.org\/{rel}","templated":true}]}}