{"id":529,"date":"2024-02-29T09:05:56","date_gmt":"2024-02-29T12:05:56","guid":{"rendered":"https:\/\/sergiodamaso.com.br\/?page_id=529"},"modified":"2024-03-17T00:53:39","modified_gmt":"2024-03-17T03:53:39","slug":"senhor","status":"publish","type":"page","link":"https:\/\/sergiodamaso.com.br\/index.php\/senhor\/","title":{"rendered":"SENHOR"},"content":{"rendered":"\n<figure class=\"wp-block-audio\"><audio controls src=\"https:\/\/sergiodamaso.com.br\/wp-content\/uploads\/2024\/02\/Senhor-.mp3\"><\/audio><\/figure>\n\n\n\n<p><strong><em>Mongol &amp; S\u00e9rgio D\u00e2maso<\/em><\/strong><\/p>\n\n\n\n<p>Senhor quero pedir perd\u00e3o<\/p>\n\n\n\n<p>porque me afastei de ti em minha vida<\/p>\n\n\n\n<p>Senhor pega na minha m\u00e3o nessa estrada<\/p>\n\n\n\n<p>e ilumina o meu caminho.<\/p>\n\n\n\n<p>Fa\u00e7a do meu cora\u00e7\u00e3o sua casa e moradia<\/p>\n\n\n\n<p>que a bondade seja minha serventia<\/p>\n\n\n\n<p>que eu transforme as palavras em a\u00e7\u00f5es no dia a dia<\/p>\n\n\n\n<p>instrumento do amor e da alegria.<\/p>\n\n\n\n<p>Gl\u00f3ria a ti Senhor! Vim Senhor<\/p>\n\n\n\n<p>pra seguir teus passos nessa ora\u00e7\u00e3o<\/p>\n\n\n\n<p>gl\u00f3ria a ti Senhor! Vim Senhor<\/p>\n\n\n\n<p>te servir agora \u00e9 minha op\u00e7\u00e3o.<\/p>\n","protected":false},"excerpt":{"rendered":"<p>Mongol &amp; S\u00e9rgio D\u00e2maso Senhor quero pedir perd\u00e3o porque me afastei de ti em minha vida Senhor pega na minha m\u00e3o nessa estrada e ilumina o meu caminho. Fa\u00e7a do meu cora\u00e7\u00e3o sua casa e moradia que a bondade seja minha serventia que eu transforme as palavras em a\u00e7\u00f5es no dia a dia instrumento do [&hellip;]<\/p>\n","protected":false},"author":1,"featured_media":0,"parent":0,"menu_order":0,"comment_status":"closed","ping_status":"closed","template":"","meta":[],"_links":{"self":[{"href":"https:\/\/sergiodamaso.com.br\/index.php\/wp-json\/wp\/v2\/pages\/529"}],"collection":[{"href":"https:\/\/sergiodamaso.com.br\/index.php\/wp-json\/wp\/v2\/pages"}],"about":[{"href":"https:\/\/sergiodamaso.com.br\/index.php\/wp-json\/wp\/v2\/types\/page"}],"author":[{"embeddable":true,"href":"https:\/\/sergiodamaso.com.br\/index.php\/wp-json\/wp\/v2\/users\/1"}],"replies":[{"embeddable":true,"href":"https:\/\/sergiodamaso.com.br\/index.php\/wp-json\/wp\/v2\/comments?post=529"}],"version-history":[{"count":2,"href":"https:\/\/sergiodamaso.com.br\/index.php\/wp-json\/wp\/v2\/pages\/529\/revisions"}],"predecessor-version":[{"id":966,"href":"https:\/\/sergiodamaso.com.br\/index.php\/wp-json\/wp\/v2\/pages\/529\/revisions\/966"}],"wp:attachment":[{"href":"https:\/\/sergiodamaso.com.br\/index.php\/wp-json\/wp\/v2\/media?parent=529"}],"curies":[{"name":"wp","href":"https:\/\/api.w.org\/{rel}","templated":true}]}}