{"id":526,"date":"2024-02-29T09:04:08","date_gmt":"2024-02-29T12:04:08","guid":{"rendered":"https:\/\/sergiodamaso.com.br\/?page_id=526"},"modified":"2024-03-17T00:50:15","modified_gmt":"2024-03-17T03:50:15","slug":"se-ele-faz-como-eu","status":"publish","type":"page","link":"https:\/\/sergiodamaso.com.br\/index.php\/se-ele-faz-como-eu\/","title":{"rendered":"SE ELE FAZ COMO EU"},"content":{"rendered":"\n<figure class=\"wp-block-audio\"><audio controls src=\"https:\/\/sergiodamaso.com.br\/wp-content\/uploads\/2024\/02\/Se-ele-faz-como-eu.mp3\"><\/audio><\/figure>\n\n\n\n<p><strong><em>Mongol &amp; S\u00e9rgio D\u00e2maso<\/em><\/strong><\/p>\n\n\n\n<p>Eu quero saber<\/p>\n\n\n\n<p>se ele comer\u00e1 gostoso como eu<\/p>\n\n\n\n<p>se lambuzar\u00e1 a boca como eu<\/p>\n\n\n\n<p>olhando pra voc\u00ea.<\/p>\n\n\n\n<p>Eu quero saber<\/p>\n\n\n\n<p>se ele far\u00e1 isso na cozinha<\/p>\n\n\n\n<p>na cama de noite de manh\u00e3<\/p>\n\n\n\n<p>em qualquer lugar da tua casa.<\/p>\n\n\n\n<p>Como fiz com aquele bolo que voc\u00ea me fez<\/p>\n\n\n\n<p>que mexeu e remexeu a massa com tanta paix\u00e3o<\/p>\n\n\n\n<p>depois saiu do nosso fogo<\/p>\n\n\n\n<p>um amor recheado com tanta ilus\u00e3o.<\/p>\n\n\n\n<p>O bolo que lhe deu ele vai ganhar<\/p>\n\n\n\n<p>mas diferente \u00e9 o meu amor<\/p>\n\n\n\n<p>ele \u00e9 quem de voc\u00ea n\u00e3o vai esquecer<\/p>\n\n\n\n<p>voc\u00ea vai sonhar comigo<\/p>\n\n\n\n<p>e sorrir quando acordar.<\/p>\n\n\n\n<p>Se voc\u00ea me perder a culpa n\u00e3o \u00e9 minha meu amor<\/p>\n\n\n\n<p>eu n\u00e3o poderei nada fazer<\/p>\n\n\n\n<p>porque voc\u00ea me enganou ou n\u00e3o<\/p>\n\n\n\n<p>mas quero saber se ele<\/p>\n\n\n\n<p>comer\u00e1 teu bolo como eu<\/p>\n\n\n\n<p>olhando pra voc\u00ea comendo com olhos como eu degustei voc\u00ea.<\/p>\n","protected":false},"excerpt":{"rendered":"<p>Mongol &amp; S\u00e9rgio D\u00e2maso Eu quero saber se ele comer\u00e1 gostoso como eu se lambuzar\u00e1 a boca como eu olhando pra voc\u00ea. Eu quero saber se ele far\u00e1 isso na cozinha na cama de noite de manh\u00e3 em qualquer lugar da tua casa. Como fiz com aquele bolo que voc\u00ea me fez que mexeu e [&hellip;]<\/p>\n","protected":false},"author":1,"featured_media":0,"parent":0,"menu_order":0,"comment_status":"closed","ping_status":"closed","template":"","meta":[],"_links":{"self":[{"href":"https:\/\/sergiodamaso.com.br\/index.php\/wp-json\/wp\/v2\/pages\/526"}],"collection":[{"href":"https:\/\/sergiodamaso.com.br\/index.php\/wp-json\/wp\/v2\/pages"}],"about":[{"href":"https:\/\/sergiodamaso.com.br\/index.php\/wp-json\/wp\/v2\/types\/page"}],"author":[{"embeddable":true,"href":"https:\/\/sergiodamaso.com.br\/index.php\/wp-json\/wp\/v2\/users\/1"}],"replies":[{"embeddable":true,"href":"https:\/\/sergiodamaso.com.br\/index.php\/wp-json\/wp\/v2\/comments?post=526"}],"version-history":[{"count":2,"href":"https:\/\/sergiodamaso.com.br\/index.php\/wp-json\/wp\/v2\/pages\/526\/revisions"}],"predecessor-version":[{"id":965,"href":"https:\/\/sergiodamaso.com.br\/index.php\/wp-json\/wp\/v2\/pages\/526\/revisions\/965"}],"wp:attachment":[{"href":"https:\/\/sergiodamaso.com.br\/index.php\/wp-json\/wp\/v2\/media?parent=526"}],"curies":[{"name":"wp","href":"https:\/\/api.w.org\/{rel}","templated":true}]}}