{"id":520,"date":"2024-02-29T09:01:32","date_gmt":"2024-02-29T12:01:32","guid":{"rendered":"https:\/\/sergiodamaso.com.br\/?page_id=520"},"modified":"2024-03-17T00:49:26","modified_gmt":"2024-03-17T03:49:26","slug":"sai-azar","status":"publish","type":"page","link":"https:\/\/sergiodamaso.com.br\/index.php\/sai-azar\/","title":{"rendered":"SAI AZAR"},"content":{"rendered":"\n<figure class=\"wp-block-audio\"><audio controls src=\"https:\/\/sergiodamaso.com.br\/wp-content\/uploads\/2024\/02\/Sai-azar.mp3\"><\/audio><\/figure>\n\n\n\n<p><strong><em>Mongol &amp; S\u00e9rgio D\u00e2maso<\/em><\/strong><\/p>\n\n\n\n<p>Sinh\u00f4 pediu um palpite falei avestruz<\/p>\n\n\n\n<p>sai azar sai azar<\/p>\n\n\n\n<p>deu cabra na cabe\u00e7a sem verificar.<\/p>\n\n\n\n<p>Sinh\u00f4 se pede um palpite que \u00e9 pra ganhar<\/p>\n\n\n\n<p>sai azar sai azar<\/p>\n\n\n\n<p>podia dar vaga pra voc\u00ea mamar<\/p>\n\n\n\n<p>sai azar sai azar.<\/p>\n\n\n\n<p>Mas sinh\u00f4 se nenhum palpite te apetitar<\/p>\n\n\n\n<p>tem pav\u00e3o le\u00e3o peru e o porco pra te agradar<\/p>\n\n\n\n<p>pra fazer uma feijoada pra melhorar<\/p>\n\n\n\n<p>sai azar sai azar de mim sai azar.<\/p>\n","protected":false},"excerpt":{"rendered":"<p>Mongol &amp; S\u00e9rgio D\u00e2maso Sinh\u00f4 pediu um palpite falei avestruz sai azar sai azar deu cabra na cabe\u00e7a sem verificar. Sinh\u00f4 se pede um palpite que \u00e9 pra ganhar sai azar sai azar podia dar vaga pra voc\u00ea mamar sai azar sai azar. Mas sinh\u00f4 se nenhum palpite te apetitar tem pav\u00e3o le\u00e3o peru e [&hellip;]<\/p>\n","protected":false},"author":1,"featured_media":0,"parent":0,"menu_order":0,"comment_status":"closed","ping_status":"closed","template":"","meta":[],"_links":{"self":[{"href":"https:\/\/sergiodamaso.com.br\/index.php\/wp-json\/wp\/v2\/pages\/520"}],"collection":[{"href":"https:\/\/sergiodamaso.com.br\/index.php\/wp-json\/wp\/v2\/pages"}],"about":[{"href":"https:\/\/sergiodamaso.com.br\/index.php\/wp-json\/wp\/v2\/types\/page"}],"author":[{"embeddable":true,"href":"https:\/\/sergiodamaso.com.br\/index.php\/wp-json\/wp\/v2\/users\/1"}],"replies":[{"embeddable":true,"href":"https:\/\/sergiodamaso.com.br\/index.php\/wp-json\/wp\/v2\/comments?post=520"}],"version-history":[{"count":2,"href":"https:\/\/sergiodamaso.com.br\/index.php\/wp-json\/wp\/v2\/pages\/520\/revisions"}],"predecessor-version":[{"id":964,"href":"https:\/\/sergiodamaso.com.br\/index.php\/wp-json\/wp\/v2\/pages\/520\/revisions\/964"}],"wp:attachment":[{"href":"https:\/\/sergiodamaso.com.br\/index.php\/wp-json\/wp\/v2\/media?parent=520"}],"curies":[{"name":"wp","href":"https:\/\/api.w.org\/{rel}","templated":true}]}}