{"id":517,"date":"2024-02-29T09:00:05","date_gmt":"2024-02-29T12:00:05","guid":{"rendered":"https:\/\/sergiodamaso.com.br\/?page_id=517"},"modified":"2024-03-17T00:48:55","modified_gmt":"2024-03-17T03:48:55","slug":"repente","status":"publish","type":"page","link":"https:\/\/sergiodamaso.com.br\/index.php\/repente\/","title":{"rendered":"REPENTE"},"content":{"rendered":"\n<figure class=\"wp-block-audio\"><audio controls src=\"https:\/\/sergiodamaso.com.br\/wp-content\/uploads\/2024\/02\/Repente.mp3\"><\/audio><\/figure>\n\n\n\n<p><strong><em>Mongol &amp; S\u00e9rgio D\u00e2maso<\/em><\/strong><\/p>\n\n\n\n<p>N\u00e3o foi de repente foi num repente<\/p>\n\n\n\n<p>que ganhei voc\u00ea novamente<\/p>\n\n\n\n<p>bota fogo nessa m\u00fasica<\/p>\n\n\n\n<p>oh! meu amor oh! meu amor.<\/p>\n\n\n\n<p>\u00c9 fogo \u00e9 paix\u00e3o \u00e9 perdi\u00e7\u00e3o<\/p>\n\n\n\n<p>\u00e9 tanto barulho que nem sei<\/p>\n\n\n\n<p>se \u00e9 tua voz ou \u00e9 o teu tes\u0101o<\/p>\n\n\n\n<p>\u00e9 nosso amor s\u00f3 pode ser.<\/p>\n\n\n\n<p>Pode ser uma ilus\u00e3o psicod\u00e9lica<\/p>\n\n\n\n<p>ou uma perturba\u00e7\u00e3o esquizofr\u00eanica<\/p>\n\n\n\n<p>mas eu acho que isso tudo \u00e9 somente<\/p>\n\n\n\n<p>o nosso amor o nosso amor.<\/p>\n\n\n\n<p>Se viajo pelos astros vem comigo<\/p>\n\n\n\n<p>vamos viver juntos vamos amar<\/p>\n\n\n\n<p>vamos abra\u00e7ar beijar vamos sentir<\/p>\n\n\n\n<p>o nosso tes\u0101o.<\/p>\n","protected":false},"excerpt":{"rendered":"<p>Mongol &amp; S\u00e9rgio D\u00e2maso N\u00e3o foi de repente foi num repente que ganhei voc\u00ea novamente bota fogo nessa m\u00fasica oh! meu amor oh! meu amor. \u00c9 fogo \u00e9 paix\u00e3o \u00e9 perdi\u00e7\u00e3o \u00e9 tanto barulho que nem sei se \u00e9 tua voz ou \u00e9 o teu tes\u0101o \u00e9 nosso amor s\u00f3 pode ser. Pode ser uma [&hellip;]<\/p>\n","protected":false},"author":1,"featured_media":0,"parent":0,"menu_order":0,"comment_status":"closed","ping_status":"closed","template":"","meta":[],"_links":{"self":[{"href":"https:\/\/sergiodamaso.com.br\/index.php\/wp-json\/wp\/v2\/pages\/517"}],"collection":[{"href":"https:\/\/sergiodamaso.com.br\/index.php\/wp-json\/wp\/v2\/pages"}],"about":[{"href":"https:\/\/sergiodamaso.com.br\/index.php\/wp-json\/wp\/v2\/types\/page"}],"author":[{"embeddable":true,"href":"https:\/\/sergiodamaso.com.br\/index.php\/wp-json\/wp\/v2\/users\/1"}],"replies":[{"embeddable":true,"href":"https:\/\/sergiodamaso.com.br\/index.php\/wp-json\/wp\/v2\/comments?post=517"}],"version-history":[{"count":2,"href":"https:\/\/sergiodamaso.com.br\/index.php\/wp-json\/wp\/v2\/pages\/517\/revisions"}],"predecessor-version":[{"id":963,"href":"https:\/\/sergiodamaso.com.br\/index.php\/wp-json\/wp\/v2\/pages\/517\/revisions\/963"}],"wp:attachment":[{"href":"https:\/\/sergiodamaso.com.br\/index.php\/wp-json\/wp\/v2\/media?parent=517"}],"curies":[{"name":"wp","href":"https:\/\/api.w.org\/{rel}","templated":true}]}}