{"id":514,"date":"2024-02-29T08:59:01","date_gmt":"2024-02-29T11:59:01","guid":{"rendered":"https:\/\/sergiodamaso.com.br\/?page_id=514"},"modified":"2024-03-17T00:46:56","modified_gmt":"2024-03-17T03:46:56","slug":"quero-respirar-voce","status":"publish","type":"page","link":"https:\/\/sergiodamaso.com.br\/index.php\/quero-respirar-voce\/","title":{"rendered":"QUERO RESPIRAR VOC\u00ca"},"content":{"rendered":"\n<figure class=\"wp-block-audio\"><audio controls src=\"https:\/\/sergiodamaso.com.br\/wp-content\/uploads\/2024\/02\/Quero-respirar-voce.mp3\"><\/audio><\/figure>\n\n\n\n<p><strong><em>Mongol &amp; S\u00e9rgio D\u00e2maso<\/em><\/strong><\/p>\n\n\n\n<p>Quero respirar voc\u00ea<\/p>\n\n\n\n<p>Quero respirar voc\u00ea.<\/p>\n\n\n\n<p>Seu narizinho novinho<\/p>\n\n\n\n<p>respirou as cinzas das brasas<\/p>\n\n\n\n<p>que seus p\u00e9s coloridos<\/p>\n\n\n\n<p>com unhas vermelhas fogo.<\/p>\n\n\n\n<p>Deixaram no ch\u00e3o foi um furac\u00e3o<\/p>\n\n\n\n<p>quando voc\u00ea entrou dan\u00e7ando e cantando<\/p>\n\n\n\n<p>no palco iluminado logo te fitei<\/p>\n\n\n\n<p>e jamais esquecerei.<\/p>\n\n\n\n<p>Quero respirar voc\u00ea<\/p>\n\n\n\n<p>quero respirar voc\u00ea.<\/p>\n\n\n\n<p>Sua voz de veludo cantando<\/p>\n\n\n\n<p>como a lua canta pro sol<\/p>\n\n\n\n<p>como estrelas cantam pro c\u00e9u<\/p>\n\n\n\n<p>como terra canta pra chuva que cai.<\/p>\n\n\n\n<p>Eu vou cantar pra voc\u00ea meu bem<\/p>\n\n\n\n<p>quero respirar a lua o sol e voc\u00ea tamb\u00e9m<\/p>\n\n\n\n<p>quero respirar as estrelas o c\u00e9u a terra a chuva<\/p>\n\n\n\n<p>quero respirar as cinzas deixadas pelos<\/p>\n\n\n\n<p>seus p\u00e9s.<\/p>\n\n\n\n<p>Quero incendiar como um vulc\u00e3o incendeia<\/p>\n\n\n\n<p>agitar dentro de mim as mar\u00e9s<\/p>\n\n\n\n<p>com seu furac\u00e3o e lua cheia.<\/p>\n","protected":false},"excerpt":{"rendered":"<p>Mongol &amp; S\u00e9rgio D\u00e2maso Quero respirar voc\u00ea Quero respirar voc\u00ea. Seu narizinho novinho respirou as cinzas das brasas que seus p\u00e9s coloridos com unhas vermelhas fogo. Deixaram no ch\u00e3o foi um furac\u00e3o quando voc\u00ea entrou dan\u00e7ando e cantando no palco iluminado logo te fitei e jamais esquecerei. Quero respirar voc\u00ea quero respirar voc\u00ea. Sua voz [&hellip;]<\/p>\n","protected":false},"author":1,"featured_media":0,"parent":0,"menu_order":0,"comment_status":"closed","ping_status":"closed","template":"","meta":[],"_links":{"self":[{"href":"https:\/\/sergiodamaso.com.br\/index.php\/wp-json\/wp\/v2\/pages\/514"}],"collection":[{"href":"https:\/\/sergiodamaso.com.br\/index.php\/wp-json\/wp\/v2\/pages"}],"about":[{"href":"https:\/\/sergiodamaso.com.br\/index.php\/wp-json\/wp\/v2\/types\/page"}],"author":[{"embeddable":true,"href":"https:\/\/sergiodamaso.com.br\/index.php\/wp-json\/wp\/v2\/users\/1"}],"replies":[{"embeddable":true,"href":"https:\/\/sergiodamaso.com.br\/index.php\/wp-json\/wp\/v2\/comments?post=514"}],"version-history":[{"count":4,"href":"https:\/\/sergiodamaso.com.br\/index.php\/wp-json\/wp\/v2\/pages\/514\/revisions"}],"predecessor-version":[{"id":962,"href":"https:\/\/sergiodamaso.com.br\/index.php\/wp-json\/wp\/v2\/pages\/514\/revisions\/962"}],"wp:attachment":[{"href":"https:\/\/sergiodamaso.com.br\/index.php\/wp-json\/wp\/v2\/media?parent=514"}],"curies":[{"name":"wp","href":"https:\/\/api.w.org\/{rel}","templated":true}]}}