{"id":511,"date":"2024-02-29T08:56:36","date_gmt":"2024-02-29T11:56:36","guid":{"rendered":"https:\/\/sergiodamaso.com.br\/?page_id=511"},"modified":"2024-03-17T00:45:53","modified_gmt":"2024-03-17T03:45:53","slug":"quer-ser-feliz-novamente","status":"publish","type":"page","link":"https:\/\/sergiodamaso.com.br\/index.php\/quer-ser-feliz-novamente\/","title":{"rendered":"QUER SER FELIZ NOVAMENTE"},"content":{"rendered":"\n<figure class=\"wp-block-audio\"><audio controls src=\"https:\/\/sergiodamaso.com.br\/wp-content\/uploads\/2024\/02\/Quer-ser-feliz-novamente.mp3\"><\/audio><\/figure>\n\n\n\n<p><strong><em>Mongol e S\u00e9rgio D\u00e2maso<\/em><\/strong><\/p>\n\n\n\n<p>Quer ser feliz novamente<\/p>\n\n\n\n<p>ent\u00e3o venha comigo<\/p>\n\n\n\n<p>nunca mais ter\u00e1 desilus\u00e3o<\/p>\n\n\n\n<p>procurando um velho amor<\/p>\n\n\n\n<p>n\u00e3o perca tempo<\/p>\n\n\n\n<p>estou aqui t\u00e3o perto<\/p>\n\n\n\n<p>que escuto o teu cora\u00e7\u00e3o.<\/p>\n\n\n\n<p>Batendo t\u00e3o lentamente<\/p>\n\n\n\n<p>\u00e9 s\u00f3 voc\u00ea me vir<\/p>\n\n\n\n<p>que sentir\u00e1 um novo amor<\/p>\n\n\n\n<p>colado a voc\u00ea<\/p>\n\n\n\n<p>para nunca esquecer<\/p>\n\n\n\n<p>\u00e9 s\u00f3 chamar que eu vou.<\/p>\n","protected":false},"excerpt":{"rendered":"<p>Mongol e S\u00e9rgio D\u00e2maso Quer ser feliz novamente ent\u00e3o venha comigo nunca mais ter\u00e1 desilus\u00e3o procurando um velho amor n\u00e3o perca tempo estou aqui t\u00e3o perto que escuto o teu cora\u00e7\u00e3o. Batendo t\u00e3o lentamente \u00e9 s\u00f3 voc\u00ea me vir que sentir\u00e1 um novo amor colado a voc\u00ea para nunca esquecer \u00e9 s\u00f3 chamar que eu [&hellip;]<\/p>\n","protected":false},"author":1,"featured_media":0,"parent":0,"menu_order":0,"comment_status":"closed","ping_status":"closed","template":"","meta":[],"_links":{"self":[{"href":"https:\/\/sergiodamaso.com.br\/index.php\/wp-json\/wp\/v2\/pages\/511"}],"collection":[{"href":"https:\/\/sergiodamaso.com.br\/index.php\/wp-json\/wp\/v2\/pages"}],"about":[{"href":"https:\/\/sergiodamaso.com.br\/index.php\/wp-json\/wp\/v2\/types\/page"}],"author":[{"embeddable":true,"href":"https:\/\/sergiodamaso.com.br\/index.php\/wp-json\/wp\/v2\/users\/1"}],"replies":[{"embeddable":true,"href":"https:\/\/sergiodamaso.com.br\/index.php\/wp-json\/wp\/v2\/comments?post=511"}],"version-history":[{"count":2,"href":"https:\/\/sergiodamaso.com.br\/index.php\/wp-json\/wp\/v2\/pages\/511\/revisions"}],"predecessor-version":[{"id":961,"href":"https:\/\/sergiodamaso.com.br\/index.php\/wp-json\/wp\/v2\/pages\/511\/revisions\/961"}],"wp:attachment":[{"href":"https:\/\/sergiodamaso.com.br\/index.php\/wp-json\/wp\/v2\/media?parent=511"}],"curies":[{"name":"wp","href":"https:\/\/api.w.org\/{rel}","templated":true}]}}