{"id":508,"date":"2024-02-29T08:55:17","date_gmt":"2024-02-29T11:55:17","guid":{"rendered":"https:\/\/sergiodamaso.com.br\/?page_id=508"},"modified":"2024-03-17T00:44:46","modified_gmt":"2024-03-17T03:44:46","slug":"quem-quer-ser-feliz-agora","status":"publish","type":"page","link":"https:\/\/sergiodamaso.com.br\/index.php\/quem-quer-ser-feliz-agora\/","title":{"rendered":"QUEM QUER SER FELIZ AGORA"},"content":{"rendered":"\n<figure class=\"wp-block-audio\"><audio controls src=\"https:\/\/sergiodamaso.com.br\/wp-content\/uploads\/2024\/02\/Quem-quer-ser-feliz-agora.mp3\"><\/audio><\/figure>\n\n\n\n<p><strong><em>Mongol &amp; S\u00e9rgio D\u00e2maso<\/em><\/strong><\/p>\n\n\n\n<p>Quem quer ser feliz agora<\/p>\n\n\n\n<p>quem n\u00e3o ama d\u00e1 o fora<\/p>\n\n\n\n<p>saia de fininho bem devagarinho<\/p>\n\n\n\n<p>o amor veio pra ficar.<\/p>\n\n\n\n<p>Cora\u00e7\u00e3o desperto<\/p>\n\n\n\n<p>bra\u00e7os esperando<\/p>\n\n\n\n<p>um amor para apertar.<\/p>\n\n\n\n<p>Suar arrepiar querer amar<\/p>\n\n\n\n<p>para nunca mais ficar<\/p>\n\n\n\n<p>chorando de tanto desejo<\/p>\n\n\n\n<p>um rio de l\u00e1grimas o amor afogado<\/p>\n\n\n\n<p>despeja um beijo sincero<\/p>\n\n\n\n<p>um sorriso aberto o amor vai chegar.<\/p>\n","protected":false},"excerpt":{"rendered":"<p>Mongol &amp; S\u00e9rgio D\u00e2maso Quem quer ser feliz agora quem n\u00e3o ama d\u00e1 o fora saia de fininho bem devagarinho o amor veio pra ficar. Cora\u00e7\u00e3o desperto bra\u00e7os esperando um amor para apertar. Suar arrepiar querer amar para nunca mais ficar chorando de tanto desejo um rio de l\u00e1grimas o amor afogado despeja um beijo [&hellip;]<\/p>\n","protected":false},"author":1,"featured_media":0,"parent":0,"menu_order":0,"comment_status":"closed","ping_status":"closed","template":"","meta":[],"_links":{"self":[{"href":"https:\/\/sergiodamaso.com.br\/index.php\/wp-json\/wp\/v2\/pages\/508"}],"collection":[{"href":"https:\/\/sergiodamaso.com.br\/index.php\/wp-json\/wp\/v2\/pages"}],"about":[{"href":"https:\/\/sergiodamaso.com.br\/index.php\/wp-json\/wp\/v2\/types\/page"}],"author":[{"embeddable":true,"href":"https:\/\/sergiodamaso.com.br\/index.php\/wp-json\/wp\/v2\/users\/1"}],"replies":[{"embeddable":true,"href":"https:\/\/sergiodamaso.com.br\/index.php\/wp-json\/wp\/v2\/comments?post=508"}],"version-history":[{"count":2,"href":"https:\/\/sergiodamaso.com.br\/index.php\/wp-json\/wp\/v2\/pages\/508\/revisions"}],"predecessor-version":[{"id":960,"href":"https:\/\/sergiodamaso.com.br\/index.php\/wp-json\/wp\/v2\/pages\/508\/revisions\/960"}],"wp:attachment":[{"href":"https:\/\/sergiodamaso.com.br\/index.php\/wp-json\/wp\/v2\/media?parent=508"}],"curies":[{"name":"wp","href":"https:\/\/api.w.org\/{rel}","templated":true}]}}