{"id":505,"date":"2024-02-29T08:47:49","date_gmt":"2024-02-29T11:47:49","guid":{"rendered":"https:\/\/sergiodamaso.com.br\/?page_id=505"},"modified":"2024-03-17T00:17:55","modified_gmt":"2024-03-17T03:17:55","slug":"mandinga-da-feira","status":"publish","type":"page","link":"https:\/\/sergiodamaso.com.br\/index.php\/mandinga-da-feira\/","title":{"rendered":"MANDINGA DA FEIRA"},"content":{"rendered":"\n<figure class=\"wp-block-audio\"><audio controls src=\"https:\/\/sergiodamaso.com.br\/wp-content\/uploads\/2024\/02\/Que-feira-e-ssa.mp3\"><\/audio><\/figure>\n\n\n\n<p><strong><em>Mongol &amp; S\u00e9rgio D\u00e2maso<\/em><\/strong><\/p>\n\n\n\n<p>Coco jab\u00e1<\/p>\n\n\n\n<p>amendoim quindim<\/p>\n\n\n\n<p>tudo na feira tem pra vender<\/p>\n\n\n\n<p>gato pato peru<\/p>\n\n\n\n<p>galinha urubu<\/p>\n\n\n\n<p>\u00e9 s\u00f3 pedir que vai comprar.<\/p>\n\n\n\n<p>Fumo de rolo cacha\u00e7a palha<\/p>\n\n\n\n<p>na banca da Maria tudo tem<\/p>\n\n\n\n<p>licor de pequi pra quem trabalha<\/p>\n\n\n\n<p>precisa tomar depois fumar.<\/p>\n\n\n\n<p>Fazer mandinga<\/p>\n\n\n\n<p>tamb\u00e9m tem<\/p>\n\n\n\n<p>charuto sal grosso<\/p>\n\n\n\n<p>vela alho<\/p>\n\n\n\n<p>depois de rezar tudo pedir<\/p>\n\n\n\n<p>sai azar mau-olhado de mim.<\/p>\n\n\n\n<p>Que feira \u00e9 essa<\/p>\n\n\n\n<p>que tudo tem<\/p>\n\n\n\n<p>sexta-feira l\u00e1 n\u00e3o vou nada comprar<\/p>\n\n\n\n<p>segue o caminho na encruzilhada<\/p>\n\n\n\n<p>ao passar nada se v\u00ea<\/p>\n\n\n\n<p>guin\u00e9 dend\u00ea a me proteger<\/p>\n\n\n\n<p>tem espada de S\u00e3o Jorge<\/p>\n\n\n\n<p>e o povo vem<\/p>\n\n\n\n<p>na feira que tudo tem.<\/p>\n","protected":false},"excerpt":{"rendered":"<p>Mongol &amp; S\u00e9rgio D\u00e2maso Coco jab\u00e1 amendoim quindim tudo na feira tem pra vender gato pato peru galinha urubu \u00e9 s\u00f3 pedir que vai comprar. Fumo de rolo cacha\u00e7a palha na banca da Maria tudo tem licor de pequi pra quem trabalha precisa tomar depois fumar. Fazer mandinga tamb\u00e9m tem charuto sal grosso vela alho [&hellip;]<\/p>\n","protected":false},"author":1,"featured_media":0,"parent":0,"menu_order":0,"comment_status":"closed","ping_status":"closed","template":"","meta":[],"_links":{"self":[{"href":"https:\/\/sergiodamaso.com.br\/index.php\/wp-json\/wp\/v2\/pages\/505"}],"collection":[{"href":"https:\/\/sergiodamaso.com.br\/index.php\/wp-json\/wp\/v2\/pages"}],"about":[{"href":"https:\/\/sergiodamaso.com.br\/index.php\/wp-json\/wp\/v2\/types\/page"}],"author":[{"embeddable":true,"href":"https:\/\/sergiodamaso.com.br\/index.php\/wp-json\/wp\/v2\/users\/1"}],"replies":[{"embeddable":true,"href":"https:\/\/sergiodamaso.com.br\/index.php\/wp-json\/wp\/v2\/comments?post=505"}],"version-history":[{"count":2,"href":"https:\/\/sergiodamaso.com.br\/index.php\/wp-json\/wp\/v2\/pages\/505\/revisions"}],"predecessor-version":[{"id":932,"href":"https:\/\/sergiodamaso.com.br\/index.php\/wp-json\/wp\/v2\/pages\/505\/revisions\/932"}],"wp:attachment":[{"href":"https:\/\/sergiodamaso.com.br\/index.php\/wp-json\/wp\/v2\/media?parent=505"}],"curies":[{"name":"wp","href":"https:\/\/api.w.org\/{rel}","templated":true}]}}