{"id":496,"date":"2024-02-29T08:40:02","date_gmt":"2024-02-29T11:40:02","guid":{"rendered":"https:\/\/sergiodamaso.com.br\/?page_id=496"},"modified":"2024-03-17T00:42:32","modified_gmt":"2024-03-17T03:42:32","slug":"quando-lembro-dela","status":"publish","type":"page","link":"https:\/\/sergiodamaso.com.br\/index.php\/quando-lembro-dela\/","title":{"rendered":"QUANDO LEMBRO DELA"},"content":{"rendered":"\n<figure class=\"wp-block-audio\"><audio controls src=\"https:\/\/sergiodamaso.com.br\/wp-content\/uploads\/2024\/02\/Quando-lembro-dela-.mp3\"><\/audio><\/figure>\n\n\n\n<p><strong><em>Mongol &amp; S\u00e9rgio D\u00e2maso<\/em><\/strong><\/p>\n\n\n\n<p>Quando eu lembro dela t\u00e3o bela<\/p>\n\n\n\n<p>andando na praia t\u00e3o linda na beira do mar<\/p>\n\n\n\n<p>achei que era tarde a manh\u00e3 t\u00e3o serena<\/p>\n\n\n\n<p>olhando a pequena singela a passar.<\/p>\n\n\n\n<p>A cor de canela na pele morena<\/p>\n\n\n\n<p>e o azul que guarda o segredo do mar<\/p>\n\n\n\n<p>se n\u00e3o foi miragem foi uma imagem<\/p>\n\n\n\n<p>daquelas que o tempo vai querer guardar.<\/p>\n\n\n\n<p>Conte teus segredos oh! mar<\/p>\n\n\n\n<p>de tuas sereias oh! mar<\/p>\n\n\n\n<p>as hist\u00f3rias dos teus amores<\/p>\n\n\n\n<p>de teus pescadores.<\/p>\n\n\n\n<p>Que quando o inverno chegar<\/p>\n\n\n\n<p>e a noite n\u00e3o tiver luar<\/p>\n\n\n\n<p>vai ficar na minha vis\u00e3o<\/p>\n\n\n\n<p>essa paix\u00e3o.<\/p>\n","protected":false},"excerpt":{"rendered":"<p>Mongol &amp; S\u00e9rgio D\u00e2maso Quando eu lembro dela t\u00e3o bela andando na praia t\u00e3o linda na beira do mar achei que era tarde a manh\u00e3 t\u00e3o serena olhando a pequena singela a passar. A cor de canela na pele morena e o azul que guarda o segredo do mar se n\u00e3o foi miragem foi uma [&hellip;]<\/p>\n","protected":false},"author":1,"featured_media":0,"parent":0,"menu_order":0,"comment_status":"closed","ping_status":"closed","template":"","meta":[],"_links":{"self":[{"href":"https:\/\/sergiodamaso.com.br\/index.php\/wp-json\/wp\/v2\/pages\/496"}],"collection":[{"href":"https:\/\/sergiodamaso.com.br\/index.php\/wp-json\/wp\/v2\/pages"}],"about":[{"href":"https:\/\/sergiodamaso.com.br\/index.php\/wp-json\/wp\/v2\/types\/page"}],"author":[{"embeddable":true,"href":"https:\/\/sergiodamaso.com.br\/index.php\/wp-json\/wp\/v2\/users\/1"}],"replies":[{"embeddable":true,"href":"https:\/\/sergiodamaso.com.br\/index.php\/wp-json\/wp\/v2\/comments?post=496"}],"version-history":[{"count":2,"href":"https:\/\/sergiodamaso.com.br\/index.php\/wp-json\/wp\/v2\/pages\/496\/revisions"}],"predecessor-version":[{"id":957,"href":"https:\/\/sergiodamaso.com.br\/index.php\/wp-json\/wp\/v2\/pages\/496\/revisions\/957"}],"wp:attachment":[{"href":"https:\/\/sergiodamaso.com.br\/index.php\/wp-json\/wp\/v2\/media?parent=496"}],"curies":[{"name":"wp","href":"https:\/\/api.w.org\/{rel}","templated":true}]}}