{"id":491,"date":"2024-02-29T08:26:47","date_gmt":"2024-02-29T11:26:47","guid":{"rendered":"https:\/\/sergiodamaso.com.br\/?page_id=491"},"modified":"2024-03-17T00:36:36","modified_gmt":"2024-03-17T03:36:36","slug":"perdicao","status":"publish","type":"page","link":"https:\/\/sergiodamaso.com.br\/index.php\/perdicao\/","title":{"rendered":"PERDI\u00c7\u00c3O"},"content":{"rendered":"\n<figure class=\"wp-block-audio\"><audio controls src=\"https:\/\/sergiodamaso.com.br\/wp-content\/uploads\/2024\/03\/Perdicao.mp3\"><\/audio><\/figure>\n\n\n\n<p><strong><em>Mongol &amp; S\u00e9rgio D\u00e2maso<\/em><\/strong><\/p>\n\n\n\n<p>Rosa \u00e9 teu batom colorido<\/p>\n\n\n\n<p>verde tem os teus olhos<\/p>\n\n\n\n<p>vermelho \u00e9 teu cora\u00e7\u00e3o<\/p>\n\n\n\n<p>amarelo fiquei como eu fiquei ent\u00e3o.<\/p>\n\n\n\n<p>Longe de voc\u00ea tentando esquecer<\/p>\n\n\n\n<p>a cor do teu sorriso<\/p>\n\n\n\n<p>no risco de te perder<\/p>\n\n\n\n<p>no pecado e na perdi\u00e7\u00e3o.<\/p>\n\n\n\n<p>Quanta tenta\u00e7\u00e3o \u00e9 voc\u00ea<\/p>\n\n\n\n<p>quanto cl\u00edmax \u00e9 voc\u00ea<\/p>\n\n\n\n<p>perigo \u00e9 ter voc\u00ea<\/p>\n\n\n\n<p>num canto do meu cora\u00e7\u00e3o.<\/p>\n\n\n\n<p>Oh! como d\u00f3i como corroe<\/p>\n\n\n\n<p>come\u00e7ar de novo um amor<\/p>\n\n\n\n<p>como destr\u00f3i oh! como d\u00f3i<\/p>\n\n\n\n<p>cantar voc\u00ea novamente nessa can\u00e7\u00e3o.<\/p>\n","protected":false},"excerpt":{"rendered":"<p>Mongol &amp; S\u00e9rgio D\u00e2maso Rosa \u00e9 teu batom colorido verde tem os teus olhos vermelho \u00e9 teu cora\u00e7\u00e3o amarelo fiquei como eu fiquei ent\u00e3o. Longe de voc\u00ea tentando esquecer a cor do teu sorriso no risco de te perder no pecado e na perdi\u00e7\u00e3o. Quanta tenta\u00e7\u00e3o \u00e9 voc\u00ea quanto cl\u00edmax \u00e9 voc\u00ea perigo \u00e9 ter [&hellip;]<\/p>\n","protected":false},"author":1,"featured_media":0,"parent":0,"menu_order":0,"comment_status":"closed","ping_status":"closed","template":"","meta":[],"_links":{"self":[{"href":"https:\/\/sergiodamaso.com.br\/index.php\/wp-json\/wp\/v2\/pages\/491"}],"collection":[{"href":"https:\/\/sergiodamaso.com.br\/index.php\/wp-json\/wp\/v2\/pages"}],"about":[{"href":"https:\/\/sergiodamaso.com.br\/index.php\/wp-json\/wp\/v2\/types\/page"}],"author":[{"embeddable":true,"href":"https:\/\/sergiodamaso.com.br\/index.php\/wp-json\/wp\/v2\/users\/1"}],"replies":[{"embeddable":true,"href":"https:\/\/sergiodamaso.com.br\/index.php\/wp-json\/wp\/v2\/comments?post=491"}],"version-history":[{"count":3,"href":"https:\/\/sergiodamaso.com.br\/index.php\/wp-json\/wp\/v2\/pages\/491\/revisions"}],"predecessor-version":[{"id":955,"href":"https:\/\/sergiodamaso.com.br\/index.php\/wp-json\/wp\/v2\/pages\/491\/revisions\/955"}],"wp:attachment":[{"href":"https:\/\/sergiodamaso.com.br\/index.php\/wp-json\/wp\/v2\/media?parent=491"}],"curies":[{"name":"wp","href":"https:\/\/api.w.org\/{rel}","templated":true}]}}