{"id":488,"date":"2024-02-29T00:57:16","date_gmt":"2024-02-29T03:57:16","guid":{"rendered":"https:\/\/sergiodamaso.com.br\/?page_id=488"},"modified":"2024-03-17T00:35:53","modified_gmt":"2024-03-17T03:35:53","slug":"pele-de-cetim","status":"publish","type":"page","link":"https:\/\/sergiodamaso.com.br\/index.php\/pele-de-cetim\/","title":{"rendered":"PELE DE CETIM"},"content":{"rendered":"\n<figure class=\"wp-block-audio\"><audio controls src=\"https:\/\/sergiodamaso.com.br\/wp-content\/uploads\/2024\/02\/Pele-de-cetim.mp3\"><\/audio><\/figure>\n\n\n\n<p><strong><em>Mongol &amp; S\u00e9rgio D\u00e2maso<\/em><\/strong><\/p>\n\n\n\n<p>Morrer \u00e9 como me esquecer<\/p>\n\n\n\n<p>por isso quero ouvir meu cora\u00e7\u00e3o<\/p>\n\n\n\n<p>at\u00e9 o dia amanhecer<\/p>\n\n\n\n<p>lembrando de voc\u00ea<\/p>\n\n\n\n<p>teus l\u00e1bios de carmim<\/p>\n\n\n\n<p>suavemente te beijar<\/p>\n\n\n\n<p>nos bra\u00e7os te guardar<\/p>\n\n\n\n<p>fazer amor sem fim.<\/p>\n\n\n\n<p>Voc\u00ea \u00e9 o para\u00edso da minha vida<\/p>\n\n\n\n<p>meu porto seguro<\/p>\n\n\n\n<p>meu destino meu cantar<\/p>\n\n\n\n<p>longe de voc\u00ea os dias n\u00e3o t\u00eam gra\u00e7a<\/p>\n\n\n\n<p>o sol triste deixa de brilhar.<\/p>\n\n\n\n<p>Com voc\u00ea o c\u00e9u \u00e9 o limite<\/p>\n\n\n\n<p>sem dor eu vejo despertar<\/p>\n\n\n\n<p>n\u00e3o v\u00e1! Segura a minha m\u00e3o<\/p>\n\n\n\n<p>me conta uma hist\u00f3ria<\/p>\n\n\n\n<p>n\u00e3o fala de partir de ir<\/p>\n\n\n\n<p>e ent\u00e3o sua pele de cetim<\/p>\n\n\n\n<p>ir\u00e1 me seduzir no nosso amor sem fim.<\/p>\n","protected":false},"excerpt":{"rendered":"<p>Mongol &amp; S\u00e9rgio D\u00e2maso Morrer \u00e9 como me esquecer por isso quero ouvir meu cora\u00e7\u00e3o at\u00e9 o dia amanhecer lembrando de voc\u00ea teus l\u00e1bios de carmim suavemente te beijar nos bra\u00e7os te guardar fazer amor sem fim. Voc\u00ea \u00e9 o para\u00edso da minha vida meu porto seguro meu destino meu cantar longe de voc\u00ea os [&hellip;]<\/p>\n","protected":false},"author":1,"featured_media":0,"parent":0,"menu_order":0,"comment_status":"closed","ping_status":"closed","template":"","meta":[],"_links":{"self":[{"href":"https:\/\/sergiodamaso.com.br\/index.php\/wp-json\/wp\/v2\/pages\/488"}],"collection":[{"href":"https:\/\/sergiodamaso.com.br\/index.php\/wp-json\/wp\/v2\/pages"}],"about":[{"href":"https:\/\/sergiodamaso.com.br\/index.php\/wp-json\/wp\/v2\/types\/page"}],"author":[{"embeddable":true,"href":"https:\/\/sergiodamaso.com.br\/index.php\/wp-json\/wp\/v2\/users\/1"}],"replies":[{"embeddable":true,"href":"https:\/\/sergiodamaso.com.br\/index.php\/wp-json\/wp\/v2\/comments?post=488"}],"version-history":[{"count":2,"href":"https:\/\/sergiodamaso.com.br\/index.php\/wp-json\/wp\/v2\/pages\/488\/revisions"}],"predecessor-version":[{"id":954,"href":"https:\/\/sergiodamaso.com.br\/index.php\/wp-json\/wp\/v2\/pages\/488\/revisions\/954"}],"wp:attachment":[{"href":"https:\/\/sergiodamaso.com.br\/index.php\/wp-json\/wp\/v2\/media?parent=488"}],"curies":[{"name":"wp","href":"https:\/\/api.w.org\/{rel}","templated":true}]}}