{"id":479,"date":"2024-02-29T00:42:32","date_gmt":"2024-02-29T03:42:32","guid":{"rendered":"https:\/\/sergiodamaso.com.br\/?page_id=479"},"modified":"2024-03-17T00:34:47","modified_gmt":"2024-03-17T03:34:47","slug":"patricinha","status":"publish","type":"page","link":"https:\/\/sergiodamaso.com.br\/index.php\/patricinha\/","title":{"rendered":"PATRICINHA"},"content":{"rendered":"\n<figure class=\"wp-block-audio\"><audio controls src=\"https:\/\/sergiodamaso.com.br\/wp-content\/uploads\/2024\/02\/Patricinha-.mp3\"><\/audio><\/figure>\n\n\n\n<p><strong><em>Mongol &amp; S\u00e9rgio D\u00e2maso<\/em><\/strong><\/p>\n\n\n\n<p>Ela pega seu BMW e sai de casa<\/p>\n\n\n\n<p>vai ao shopping arrasando com a sua saia curtinha<\/p>\n\n\n\n<p>faz chapinha no cabelo<\/p>\n\n\n\n<p>do sal\u00e3o direto pra Dudalina ai ai ai<\/p>\n\n\n\n<p>ser\u00e1 que existe chance dela ser a minha menina.<\/p>\n\n\n\n<p>Rotina semanal<\/p>\n\n\n\n<p>subindo e descendo a escada rolante<\/p>\n\n\n\n<p>alto astral<\/p>\n\n\n\n<p>ela liquida qualquer um com seu olhar fulminante.<\/p>\n\n\n\n<p>Ela chega e o para\u00edso \u00e9 aqui<\/p>\n\n\n\n<p>n\u00e3o sai daqui<\/p>\n\n\n\n<p>at\u00e9 quando ela sair<\/p>\n\n\n\n<p>n\u00e3o sai n\u00e3o sai n\u00e3o sai n\u00e3o sai n\u00e3o sai n\u00e3o sai daqui.<\/p>\n\n\n\n<p>at\u00e9 quando ela sair.<\/p>\n\n\n\n<p>Ela \u00e9 uma patricinha um docinho de coco<\/p>\n\n\n\n<p>uma gata belezinha de mulher que ela \u00e9<\/p>\n\n\n\n<p>o problema \u00e9 que eu quero um caso s\u00e9rio com essa flor de menina<\/p>\n\n\n\n<p>e a torcida do Flamengo e do Galo<\/p>\n\n\n\n<p>todo mundo quer.<\/p>\n\n\n\n<p>A do Corinthians do Cruzeiro e Fluminense<\/p>\n\n\n\n<p>todo mundo quer<\/p>\n\n\n\n<p>a do Palmeiras Santa Cruz e Figueirense<\/p>\n\n\n\n<p>todo mundo quer.<\/p>\n\n\n\n<p>A do S\u00e3o Paulo Botafogo e do Bahia<\/p>\n\n\n\n<p>todo mundo quer<\/p>\n\n\n\n<p>do Internacional do Remo e do Olaria<\/p>\n\n\n\n<p>todo mundo quer<\/p>\n\n\n\n<p>Do Coritiba e o Furac\u00e3o Paranaense<\/p>\n\n\n\n<p>todo mundo quer<\/p>\n\n\n\n<p>a do Vit\u00f3ria Santos e Chapecoense<\/p>\n\n\n\n<p>todo mundo quer.<\/p>\n\n\n\n<p>Do Vasco Gr\u00eamio e do Sport do Recife<\/p>\n\n\n\n<p>todo mundo quer<\/p>\n\n\n\n<p>a do Juventus e do Bayer de Munique<\/p>\n\n\n\n<p>todo mundo quer.<\/p>\n\n\n\n<p>Toda torcida do Oiapoque ao Chu\u00ed<\/p>\n\n\n\n<p>todo mundo quer<\/p>\n\n\n\n<p>do Barcelona e a do Real Madrid<\/p>\n\n\n\n<p>todo mundo quer.<\/p>\n\n\n\n<p>Do Paissandu do N\u00e1utico e do Guarani<\/p>\n\n\n\n<p>todo mundo quer<\/p>\n\n\n\n<p>do Treze de Campina Grande e a do Tupi<\/p>\n\n\n\n<p>todo mundo quer<\/p>\n\n\n\n<p>do Fortaleza do \u00cdbis do Cear\u00e1<\/p>\n\n\n\n<p>todo mundo quer<\/p>\n\n\n\n<p>meu Deus aonde ser\u00e1 que isso vai parar<\/p>\n\n\n\n<p>todo mundo quer.<\/p>\n","protected":false},"excerpt":{"rendered":"<p>Mongol &amp; S\u00e9rgio D\u00e2maso Ela pega seu BMW e sai de casa vai ao shopping arrasando com a sua saia curtinha faz chapinha no cabelo do sal\u00e3o direto pra Dudalina ai ai ai ser\u00e1 que existe chance dela ser a minha menina. Rotina semanal subindo e descendo a escada rolante alto astral ela liquida qualquer [&hellip;]<\/p>\n","protected":false},"author":1,"featured_media":0,"parent":0,"menu_order":0,"comment_status":"closed","ping_status":"closed","template":"","meta":[],"_links":{"self":[{"href":"https:\/\/sergiodamaso.com.br\/index.php\/wp-json\/wp\/v2\/pages\/479"}],"collection":[{"href":"https:\/\/sergiodamaso.com.br\/index.php\/wp-json\/wp\/v2\/pages"}],"about":[{"href":"https:\/\/sergiodamaso.com.br\/index.php\/wp-json\/wp\/v2\/types\/page"}],"author":[{"embeddable":true,"href":"https:\/\/sergiodamaso.com.br\/index.php\/wp-json\/wp\/v2\/users\/1"}],"replies":[{"embeddable":true,"href":"https:\/\/sergiodamaso.com.br\/index.php\/wp-json\/wp\/v2\/comments?post=479"}],"version-history":[{"count":2,"href":"https:\/\/sergiodamaso.com.br\/index.php\/wp-json\/wp\/v2\/pages\/479\/revisions"}],"predecessor-version":[{"id":953,"href":"https:\/\/sergiodamaso.com.br\/index.php\/wp-json\/wp\/v2\/pages\/479\/revisions\/953"}],"wp:attachment":[{"href":"https:\/\/sergiodamaso.com.br\/index.php\/wp-json\/wp\/v2\/media?parent=479"}],"curies":[{"name":"wp","href":"https:\/\/api.w.org\/{rel}","templated":true}]}}