{"id":476,"date":"2024-02-29T00:32:10","date_gmt":"2024-02-29T03:32:10","guid":{"rendered":"https:\/\/sergiodamaso.com.br\/?page_id=476"},"modified":"2024-03-17T00:33:55","modified_gmt":"2024-03-17T03:33:55","slug":"passarim","status":"publish","type":"page","link":"https:\/\/sergiodamaso.com.br\/index.php\/passarim\/","title":{"rendered":"PASSARIM"},"content":{"rendered":"\n<figure class=\"wp-block-audio\"><audio controls src=\"https:\/\/sergiodamaso.com.br\/wp-content\/uploads\/2024\/02\/PASSARIM.mp3\"><\/audio><\/figure>\n\n\n\n<p><strong><em>Mongol &amp; S\u00e9rgio D\u00e2maso<\/em><\/strong><\/p>\n\n\n\n<p>Passarim no ninho beija-flor na flor<\/p>\n\n\n\n<p>sabi\u00e1 que canta no galho<\/p>\n\n\n\n<p>molhado me diga.<\/p>\n\n\n\n<p>N\u00e3o esconde em qual roseira<\/p>\n\n\n\n<p>vou encontrar a flor do mel<\/p>\n\n\n\n<p>para sugar e degustar.<\/p>\n\n\n\n<p>Vou buscar o doce e o gozo<\/p>\n\n\n\n<p>viajar e me deliciar<\/p>\n\n\n\n<p>nos l\u00e1bios do meu desejo.<\/p>\n\n\n\n<p>L\u00e1 vou encontrar<\/p>\n\n\n\n<p>sem medo de ser feliz<\/p>\n\n\n\n<p>o doce mel do beijo dela.<\/p>\n","protected":false},"excerpt":{"rendered":"<p>Mongol &amp; S\u00e9rgio D\u00e2maso Passarim no ninho beija-flor na flor sabi\u00e1 que canta no galho molhado me diga. N\u00e3o esconde em qual roseira vou encontrar a flor do mel para sugar e degustar. Vou buscar o doce e o gozo viajar e me deliciar nos l\u00e1bios do meu desejo. L\u00e1 vou encontrar sem medo de [&hellip;]<\/p>\n","protected":false},"author":1,"featured_media":0,"parent":0,"menu_order":0,"comment_status":"closed","ping_status":"closed","template":"","meta":[],"_links":{"self":[{"href":"https:\/\/sergiodamaso.com.br\/index.php\/wp-json\/wp\/v2\/pages\/476"}],"collection":[{"href":"https:\/\/sergiodamaso.com.br\/index.php\/wp-json\/wp\/v2\/pages"}],"about":[{"href":"https:\/\/sergiodamaso.com.br\/index.php\/wp-json\/wp\/v2\/types\/page"}],"author":[{"embeddable":true,"href":"https:\/\/sergiodamaso.com.br\/index.php\/wp-json\/wp\/v2\/users\/1"}],"replies":[{"embeddable":true,"href":"https:\/\/sergiodamaso.com.br\/index.php\/wp-json\/wp\/v2\/comments?post=476"}],"version-history":[{"count":2,"href":"https:\/\/sergiodamaso.com.br\/index.php\/wp-json\/wp\/v2\/pages\/476\/revisions"}],"predecessor-version":[{"id":952,"href":"https:\/\/sergiodamaso.com.br\/index.php\/wp-json\/wp\/v2\/pages\/476\/revisions\/952"}],"wp:attachment":[{"href":"https:\/\/sergiodamaso.com.br\/index.php\/wp-json\/wp\/v2\/media?parent=476"}],"curies":[{"name":"wp","href":"https:\/\/api.w.org\/{rel}","templated":true}]}}