{"id":464,"date":"2024-02-29T00:17:22","date_gmt":"2024-02-29T03:17:22","guid":{"rendered":"https:\/\/sergiodamaso.com.br\/?page_id=464"},"modified":"2024-03-17T00:30:50","modified_gmt":"2024-03-17T03:30:50","slug":"nossa-casa","status":"publish","type":"page","link":"https:\/\/sergiodamaso.com.br\/index.php\/nossa-casa\/","title":{"rendered":"NOSSA CASA"},"content":{"rendered":"\n<figure class=\"wp-block-audio\"><audio controls src=\"https:\/\/sergiodamaso.com.br\/wp-content\/uploads\/2024\/02\/Nossa-casa.mp3\"><\/audio><\/figure>\n\n\n\n<p><strong><em>Mongol &amp; S\u00e9rgio D\u00e2maso<\/em><\/strong><\/p>\n\n\n\n<p>Nossa casa no sop\u00e9 da serra<\/p>\n\n\n\n<p>o sabi\u00e1 ainda canta<\/p>\n\n\n\n<p>no fundo do quintal<\/p>\n\n\n\n<p>todas as tardes de saudades.<\/p>\n\n\n\n<p>Ainda est\u00e1 tudo l\u00e1<\/p>\n\n\n\n<p>querendo esquentar o nosso amor<\/p>\n\n\n\n<p>uma lareira a chaleira<\/p>\n\n\n\n<p>o fogo a brasa que arde.<\/p>\n\n\n\n<p>Quando o sol entra tamb\u00e9m<\/p>\n\n\n\n<p>pela janela clareando o lugar da sua foto na parede<\/p>\n\n\n\n<p>\u00e9 t\u00e3o dif\u00edcil n\u00e3o lembrar<\/p>\n\n\n\n<p>de n\u00f3s no fim da tarde.<\/p>\n\n\n\n<p>Quando te vejo assim<\/p>\n\n\n\n<p>\u00e9 imposs\u00edvel esquecer<\/p>\n\n\n\n<p>tudo o que aconteceu<\/p>\n\n\n\n<p>entre n\u00f3s dois.<\/p>\n","protected":false},"excerpt":{"rendered":"<p>Mongol &amp; S\u00e9rgio D\u00e2maso Nossa casa no sop\u00e9 da serra o sabi\u00e1 ainda canta no fundo do quintal todas as tardes de saudades. Ainda est\u00e1 tudo l\u00e1 querendo esquentar o nosso amor uma lareira a chaleira o fogo a brasa que arde. Quando o sol entra tamb\u00e9m pela janela clareando o lugar da sua foto [&hellip;]<\/p>\n","protected":false},"author":1,"featured_media":0,"parent":0,"menu_order":0,"comment_status":"closed","ping_status":"closed","template":"","meta":[],"_links":{"self":[{"href":"https:\/\/sergiodamaso.com.br\/index.php\/wp-json\/wp\/v2\/pages\/464"}],"collection":[{"href":"https:\/\/sergiodamaso.com.br\/index.php\/wp-json\/wp\/v2\/pages"}],"about":[{"href":"https:\/\/sergiodamaso.com.br\/index.php\/wp-json\/wp\/v2\/types\/page"}],"author":[{"embeddable":true,"href":"https:\/\/sergiodamaso.com.br\/index.php\/wp-json\/wp\/v2\/users\/1"}],"replies":[{"embeddable":true,"href":"https:\/\/sergiodamaso.com.br\/index.php\/wp-json\/wp\/v2\/comments?post=464"}],"version-history":[{"count":2,"href":"https:\/\/sergiodamaso.com.br\/index.php\/wp-json\/wp\/v2\/pages\/464\/revisions"}],"predecessor-version":[{"id":948,"href":"https:\/\/sergiodamaso.com.br\/index.php\/wp-json\/wp\/v2\/pages\/464\/revisions\/948"}],"wp:attachment":[{"href":"https:\/\/sergiodamaso.com.br\/index.php\/wp-json\/wp\/v2\/media?parent=464"}],"curies":[{"name":"wp","href":"https:\/\/api.w.org\/{rel}","templated":true}]}}