{"id":458,"date":"2024-02-29T00:14:49","date_gmt":"2024-02-29T03:14:49","guid":{"rendered":"https:\/\/sergiodamaso.com.br\/?page_id=458"},"modified":"2024-03-17T00:29:28","modified_gmt":"2024-03-17T03:29:28","slug":"nao-vou-desesperar","status":"publish","type":"page","link":"https:\/\/sergiodamaso.com.br\/index.php\/nao-vou-desesperar\/","title":{"rendered":"N\u00c3O VOU DESESPERAR"},"content":{"rendered":"\n<figure class=\"wp-block-audio\"><audio controls src=\"https:\/\/sergiodamaso.com.br\/wp-content\/uploads\/2024\/02\/Nao-vou-desesperar.mp3\"><\/audio><\/figure>\n\n\n\n<p><strong><em>Mongol &amp; S\u00e9rgio D\u00e2maso<\/em><\/strong><\/p>\n\n\n\n<p>N\u00e3o vou desesperar<\/p>\n\n\n\n<p>para te encontrar nessa<\/p>\n\n\n\n<p>estrada da vida<\/p>\n\n\n\n<p>eu n\u00e3o vou.<\/p>\n\n\n\n<p>Quero ver paisagens<\/p>\n\n\n\n<p>campos e serras quero ver o sol<\/p>\n\n\n\n<p>a chuva se ela cair.<\/p>\n\n\n\n<p>Venho de t\u00e3o longe<\/p>\n\n\n\n<p>devagar e sempre meu bem<\/p>\n\n\n\n<p>para nunca esquecer.<\/p>\n\n\n\n<p>Nada melhor saber<\/p>\n\n\n\n<p>que um dia voc\u00ea vai me ver<\/p>\n\n\n\n<p>abra\u00e7ar e beijar<\/p>\n\n\n\n<p>pra nunca mais me deixar.<\/p>\n","protected":false},"excerpt":{"rendered":"<p>Mongol &amp; S\u00e9rgio D\u00e2maso N\u00e3o vou desesperar para te encontrar nessa estrada da vida eu n\u00e3o vou. Quero ver paisagens campos e serras quero ver o sol a chuva se ela cair. Venho de t\u00e3o longe devagar e sempre meu bem para nunca esquecer. Nada melhor saber que um dia voc\u00ea vai me ver abra\u00e7ar [&hellip;]<\/p>\n","protected":false},"author":1,"featured_media":0,"parent":0,"menu_order":0,"comment_status":"closed","ping_status":"closed","template":"","meta":[],"_links":{"self":[{"href":"https:\/\/sergiodamaso.com.br\/index.php\/wp-json\/wp\/v2\/pages\/458"}],"collection":[{"href":"https:\/\/sergiodamaso.com.br\/index.php\/wp-json\/wp\/v2\/pages"}],"about":[{"href":"https:\/\/sergiodamaso.com.br\/index.php\/wp-json\/wp\/v2\/types\/page"}],"author":[{"embeddable":true,"href":"https:\/\/sergiodamaso.com.br\/index.php\/wp-json\/wp\/v2\/users\/1"}],"replies":[{"embeddable":true,"href":"https:\/\/sergiodamaso.com.br\/index.php\/wp-json\/wp\/v2\/comments?post=458"}],"version-history":[{"count":2,"href":"https:\/\/sergiodamaso.com.br\/index.php\/wp-json\/wp\/v2\/pages\/458\/revisions"}],"predecessor-version":[{"id":946,"href":"https:\/\/sergiodamaso.com.br\/index.php\/wp-json\/wp\/v2\/pages\/458\/revisions\/946"}],"wp:attachment":[{"href":"https:\/\/sergiodamaso.com.br\/index.php\/wp-json\/wp\/v2\/media?parent=458"}],"curies":[{"name":"wp","href":"https:\/\/api.w.org\/{rel}","templated":true}]}}