{"id":452,"date":"2024-02-29T00:11:36","date_gmt":"2024-02-29T03:11:36","guid":{"rendered":"https:\/\/sergiodamaso.com.br\/?page_id=452"},"modified":"2024-03-17T00:28:54","modified_gmt":"2024-03-17T03:28:54","slug":"nada-esta-perdido","status":"publish","type":"page","link":"https:\/\/sergiodamaso.com.br\/index.php\/nada-esta-perdido\/","title":{"rendered":"NADA EST\u00c1 PERDIDO"},"content":{"rendered":"\n<figure class=\"wp-block-audio\"><audio controls src=\"https:\/\/sergiodamaso.com.br\/wp-content\/uploads\/2024\/02\/Nada-esta-perdido.mp3\"><\/audio><\/figure>\n\n\n\n<p><strong><em>Mongol &amp; S\u00e9rgio D\u00e2maso<\/em><\/strong><\/p>\n\n\n\n<p>Quando tudo parecia estar perdido<\/p>\n\n\n\n<p>recebi o teu presente<\/p>\n\n\n\n<p>n\u00e3o deu para acreditar<\/p>\n\n\n\n<p>era tua voz t\u00e3o rouca de emo\u00e7\u00e3o.<\/p>\n\n\n\n<p>Se a tua voz ficou assim<\/p>\n\n\n\n<p>nem imagina a minha ent\u00e3o<\/p>\n\n\n\n<p>se perdeu de mim<\/p>\n\n\n\n<p>quando voc\u00ea se foi.<\/p>\n\n\n\n<p>Tive que engolir a minha voz pra n\u00e3o me enlouquecer<\/p>\n\n\n\n<p>foi calando em minha boca escorregando pelo corpo<\/p>\n\n\n\n<p>devagar pra te esquecer foi t\u00e3o dif\u00edcil conseguir<\/p>\n\n\n\n<p>que fiquei mudo at\u00e9 voc\u00ea ligar eu fiquei mudo<\/p>\n\n\n\n<p>at\u00e9 ouvir a tua voz rouca me pedindo pra voltar.<\/p>\n","protected":false},"excerpt":{"rendered":"<p>Mongol &amp; S\u00e9rgio D\u00e2maso Quando tudo parecia estar perdido recebi o teu presente n\u00e3o deu para acreditar era tua voz t\u00e3o rouca de emo\u00e7\u00e3o. Se a tua voz ficou assim nem imagina a minha ent\u00e3o se perdeu de mim quando voc\u00ea se foi. Tive que engolir a minha voz pra n\u00e3o me enlouquecer foi calando [&hellip;]<\/p>\n","protected":false},"author":1,"featured_media":0,"parent":0,"menu_order":0,"comment_status":"closed","ping_status":"closed","template":"","meta":[],"_links":{"self":[{"href":"https:\/\/sergiodamaso.com.br\/index.php\/wp-json\/wp\/v2\/pages\/452"}],"collection":[{"href":"https:\/\/sergiodamaso.com.br\/index.php\/wp-json\/wp\/v2\/pages"}],"about":[{"href":"https:\/\/sergiodamaso.com.br\/index.php\/wp-json\/wp\/v2\/types\/page"}],"author":[{"embeddable":true,"href":"https:\/\/sergiodamaso.com.br\/index.php\/wp-json\/wp\/v2\/users\/1"}],"replies":[{"embeddable":true,"href":"https:\/\/sergiodamaso.com.br\/index.php\/wp-json\/wp\/v2\/comments?post=452"}],"version-history":[{"count":2,"href":"https:\/\/sergiodamaso.com.br\/index.php\/wp-json\/wp\/v2\/pages\/452\/revisions"}],"predecessor-version":[{"id":945,"href":"https:\/\/sergiodamaso.com.br\/index.php\/wp-json\/wp\/v2\/pages\/452\/revisions\/945"}],"wp:attachment":[{"href":"https:\/\/sergiodamaso.com.br\/index.php\/wp-json\/wp\/v2\/media?parent=452"}],"curies":[{"name":"wp","href":"https:\/\/api.w.org\/{rel}","templated":true}]}}