{"id":443,"date":"2024-02-29T00:02:56","date_gmt":"2024-02-29T03:02:56","guid":{"rendered":"https:\/\/sergiodamaso.com.br\/?page_id=443"},"modified":"2024-03-17T00:25:58","modified_gmt":"2024-03-17T03:25:58","slug":"minha-nave-espacial","status":"publish","type":"page","link":"https:\/\/sergiodamaso.com.br\/index.php\/minha-nave-espacial\/","title":{"rendered":"MINHA NAVE ESPACIAL"},"content":{"rendered":"\n<figure class=\"wp-block-audio\"><audio controls src=\"https:\/\/sergiodamaso.com.br\/wp-content\/uploads\/2024\/02\/Minha-nave-espacial.mp3\"><\/audio><\/figure>\n\n\n\n<p><strong><em>Mongol &amp; S\u00e9rgio D\u00e2maso<\/em><\/strong><\/p>\n\n\n\n<p>Eu liguei a minha nave espacial liguei<\/p>\n\n\n\n<p>vou voar pelo espa\u00e7o sideral eu vou<\/p>\n\n\n\n<p>se voc\u00ea quiser carona meu amor te dou<\/p>\n\n\n\n<p>na primeira poltrona ao meu lado eu dou.<\/p>\n\n\n\n<p>Eu dou carona para ver comigo<\/p>\n\n\n\n<p>as estrelas no c\u00e9u dan\u00e7ando<\/p>\n\n\n\n<p>e piscando na noite<\/p>\n\n\n\n<p>eu dou carona para ver o sol<\/p>\n\n\n\n<p>no espa\u00e7o brilhando e aquecendo<\/p>\n\n\n\n<p>iluminando o meu amor<\/p>\n\n\n\n<p>eu dou carona eu dou.<\/p>\n\n\n\n<p>Tire teus p\u00e9s do ch\u00e3o<\/p>\n\n\n\n<p>ponha tuas m\u00e3os no cora\u00e7\u00e3o<\/p>\n\n\n\n<p>esque\u00e7a outra paix\u00e3o<\/p>\n\n\n\n<p>esque\u00e7a o motivo da nossa separa\u00e7\u00e3o<\/p>\n\n\n\n<p>vem comigo nessa nave espacial<\/p>\n\n\n\n<p>viajar pelo espa\u00e7o sideral.<\/p>\n\n\n\n<p>\u00c9 s\u00f3 subir at\u00e9 as nuvens<\/p>\n\n\n\n<p>\u00e9 s\u00f3 querer ver as estrelas<\/p>\n\n\n\n<p>\u00e9 s\u00f3 querer ver o sol<\/p>\n\n\n\n<p>\u00e9 s\u00f3 subir ao meu lado<\/p>\n\n\n\n<p>na minha nave espacial pelo espa\u00e7o sideral.<\/p>\n\n\n\n<p>Eu dou carona numa nave espacial<\/p>\n\n\n\n<p>para o espa\u00e7o sideral<\/p>\n\n\n\n<p>numa poltrona do meu lado<\/p>\n\n\n\n<p>eu dou.<\/p>\n","protected":false},"excerpt":{"rendered":"<p>Mongol &amp; S\u00e9rgio D\u00e2maso Eu liguei a minha nave espacial liguei vou voar pelo espa\u00e7o sideral eu vou se voc\u00ea quiser carona meu amor te dou na primeira poltrona ao meu lado eu dou. Eu dou carona para ver comigo as estrelas no c\u00e9u dan\u00e7ando e piscando na noite eu dou carona para ver o [&hellip;]<\/p>\n","protected":false},"author":1,"featured_media":0,"parent":0,"menu_order":0,"comment_status":"closed","ping_status":"closed","template":"","meta":[],"_links":{"self":[{"href":"https:\/\/sergiodamaso.com.br\/index.php\/wp-json\/wp\/v2\/pages\/443"}],"collection":[{"href":"https:\/\/sergiodamaso.com.br\/index.php\/wp-json\/wp\/v2\/pages"}],"about":[{"href":"https:\/\/sergiodamaso.com.br\/index.php\/wp-json\/wp\/v2\/types\/page"}],"author":[{"embeddable":true,"href":"https:\/\/sergiodamaso.com.br\/index.php\/wp-json\/wp\/v2\/users\/1"}],"replies":[{"embeddable":true,"href":"https:\/\/sergiodamaso.com.br\/index.php\/wp-json\/wp\/v2\/comments?post=443"}],"version-history":[{"count":2,"href":"https:\/\/sergiodamaso.com.br\/index.php\/wp-json\/wp\/v2\/pages\/443\/revisions"}],"predecessor-version":[{"id":942,"href":"https:\/\/sergiodamaso.com.br\/index.php\/wp-json\/wp\/v2\/pages\/443\/revisions\/942"}],"wp:attachment":[{"href":"https:\/\/sergiodamaso.com.br\/index.php\/wp-json\/wp\/v2\/media?parent=443"}],"curies":[{"name":"wp","href":"https:\/\/api.w.org\/{rel}","templated":true}]}}