{"id":437,"date":"2024-02-28T23:59:53","date_gmt":"2024-02-29T02:59:53","guid":{"rendered":"https:\/\/sergiodamaso.com.br\/?page_id=437"},"modified":"2024-03-17T00:24:35","modified_gmt":"2024-03-17T03:24:35","slug":"minas-gerais","status":"publish","type":"page","link":"https:\/\/sergiodamaso.com.br\/index.php\/minas-gerais\/","title":{"rendered":"MINAS GERAIS"},"content":{"rendered":"\n<figure class=\"wp-block-audio\"><audio controls src=\"https:\/\/sergiodamaso.com.br\/wp-content\/uploads\/2024\/02\/Minas-Gerais.mp3\"><\/audio><\/figure>\n\n\n\n<p><strong><em>Mongol &amp; S\u00e9rgio D\u00e2maso<\/em><\/strong><\/p>\n\n\n\n<p>Ou ou ei ei ou ou Minas Gerais<\/p>\n\n\n\n<p>ou ou ei ei ou ou Minas Gerais.<\/p>\n\n\n\n<p>Terra santa das igrejas<\/p>\n\n\n\n<p>terra gostosa do p\u00e3o de queijo<\/p>\n\n\n\n<p>Minas do Jequi do rio Doce<\/p>\n\n\n\n<p>das \u00e1guas do sul do S\u00e3o Francisco.<\/p>\n\n\n\n<p>Somos JK Drummond Tancredo<\/p>\n\n\n\n<p>somos ouro ferro e diamante<\/p>\n\n\n\n<p>n\u00f3s somos o Belo Horizonte<\/p>\n\n\n\n<p>somos todos mineiros das Gerais.<\/p>\n","protected":false},"excerpt":{"rendered":"<p>Mongol &amp; S\u00e9rgio D\u00e2maso Ou ou ei ei ou ou Minas Gerais ou ou ei ei ou ou Minas Gerais. Terra santa das igrejas terra gostosa do p\u00e3o de queijo Minas do Jequi do rio Doce das \u00e1guas do sul do S\u00e3o Francisco. Somos JK Drummond Tancredo somos ouro ferro e diamante n\u00f3s somos o [&hellip;]<\/p>\n","protected":false},"author":1,"featured_media":0,"parent":0,"menu_order":0,"comment_status":"closed","ping_status":"closed","template":"","meta":[],"_links":{"self":[{"href":"https:\/\/sergiodamaso.com.br\/index.php\/wp-json\/wp\/v2\/pages\/437"}],"collection":[{"href":"https:\/\/sergiodamaso.com.br\/index.php\/wp-json\/wp\/v2\/pages"}],"about":[{"href":"https:\/\/sergiodamaso.com.br\/index.php\/wp-json\/wp\/v2\/types\/page"}],"author":[{"embeddable":true,"href":"https:\/\/sergiodamaso.com.br\/index.php\/wp-json\/wp\/v2\/users\/1"}],"replies":[{"embeddable":true,"href":"https:\/\/sergiodamaso.com.br\/index.php\/wp-json\/wp\/v2\/comments?post=437"}],"version-history":[{"count":2,"href":"https:\/\/sergiodamaso.com.br\/index.php\/wp-json\/wp\/v2\/pages\/437\/revisions"}],"predecessor-version":[{"id":940,"href":"https:\/\/sergiodamaso.com.br\/index.php\/wp-json\/wp\/v2\/pages\/437\/revisions\/940"}],"wp:attachment":[{"href":"https:\/\/sergiodamaso.com.br\/index.php\/wp-json\/wp\/v2\/media?parent=437"}],"curies":[{"name":"wp","href":"https:\/\/api.w.org\/{rel}","templated":true}]}}