{"id":431,"date":"2024-02-28T23:56:12","date_gmt":"2024-02-29T02:56:12","guid":{"rendered":"https:\/\/sergiodamaso.com.br\/?page_id=431"},"modified":"2024-03-17T00:23:01","modified_gmt":"2024-03-17T03:23:01","slug":"meu-celular","status":"publish","type":"page","link":"https:\/\/sergiodamaso.com.br\/index.php\/meu-celular\/","title":{"rendered":"MEU CELULAR"},"content":{"rendered":"\n<figure class=\"wp-block-audio\"><audio controls src=\"https:\/\/sergiodamaso.com.br\/wp-content\/uploads\/2024\/02\/Meu-Celular.mp3\"><\/audio><\/figure>\n\n\n\n<p><strong><em>Mongol &amp; S\u00e9rgio D\u00e2maso<\/em><\/strong><\/p>\n\n\n\n<p>Ap\u00f3s a can\u00e7\u00e3o deixe o seu recado.<\/p>\n\n\n\n<p>Relutei mas peguei outra vez<br>meu celular para discar<br>aquele mesmo n\u00famero<br>o nove j\u00e1 discava sem teclar.<\/p>\n\n\n\n<p>N\u00e3o recordo quantas vezes liguei<br>coitado do meu celular<br>est\u00e1 mais cansado do que eu<br>o seu teclado n\u00e3o aguenta mais.<\/p>\n\n\n\n<p>Vou esquec\u00ea-la<br>vou vender meu celular<br>ou vou do\u00e1-lo.<\/p>\n\n\n\n<p>Tenho cora\u00e7\u00e3o<br>acho que voc\u00ea n\u00e3o<br>gosto do meu celular<br>n\u00e3o vou mago\u00e1-lo.<\/p>\n","protected":false},"excerpt":{"rendered":"<p>Mongol &amp; S\u00e9rgio D\u00e2maso Ap\u00f3s a can\u00e7\u00e3o deixe o seu recado. Relutei mas peguei outra vezmeu celular para discaraquele mesmo n\u00fameroo nove j\u00e1 discava sem teclar. N\u00e3o recordo quantas vezes ligueicoitado do meu celularest\u00e1 mais cansado do que euo seu teclado n\u00e3o aguenta mais. Vou esquec\u00ea-lavou vender meu celularou vou do\u00e1-lo. Tenho cora\u00e7\u00e3oacho que voc\u00ea [&hellip;]<\/p>\n","protected":false},"author":1,"featured_media":0,"parent":0,"menu_order":0,"comment_status":"closed","ping_status":"closed","template":"","meta":[],"_links":{"self":[{"href":"https:\/\/sergiodamaso.com.br\/index.php\/wp-json\/wp\/v2\/pages\/431"}],"collection":[{"href":"https:\/\/sergiodamaso.com.br\/index.php\/wp-json\/wp\/v2\/pages"}],"about":[{"href":"https:\/\/sergiodamaso.com.br\/index.php\/wp-json\/wp\/v2\/types\/page"}],"author":[{"embeddable":true,"href":"https:\/\/sergiodamaso.com.br\/index.php\/wp-json\/wp\/v2\/users\/1"}],"replies":[{"embeddable":true,"href":"https:\/\/sergiodamaso.com.br\/index.php\/wp-json\/wp\/v2\/comments?post=431"}],"version-history":[{"count":2,"href":"https:\/\/sergiodamaso.com.br\/index.php\/wp-json\/wp\/v2\/pages\/431\/revisions"}],"predecessor-version":[{"id":938,"href":"https:\/\/sergiodamaso.com.br\/index.php\/wp-json\/wp\/v2\/pages\/431\/revisions\/938"}],"wp:attachment":[{"href":"https:\/\/sergiodamaso.com.br\/index.php\/wp-json\/wp\/v2\/media?parent=431"}],"curies":[{"name":"wp","href":"https:\/\/api.w.org\/{rel}","templated":true}]}}