{"id":428,"date":"2024-02-28T23:54:46","date_gmt":"2024-02-29T02:54:46","guid":{"rendered":"https:\/\/sergiodamaso.com.br\/?page_id=428"},"modified":"2024-03-17T00:22:24","modified_gmt":"2024-03-17T03:22:24","slug":"meu-antigo-segredo","status":"publish","type":"page","link":"https:\/\/sergiodamaso.com.br\/index.php\/meu-antigo-segredo\/","title":{"rendered":"MEU ANTIGO SEGREDO"},"content":{"rendered":"\n<figure class=\"wp-block-audio\"><audio controls src=\"https:\/\/sergiodamaso.com.br\/wp-content\/uploads\/2024\/02\/Meu-antigo-segredo.mp3\"><\/audio><\/figure>\n\n\n\n<p><strong><em>Mongol &amp; S\u00e9rgio D\u00e2maso<\/em><\/strong><\/p>\n\n\n\n<p>Vou contar um segredo meu<\/p>\n\n\n\n<p>foi na pra\u00e7a de cima de uma cidade<\/p>\n\n\n\n<p>do interior eram cinco da tarde<\/p>\n\n\n\n<p>quando sorrindo ela apareceu.<\/p>\n\n\n\n<p>Saindo do grupo escolar com a sua mochila rosa<\/p>\n\n\n\n<p>eu esperava apreensivo do lado da minha Caloi vermelha<\/p>\n\n\n\n<p>com o cora\u00e7\u00e3o acelerado perguntei, ela disse que sim<\/p>\n\n\n\n<p>se eu podia lev\u00e1-la at\u00e9 sua casa perto do chafariz.<\/p>\n\n\n\n<p>Descendo pela rua direita<\/p>\n\n\n\n<p>ela a esquerda de mim<\/p>\n\n\n\n<p>eu a olhando e sentindo<\/p>\n\n\n\n<p>seu cheiro saindo pelo seu uniforme azul.<\/p>\n\n\n\n<p>Naquela cidade diziam, se algu\u00e9m<\/p>\n\n\n\n<p>bebesse a \u00e1gua daquele chafariz<\/p>\n\n\n\n<p>sempre l\u00e1 voltaria e seria feliz<\/p>\n\n\n\n<p>o nome dela hoje n\u00e3o lembro bem<\/p>\n\n\n\n<p>mas a \u00e1gua eu bebi e dela nunca mais eu esqueci.<\/p>\n","protected":false},"excerpt":{"rendered":"<p>Mongol &amp; S\u00e9rgio D\u00e2maso Vou contar um segredo meu foi na pra\u00e7a de cima de uma cidade do interior eram cinco da tarde quando sorrindo ela apareceu. Saindo do grupo escolar com a sua mochila rosa eu esperava apreensivo do lado da minha Caloi vermelha com o cora\u00e7\u00e3o acelerado perguntei, ela disse que sim se [&hellip;]<\/p>\n","protected":false},"author":1,"featured_media":0,"parent":0,"menu_order":0,"comment_status":"closed","ping_status":"closed","template":"","meta":[],"_links":{"self":[{"href":"https:\/\/sergiodamaso.com.br\/index.php\/wp-json\/wp\/v2\/pages\/428"}],"collection":[{"href":"https:\/\/sergiodamaso.com.br\/index.php\/wp-json\/wp\/v2\/pages"}],"about":[{"href":"https:\/\/sergiodamaso.com.br\/index.php\/wp-json\/wp\/v2\/types\/page"}],"author":[{"embeddable":true,"href":"https:\/\/sergiodamaso.com.br\/index.php\/wp-json\/wp\/v2\/users\/1"}],"replies":[{"embeddable":true,"href":"https:\/\/sergiodamaso.com.br\/index.php\/wp-json\/wp\/v2\/comments?post=428"}],"version-history":[{"count":2,"href":"https:\/\/sergiodamaso.com.br\/index.php\/wp-json\/wp\/v2\/pages\/428\/revisions"}],"predecessor-version":[{"id":937,"href":"https:\/\/sergiodamaso.com.br\/index.php\/wp-json\/wp\/v2\/pages\/428\/revisions\/937"}],"wp:attachment":[{"href":"https:\/\/sergiodamaso.com.br\/index.php\/wp-json\/wp\/v2\/media?parent=428"}],"curies":[{"name":"wp","href":"https:\/\/api.w.org\/{rel}","templated":true}]}}