{"id":425,"date":"2024-02-28T23:53:34","date_gmt":"2024-02-29T02:53:34","guid":{"rendered":"https:\/\/sergiodamaso.com.br\/?page_id=425"},"modified":"2024-03-17T00:21:57","modified_gmt":"2024-03-17T03:21:57","slug":"meu-amigo-chegue-perto","status":"publish","type":"page","link":"https:\/\/sergiodamaso.com.br\/index.php\/meu-amigo-chegue-perto\/","title":{"rendered":"MEU AMIGO CHEGUE PERTO"},"content":{"rendered":"\n<figure class=\"wp-block-audio\"><audio controls src=\"https:\/\/sergiodamaso.com.br\/wp-content\/uploads\/2024\/02\/Meu-amigo-chegue-perto.mp3\"><\/audio><\/figure>\n\n\n\n<p><strong><em>Mongol &amp; S\u00e9rgio D\u00e2maso<\/em><\/strong><\/p>\n\n\n\n<p>Meu amigo chegue perto de mim<\/p>\n\n\n\n<p>vou cantar pra voc\u00ea uma triste can\u00e7\u00e3o<\/p>\n\n\n\n<p>ela me deixou eu e meu viol\u00e3o<\/p>\n\n\n\n<p>e o fogo acesso no fog\u00e3o<\/p>\n\n\n\n<p>nem um adeus ela me deu<\/p>\n\n\n\n<p>se Deus visse<\/p>\n\n\n\n<p>Ele n\u00e3o compreenderia<\/p>\n\n\n\n<p>o que ela n\u00e3o fez por mim.<\/p>\n\n\n\n<p>Ser\u00e1 pecado o que eu cometi<\/p>\n\n\n\n<p>um bilhete que n\u00e3o escrevi<\/p>\n\n\n\n<p>falando do meu amor<\/p>\n\n\n\n<p>que eu tinha por ela<\/p>\n\n\n\n<p>amigo me desculpe por cantar<\/p>\n\n\n\n<p>minha desilus\u00e3o nessa can\u00e7\u00e3o<\/p>\n\n\n\n<p>meu cora\u00e7\u00e3o est\u00e1 t\u00e3o machucado<\/p>\n\n\n\n<p>que estou totalmente perdido.<\/p>\n\n\n\n<p>minha desilus\u00e3o nessa can\u00e7\u00e3o<\/p>\n\n\n\n<p>meu cora\u00e7\u00e3o est\u00e1 t\u00e3o machucado<\/p>\n\n\n\n<p>que estou totalmente perdido.<\/p>\n","protected":false},"excerpt":{"rendered":"<p>Mongol &amp; S\u00e9rgio D\u00e2maso Meu amigo chegue perto de mim vou cantar pra voc\u00ea uma triste can\u00e7\u00e3o ela me deixou eu e meu viol\u00e3o e o fogo acesso no fog\u00e3o nem um adeus ela me deu se Deus visse Ele n\u00e3o compreenderia o que ela n\u00e3o fez por mim. Ser\u00e1 pecado o que eu cometi [&hellip;]<\/p>\n","protected":false},"author":1,"featured_media":0,"parent":0,"menu_order":0,"comment_status":"closed","ping_status":"closed","template":"","meta":[],"_links":{"self":[{"href":"https:\/\/sergiodamaso.com.br\/index.php\/wp-json\/wp\/v2\/pages\/425"}],"collection":[{"href":"https:\/\/sergiodamaso.com.br\/index.php\/wp-json\/wp\/v2\/pages"}],"about":[{"href":"https:\/\/sergiodamaso.com.br\/index.php\/wp-json\/wp\/v2\/types\/page"}],"author":[{"embeddable":true,"href":"https:\/\/sergiodamaso.com.br\/index.php\/wp-json\/wp\/v2\/users\/1"}],"replies":[{"embeddable":true,"href":"https:\/\/sergiodamaso.com.br\/index.php\/wp-json\/wp\/v2\/comments?post=425"}],"version-history":[{"count":2,"href":"https:\/\/sergiodamaso.com.br\/index.php\/wp-json\/wp\/v2\/pages\/425\/revisions"}],"predecessor-version":[{"id":936,"href":"https:\/\/sergiodamaso.com.br\/index.php\/wp-json\/wp\/v2\/pages\/425\/revisions\/936"}],"wp:attachment":[{"href":"https:\/\/sergiodamaso.com.br\/index.php\/wp-json\/wp\/v2\/media?parent=425"}],"curies":[{"name":"wp","href":"https:\/\/api.w.org\/{rel}","templated":true}]}}