{"id":422,"date":"2024-02-28T23:48:58","date_gmt":"2024-02-29T02:48:58","guid":{"rendered":"https:\/\/sergiodamaso.com.br\/?page_id=422"},"modified":"2024-03-17T00:21:10","modified_gmt":"2024-03-17T03:21:10","slug":"meu-alvo","status":"publish","type":"page","link":"https:\/\/sergiodamaso.com.br\/index.php\/meu-alvo\/","title":{"rendered":"MEU ALVO"},"content":{"rendered":"\n<figure class=\"wp-block-audio\"><audio controls src=\"https:\/\/sergiodamaso.com.br\/wp-content\/uploads\/2024\/02\/Meu-Alvo.mp3\"><\/audio><\/figure>\n\n\n\n<p><strong><em>Mongol &amp; S\u00e9rgio D\u00e2maso<\/em><\/strong><\/p>\n\n\n\n<p>Mirei no centro do alvo<\/p>\n\n\n\n<p>e acertei teu cora\u00e7\u00e3o<\/p>\n\n\n\n<p>flecha n\u00e3o tem volta<\/p>\n\n\n\n<p>s\u00f3 meus bilhetes para voc\u00ea.<\/p>\n\n\n\n<p>Agora teu cora\u00e7\u00e3o \u00e9 meu<\/p>\n\n\n\n<p>marcado pelo meu arp\u00e3o<\/p>\n\n\n\n<p>registrado pelos meus poemas<\/p>\n\n\n\n<p>escritos com tamanho amor.<\/p>\n\n\n\n<p>N\u00e3o desesperei quando n\u00e3o consegui<\/p>\n\n\n\n<p>alguns versos nas estrofes<\/p>\n\n\n\n<p>com uma s\u00f3 rima<\/p>\n\n\n\n<p>que coubesse no teu cora\u00e7\u00e3o.<\/p>\n\n\n\n<p>Esses foram em momentos de desesperos<\/p>\n\n\n\n<p>com medo de n\u00e3o acertar<\/p>\n\n\n\n<p>o alvo que eu tanto quis<\/p>\n\n\n\n<p>mas que por destino, eu acertei.<\/p>\n","protected":false},"excerpt":{"rendered":"<p>Mongol &amp; S\u00e9rgio D\u00e2maso Mirei no centro do alvo e acertei teu cora\u00e7\u00e3o flecha n\u00e3o tem volta s\u00f3 meus bilhetes para voc\u00ea. Agora teu cora\u00e7\u00e3o \u00e9 meu marcado pelo meu arp\u00e3o registrado pelos meus poemas escritos com tamanho amor. N\u00e3o desesperei quando n\u00e3o consegui alguns versos nas estrofes com uma s\u00f3 rima que coubesse no [&hellip;]<\/p>\n","protected":false},"author":1,"featured_media":0,"parent":0,"menu_order":0,"comment_status":"closed","ping_status":"closed","template":"","meta":[],"_links":{"self":[{"href":"https:\/\/sergiodamaso.com.br\/index.php\/wp-json\/wp\/v2\/pages\/422"}],"collection":[{"href":"https:\/\/sergiodamaso.com.br\/index.php\/wp-json\/wp\/v2\/pages"}],"about":[{"href":"https:\/\/sergiodamaso.com.br\/index.php\/wp-json\/wp\/v2\/types\/page"}],"author":[{"embeddable":true,"href":"https:\/\/sergiodamaso.com.br\/index.php\/wp-json\/wp\/v2\/users\/1"}],"replies":[{"embeddable":true,"href":"https:\/\/sergiodamaso.com.br\/index.php\/wp-json\/wp\/v2\/comments?post=422"}],"version-history":[{"count":2,"href":"https:\/\/sergiodamaso.com.br\/index.php\/wp-json\/wp\/v2\/pages\/422\/revisions"}],"predecessor-version":[{"id":935,"href":"https:\/\/sergiodamaso.com.br\/index.php\/wp-json\/wp\/v2\/pages\/422\/revisions\/935"}],"wp:attachment":[{"href":"https:\/\/sergiodamaso.com.br\/index.php\/wp-json\/wp\/v2\/media?parent=422"}],"curies":[{"name":"wp","href":"https:\/\/api.w.org\/{rel}","templated":true}]}}