{"id":419,"date":"2024-02-28T23:46:48","date_gmt":"2024-02-29T02:46:48","guid":{"rendered":"https:\/\/sergiodamaso.com.br\/?page_id=419"},"modified":"2024-03-17T00:20:27","modified_gmt":"2024-03-17T03:20:27","slug":"margarida","status":"publish","type":"page","link":"https:\/\/sergiodamaso.com.br\/index.php\/margarida\/","title":{"rendered":"MARGARIDA"},"content":{"rendered":"\n<figure class=\"wp-block-audio\"><audio controls src=\"https:\/\/sergiodamaso.com.br\/wp-content\/uploads\/2024\/02\/Margarida.mp3\"><\/audio><\/figure>\n\n\n\n<p><strong><em>Mongol &amp; S\u00e9rgio D\u00e2maso<\/em><\/strong><\/p>\n\n\n\n<p>Quando me lembro de voc\u00ea<\/p>\n\n\n\n<p>meus olhos enchem de \u00e1gua<\/p>\n\n\n\n<p>meu cora\u00e7\u00e3o derrama toda essa saudade.<\/p>\n\n\n\n<p>Parece que tudo sumiu<\/p>\n\n\n\n<p>quando a tua luz se foi<\/p>\n\n\n\n<p>adormecido que fiquei na noite escura.<\/p>\n\n\n\n<p>Eu quero tanto acordar<\/p>\n\n\n\n<p>olhando voc\u00ea numa boa<\/p>\n\n\n\n<p>pegar na tua m\u00e3o<\/p>\n\n\n\n<p>sem um pingo de m\u00e1goa.<\/p>\n\n\n\n<p>\u00c9 a mania de te querer sem poder que me anima<\/p>\n\n\n\n<p>como eu gostei e ainda gosto de voc\u00ea menina.<\/p>\n\n\n\n<p>Ai ai ai meu cora\u00e7\u00e3o me diga<\/p>\n\n\n\n<p>se eu errei por onde andei<\/p>\n\n\n\n<p>eu sei que dentro dela<\/p>\n\n\n\n<p>vai um peda\u00e7o de mim<\/p>\n\n\n\n<p>t\u00e3o pequeninha ela guarda<\/p>\n\n\n\n<p>a margarida mais cheirosa<\/p>\n\n\n\n<p>flor do amor do meu jardim.<\/p>\n","protected":false},"excerpt":{"rendered":"<p>Mongol &amp; S\u00e9rgio D\u00e2maso Quando me lembro de voc\u00ea meus olhos enchem de \u00e1gua meu cora\u00e7\u00e3o derrama toda essa saudade. Parece que tudo sumiu quando a tua luz se foi adormecido que fiquei na noite escura. Eu quero tanto acordar olhando voc\u00ea numa boa pegar na tua m\u00e3o sem um pingo de m\u00e1goa. \u00c9 a [&hellip;]<\/p>\n","protected":false},"author":1,"featured_media":0,"parent":0,"menu_order":0,"comment_status":"closed","ping_status":"closed","template":"","meta":[],"_links":{"self":[{"href":"https:\/\/sergiodamaso.com.br\/index.php\/wp-json\/wp\/v2\/pages\/419"}],"collection":[{"href":"https:\/\/sergiodamaso.com.br\/index.php\/wp-json\/wp\/v2\/pages"}],"about":[{"href":"https:\/\/sergiodamaso.com.br\/index.php\/wp-json\/wp\/v2\/types\/page"}],"author":[{"embeddable":true,"href":"https:\/\/sergiodamaso.com.br\/index.php\/wp-json\/wp\/v2\/users\/1"}],"replies":[{"embeddable":true,"href":"https:\/\/sergiodamaso.com.br\/index.php\/wp-json\/wp\/v2\/comments?post=419"}],"version-history":[{"count":2,"href":"https:\/\/sergiodamaso.com.br\/index.php\/wp-json\/wp\/v2\/pages\/419\/revisions"}],"predecessor-version":[{"id":934,"href":"https:\/\/sergiodamaso.com.br\/index.php\/wp-json\/wp\/v2\/pages\/419\/revisions\/934"}],"wp:attachment":[{"href":"https:\/\/sergiodamaso.com.br\/index.php\/wp-json\/wp\/v2\/media?parent=419"}],"curies":[{"name":"wp","href":"https:\/\/api.w.org\/{rel}","templated":true}]}}