{"id":416,"date":"2024-02-28T23:45:48","date_gmt":"2024-02-29T02:45:48","guid":{"rendered":"https:\/\/sergiodamaso.com.br\/?page_id=416"},"modified":"2024-03-17T00:19:44","modified_gmt":"2024-03-17T03:19:44","slug":"manha-de-primavera","status":"publish","type":"page","link":"https:\/\/sergiodamaso.com.br\/index.php\/manha-de-primavera\/","title":{"rendered":"MANH\u00c3 DE PRIMAVERA"},"content":{"rendered":"\n<figure class=\"wp-block-audio\"><audio controls src=\"https:\/\/sergiodamaso.com.br\/wp-content\/uploads\/2024\/02\/Manha-de-primavera.mp3\"><\/audio><\/figure>\n\n\n\n<p><strong><em>Mongol &amp; S\u00e9rgio D\u00e2maso<\/em><\/strong><\/p>\n\n\n\n<p>Manh\u00e3 de primavera um dia<\/p>\n\n\n\n<p>voc\u00ea apareceu como um jardim<\/p>\n\n\n\n<p>quando o inverno assim foi indo<\/p>\n\n\n\n<p>flores florindo e que sorrindo<\/p>\n\n\n\n<p>tudo at\u00e9 quis querer existir.<\/p>\n\n\n\n<p>Quanto desejo quanta praga<\/p>\n\n\n\n<p>se apega n\u00e3o larga<\/p>\n\n\n\n<p>se gruda ele cola<\/p>\n\n\n\n<p>somente pra quem ama<\/p>\n\n\n\n<p>guardado em sete chaves vida.<\/p>\n\n\n\n<p>Na cor da rosa, rosa<\/p>\n\n\n\n<p>bem-te-vis e colibris<\/p>\n\n\n\n<p>em versos toadas e prosas<\/p>\n\n\n\n<p>despetalando p\u00e9talas da vida<\/p>\n\n\n\n<p>da margarida t\u00e3o chorosa<\/p>\n\n\n\n<p>que ficou feliz.<\/p>\n","protected":false},"excerpt":{"rendered":"<p>Mongol &amp; S\u00e9rgio D\u00e2maso Manh\u00e3 de primavera um dia voc\u00ea apareceu como um jardim quando o inverno assim foi indo flores florindo e que sorrindo tudo at\u00e9 quis querer existir. Quanto desejo quanta praga se apega n\u00e3o larga se gruda ele cola somente pra quem ama guardado em sete chaves vida. Na cor da rosa, [&hellip;]<\/p>\n","protected":false},"author":1,"featured_media":0,"parent":0,"menu_order":0,"comment_status":"closed","ping_status":"closed","template":"","meta":[],"_links":{"self":[{"href":"https:\/\/sergiodamaso.com.br\/index.php\/wp-json\/wp\/v2\/pages\/416"}],"collection":[{"href":"https:\/\/sergiodamaso.com.br\/index.php\/wp-json\/wp\/v2\/pages"}],"about":[{"href":"https:\/\/sergiodamaso.com.br\/index.php\/wp-json\/wp\/v2\/types\/page"}],"author":[{"embeddable":true,"href":"https:\/\/sergiodamaso.com.br\/index.php\/wp-json\/wp\/v2\/users\/1"}],"replies":[{"embeddable":true,"href":"https:\/\/sergiodamaso.com.br\/index.php\/wp-json\/wp\/v2\/comments?post=416"}],"version-history":[{"count":2,"href":"https:\/\/sergiodamaso.com.br\/index.php\/wp-json\/wp\/v2\/pages\/416\/revisions"}],"predecessor-version":[{"id":933,"href":"https:\/\/sergiodamaso.com.br\/index.php\/wp-json\/wp\/v2\/pages\/416\/revisions\/933"}],"wp:attachment":[{"href":"https:\/\/sergiodamaso.com.br\/index.php\/wp-json\/wp\/v2\/media?parent=416"}],"curies":[{"name":"wp","href":"https:\/\/api.w.org\/{rel}","templated":true}]}}