{"id":413,"date":"2024-02-28T23:44:51","date_gmt":"2024-02-29T02:44:51","guid":{"rendered":"https:\/\/sergiodamaso.com.br\/?page_id=413"},"modified":"2024-03-17T00:16:50","modified_gmt":"2024-03-17T03:16:50","slug":"longe-de-voce","status":"publish","type":"page","link":"https:\/\/sergiodamaso.com.br\/index.php\/longe-de-voce\/","title":{"rendered":"LONGE DE VOC\u00ca"},"content":{"rendered":"\n<figure class=\"wp-block-audio\"><audio controls src=\"https:\/\/sergiodamaso.com.br\/wp-content\/uploads\/2024\/02\/Longe-de-voce.mp3\"><\/audio><\/figure>\n\n\n\n<p><strong><em>Mongol &amp; S\u00e9rgio D\u00e2maso<\/em><\/strong><\/p>\n\n\n\n<p>Estou t\u00e3o longe de voc\u00ea<\/p>\n\n\n\n<p>liguei meu r\u00e1dio para ouvir uma can\u00e7\u00e3o<\/p>\n\n\n\n<p>e ler em tua carta tuas letras<\/p>\n\n\n\n<p>falando de amor por mim.<\/p>\n\n\n\n<p>Eu vou andar na praia eu vou<\/p>\n\n\n\n<p>olhando para o mar eu vou<\/p>\n\n\n\n<p>tentando escutar a sua voz<\/p>\n\n\n\n<p>pelas ondas.<\/p>\n\n\n\n<p>Vejo a lua muda eu vejo<\/p>\n\n\n\n<p>rodeada por estrelas<\/p>\n\n\n\n<p>tentando me dizer<\/p>\n\n\n\n<p>algo de voc\u00ea.<\/p>\n\n\n\n<p>O que eu devo fazer<\/p>\n\n\n\n<p>olhando para o mar para o c\u00e9u sem fim<\/p>\n\n\n\n<p>o que devo fazer se voc\u00ea<\/p>\n\n\n\n<p>est\u00e1 t\u00e3o longe de mim.<\/p>\n","protected":false},"excerpt":{"rendered":"<p>Mongol &amp; S\u00e9rgio D\u00e2maso Estou t\u00e3o longe de voc\u00ea liguei meu r\u00e1dio para ouvir uma can\u00e7\u00e3o e ler em tua carta tuas letras falando de amor por mim. Eu vou andar na praia eu vou olhando para o mar eu vou tentando escutar a sua voz pelas ondas. Vejo a lua muda eu vejo rodeada [&hellip;]<\/p>\n","protected":false},"author":1,"featured_media":0,"parent":0,"menu_order":0,"comment_status":"closed","ping_status":"closed","template":"","meta":[],"_links":{"self":[{"href":"https:\/\/sergiodamaso.com.br\/index.php\/wp-json\/wp\/v2\/pages\/413"}],"collection":[{"href":"https:\/\/sergiodamaso.com.br\/index.php\/wp-json\/wp\/v2\/pages"}],"about":[{"href":"https:\/\/sergiodamaso.com.br\/index.php\/wp-json\/wp\/v2\/types\/page"}],"author":[{"embeddable":true,"href":"https:\/\/sergiodamaso.com.br\/index.php\/wp-json\/wp\/v2\/users\/1"}],"replies":[{"embeddable":true,"href":"https:\/\/sergiodamaso.com.br\/index.php\/wp-json\/wp\/v2\/comments?post=413"}],"version-history":[{"count":2,"href":"https:\/\/sergiodamaso.com.br\/index.php\/wp-json\/wp\/v2\/pages\/413\/revisions"}],"predecessor-version":[{"id":931,"href":"https:\/\/sergiodamaso.com.br\/index.php\/wp-json\/wp\/v2\/pages\/413\/revisions\/931"}],"wp:attachment":[{"href":"https:\/\/sergiodamaso.com.br\/index.php\/wp-json\/wp\/v2\/media?parent=413"}],"curies":[{"name":"wp","href":"https:\/\/api.w.org\/{rel}","templated":true}]}}