{"id":410,"date":"2024-02-28T23:43:26","date_gmt":"2024-02-29T02:43:26","guid":{"rendered":"https:\/\/sergiodamaso.com.br\/?page_id=410"},"modified":"2024-03-17T00:16:06","modified_gmt":"2024-03-17T03:16:06","slug":"longe-de-mim","status":"publish","type":"page","link":"https:\/\/sergiodamaso.com.br\/index.php\/longe-de-mim\/","title":{"rendered":"LONGE DE MIM"},"content":{"rendered":"\n<figure class=\"wp-block-audio\"><audio controls src=\"https:\/\/sergiodamaso.com.br\/wp-content\/uploads\/2024\/02\/Longe-de-mim.mp3\"><\/audio><\/figure>\n\n\n\n<p><strong><em>Mongol &amp; S\u00e9rgio D\u00e2maso<\/em><\/strong><\/p>\n\n\n\n<p>Meu bem quando voc\u00ea est\u00e1 longe de mim<\/p>\n\n\n\n<p>isso me deixa t\u00e3o triste<\/p>\n\n\n\n<p>que o tempo demora passar<\/p>\n\n\n\n<p>cada dia sem voc\u00ea cada noite sem te ver<\/p>\n\n\n\n<p>parece um pesadelo parece um ano longe de mim.<\/p>\n\n\n\n<p>Sinto uma saudade t\u00e3o grande<\/p>\n\n\n\n<p>que quando olho no espelho<\/p>\n\n\n\n<p>vejo voc\u00ea t\u00e3o perto de mim<\/p>\n\n\n\n<p>tudo isso vai passar eu sei.<\/p>\n\n\n\n<p>Nosso amor \u00e9 grande demais<\/p>\n\n\n\n<p>para eu suportar viver assim<\/p>\n\n\n\n<p>quando voc\u00ea fica longe mim.<\/p>\n\n\n\n<p>J\u00e1 tentei n\u00e3o mais pensar<\/p>\n\n\n\n<p>e parar de esperar<\/p>\n\n\n\n<p>quantas vezes eu tentei mais de mil.<\/p>\n\n\n\n<p>J\u00e1 tentei para de amar<\/p>\n\n\n\n<p>o cora\u00e7\u00e3o n\u00e3o conseguiu<\/p>\n\n\n\n<p>o amor que sinto por voc\u00ea me impediu.<\/p>\n","protected":false},"excerpt":{"rendered":"<p>Mongol &amp; S\u00e9rgio D\u00e2maso Meu bem quando voc\u00ea est\u00e1 longe de mim isso me deixa t\u00e3o triste que o tempo demora passar cada dia sem voc\u00ea cada noite sem te ver parece um pesadelo parece um ano longe de mim. Sinto uma saudade t\u00e3o grande que quando olho no espelho vejo voc\u00ea t\u00e3o perto de [&hellip;]<\/p>\n","protected":false},"author":1,"featured_media":0,"parent":0,"menu_order":0,"comment_status":"closed","ping_status":"closed","template":"","meta":[],"_links":{"self":[{"href":"https:\/\/sergiodamaso.com.br\/index.php\/wp-json\/wp\/v2\/pages\/410"}],"collection":[{"href":"https:\/\/sergiodamaso.com.br\/index.php\/wp-json\/wp\/v2\/pages"}],"about":[{"href":"https:\/\/sergiodamaso.com.br\/index.php\/wp-json\/wp\/v2\/types\/page"}],"author":[{"embeddable":true,"href":"https:\/\/sergiodamaso.com.br\/index.php\/wp-json\/wp\/v2\/users\/1"}],"replies":[{"embeddable":true,"href":"https:\/\/sergiodamaso.com.br\/index.php\/wp-json\/wp\/v2\/comments?post=410"}],"version-history":[{"count":2,"href":"https:\/\/sergiodamaso.com.br\/index.php\/wp-json\/wp\/v2\/pages\/410\/revisions"}],"predecessor-version":[{"id":930,"href":"https:\/\/sergiodamaso.com.br\/index.php\/wp-json\/wp\/v2\/pages\/410\/revisions\/930"}],"wp:attachment":[{"href":"https:\/\/sergiodamaso.com.br\/index.php\/wp-json\/wp\/v2\/media?parent=410"}],"curies":[{"name":"wp","href":"https:\/\/api.w.org\/{rel}","templated":true}]}}