{"id":406,"date":"2024-02-28T23:42:12","date_gmt":"2024-02-29T02:42:12","guid":{"rendered":"https:\/\/sergiodamaso.com.br\/?page_id=406"},"modified":"2024-03-17T00:15:00","modified_gmt":"2024-03-17T03:15:00","slug":"lembrar-de-voce-assim","status":"publish","type":"page","link":"https:\/\/sergiodamaso.com.br\/index.php\/lembrar-de-voce-assim\/","title":{"rendered":"LEMBRAR DE VOC\u00ca ASSIM"},"content":{"rendered":"\n<figure class=\"wp-block-audio\"><audio controls src=\"https:\/\/sergiodamaso.com.br\/wp-content\/uploads\/2024\/02\/Lembrar-de-voce-assim-1.mp3\"><\/audio><\/figure>\n\n\n\n<p><strong><em>Mongol &amp; S\u00e9rgio D\u00e2maso<\/em><\/strong><\/p>\n\n\n\n<p>N\u00e3o sei se quero lembrar<\/p>\n\n\n\n<p>de voc\u00ea assim saindo de mim<\/p>\n\n\n\n<p>pelos meus dedos senti deslizar<\/p>\n\n\n\n<p>das minhas m\u00e3os e dos meus p\u00e9s<\/p>\n\n\n\n<p>que ficaram perdidos parados ali sem ch\u00e3o<\/p>\n\n\n\n<p>de ponta cabe\u00e7a fiquei mas foi em v\u00e3o<\/p>\n\n\n\n<p>tentei n\u00e3o te perder e agora o que vai ser.<\/p>\n\n\n\n<p>Voc\u00ea se foi<\/p>\n\n\n\n<p>deixou meu cora\u00e7\u00e3o machucado e magoado<\/p>\n\n\n\n<p>t\u00e1 dif\u00edcil n\u00e3o sentir mais seu calor<\/p>\n\n\n\n<p>e mesmo assim ainda te quero bem<\/p>\n\n\n\n<p>s\u00f3 depende de voc\u00ea querer meu colo e o meu amor<\/p>\n\n\n\n<p>voc\u00ea se foi.<\/p>\n","protected":false},"excerpt":{"rendered":"<p>Mongol &amp; S\u00e9rgio D\u00e2maso N\u00e3o sei se quero lembrar de voc\u00ea assim saindo de mim pelos meus dedos senti deslizar das minhas m\u00e3os e dos meus p\u00e9s que ficaram perdidos parados ali sem ch\u00e3o de ponta cabe\u00e7a fiquei mas foi em v\u00e3o tentei n\u00e3o te perder e agora o que vai ser. Voc\u00ea se foi [&hellip;]<\/p>\n","protected":false},"author":1,"featured_media":0,"parent":0,"menu_order":0,"comment_status":"closed","ping_status":"closed","template":"","meta":[],"_links":{"self":[{"href":"https:\/\/sergiodamaso.com.br\/index.php\/wp-json\/wp\/v2\/pages\/406"}],"collection":[{"href":"https:\/\/sergiodamaso.com.br\/index.php\/wp-json\/wp\/v2\/pages"}],"about":[{"href":"https:\/\/sergiodamaso.com.br\/index.php\/wp-json\/wp\/v2\/types\/page"}],"author":[{"embeddable":true,"href":"https:\/\/sergiodamaso.com.br\/index.php\/wp-json\/wp\/v2\/users\/1"}],"replies":[{"embeddable":true,"href":"https:\/\/sergiodamaso.com.br\/index.php\/wp-json\/wp\/v2\/comments?post=406"}],"version-history":[{"count":2,"href":"https:\/\/sergiodamaso.com.br\/index.php\/wp-json\/wp\/v2\/pages\/406\/revisions"}],"predecessor-version":[{"id":929,"href":"https:\/\/sergiodamaso.com.br\/index.php\/wp-json\/wp\/v2\/pages\/406\/revisions\/929"}],"wp:attachment":[{"href":"https:\/\/sergiodamaso.com.br\/index.php\/wp-json\/wp\/v2\/media?parent=406"}],"curies":[{"name":"wp","href":"https:\/\/api.w.org\/{rel}","templated":true}]}}