{"id":403,"date":"2024-02-28T23:40:17","date_gmt":"2024-02-29T02:40:17","guid":{"rendered":"https:\/\/sergiodamaso.com.br\/?page_id=403"},"modified":"2024-03-17T00:14:51","modified_gmt":"2024-03-17T03:14:51","slug":"lagrimas-de-cristal","status":"publish","type":"page","link":"https:\/\/sergiodamaso.com.br\/index.php\/lagrimas-de-cristal\/","title":{"rendered":"L\u00c1GRIMAS DE CRISTAL"},"content":{"rendered":"\n<figure class=\"wp-block-audio\"><audio controls src=\"https:\/\/sergiodamaso.com.br\/wp-content\/uploads\/2024\/02\/Lagrimas-de-cristal.mp3\"><\/audio><\/figure>\n\n\n\n<p><strong><em>Mongol &amp; S\u00e9rgio D\u00e2maso<\/em><\/strong><\/p>\n\n\n\n<p>Vejo no teu olhar um pouquinho<\/p>\n\n\n\n<p>de mim<\/p>\n\n\n\n<p>sinto no teu beijo um carinho<\/p>\n\n\n\n<p>que ficou.<\/p>\n\n\n\n<p>Se \u00e9 para ficar me diga<\/p>\n\n\n\n<p>meu cora\u00e7\u00e3o<\/p>\n\n\n\n<p>se \u00e9 para rezar uma prece<\/p>\n\n\n\n<p>que fazer.<\/p>\n\n\n\n<p>Esquecer de voc\u00ea eu jamais esquecerei jamais<\/p>\n\n\n\n<p>eu vejo a lua cheia eu vejo o mar<\/p>\n\n\n\n<p>eu sinto o ar eu lembro de voc\u00ea.<\/p>\n\n\n\n<p>Voc\u00ea e eu tantas lembran\u00e7as<\/p>\n\n\n\n<p>do que eu vivi e sonhei<\/p>\n\n\n\n<p>quanta saudade que ficou na despedida<\/p>\n\n\n\n<p>quantos amores quantas l\u00e1grimas de cristal<\/p>\n\n\n\n<p>das paix\u00f5es achadas e perdidas no sol.<\/p>\n","protected":false},"excerpt":{"rendered":"<p>Mongol &amp; S\u00e9rgio D\u00e2maso Vejo no teu olhar um pouquinho de mim sinto no teu beijo um carinho que ficou. Se \u00e9 para ficar me diga meu cora\u00e7\u00e3o se \u00e9 para rezar uma prece que fazer. Esquecer de voc\u00ea eu jamais esquecerei jamais eu vejo a lua cheia eu vejo o mar eu sinto o [&hellip;]<\/p>\n","protected":false},"author":1,"featured_media":0,"parent":0,"menu_order":0,"comment_status":"closed","ping_status":"closed","template":"","meta":[],"_links":{"self":[{"href":"https:\/\/sergiodamaso.com.br\/index.php\/wp-json\/wp\/v2\/pages\/403"}],"collection":[{"href":"https:\/\/sergiodamaso.com.br\/index.php\/wp-json\/wp\/v2\/pages"}],"about":[{"href":"https:\/\/sergiodamaso.com.br\/index.php\/wp-json\/wp\/v2\/types\/page"}],"author":[{"embeddable":true,"href":"https:\/\/sergiodamaso.com.br\/index.php\/wp-json\/wp\/v2\/users\/1"}],"replies":[{"embeddable":true,"href":"https:\/\/sergiodamaso.com.br\/index.php\/wp-json\/wp\/v2\/comments?post=403"}],"version-history":[{"count":3,"href":"https:\/\/sergiodamaso.com.br\/index.php\/wp-json\/wp\/v2\/pages\/403\/revisions"}],"predecessor-version":[{"id":928,"href":"https:\/\/sergiodamaso.com.br\/index.php\/wp-json\/wp\/v2\/pages\/403\/revisions\/928"}],"wp:attachment":[{"href":"https:\/\/sergiodamaso.com.br\/index.php\/wp-json\/wp\/v2\/media?parent=403"}],"curies":[{"name":"wp","href":"https:\/\/api.w.org\/{rel}","templated":true}]}}