{"id":397,"date":"2024-02-28T23:37:58","date_gmt":"2024-02-29T02:37:58","guid":{"rendered":"https:\/\/sergiodamaso.com.br\/?page_id=397"},"modified":"2024-03-16T22:30:31","modified_gmt":"2024-03-17T01:30:31","slug":"jabuticabeira","status":"publish","type":"page","link":"https:\/\/sergiodamaso.com.br\/index.php\/jabuticabeira\/","title":{"rendered":"JABUTICABEIRA"},"content":{"rendered":"\n<figure class=\"wp-block-audio\"><audio controls src=\"https:\/\/sergiodamaso.com.br\/wp-content\/uploads\/2024\/02\/Jabuticabeira.mp3\"><\/audio><\/figure>\n\n\n\n<p><strong><em>Mongol &amp; S\u00e9rgio D\u00e2maso<\/em><\/strong><\/p>\n\n\n\n<p>Jabuticabeira que brota os olhos dela<br>negros me olhando<\/p>\n\n\n\n<p>negros lacrimejando negras l\u00e1grimas tristes<br>penduradas s\u00f3 pra mim.<\/p>\n\n\n\n<p>Jabuticabeira suas flores brancas<\/p>\n\n\n\n<p>v\u00e3o pedir a chuva<br>pra florirem mais bela<\/p>\n\n\n\n<p>como o sorriso dela<\/p>\n\n\n\n<p>brotam flores s\u00f3 para mim.<\/p>\n\n\n\n<p>Estou de olho no sabi\u00e1&nbsp;<br>no bem-te-vi que est\u00e1 cantando<br>no beija-flor que est\u00e1 querendo flor<br>para roub\u00e1-la do meu cora\u00e7\u00e3o.<\/p>\n\n\n\n<p>Vou busc\u00e1-la e n\u00e3o vou dividir o meu amor<\/p>\n\n\n\n<p>minha morena flor, olhos de jabuticaba<\/p>\n\n\n\n<p>no galho do meu amor minha morena flor.<\/p>\n","protected":false},"excerpt":{"rendered":"<p>Mongol &amp; S\u00e9rgio D\u00e2maso Jabuticabeira que brota os olhos delanegros me olhando negros lacrimejando negras l\u00e1grimas tristespenduradas s\u00f3 pra mim. Jabuticabeira suas flores brancas v\u00e3o pedir a chuvapra florirem mais bela como o sorriso dela brotam flores s\u00f3 para mim. Estou de olho no sabi\u00e1&nbsp;no bem-te-vi que est\u00e1 cantandono beija-flor que est\u00e1 querendo florpara roub\u00e1-la [&hellip;]<\/p>\n","protected":false},"author":1,"featured_media":0,"parent":0,"menu_order":0,"comment_status":"closed","ping_status":"closed","template":"","meta":[],"_links":{"self":[{"href":"https:\/\/sergiodamaso.com.br\/index.php\/wp-json\/wp\/v2\/pages\/397"}],"collection":[{"href":"https:\/\/sergiodamaso.com.br\/index.php\/wp-json\/wp\/v2\/pages"}],"about":[{"href":"https:\/\/sergiodamaso.com.br\/index.php\/wp-json\/wp\/v2\/types\/page"}],"author":[{"embeddable":true,"href":"https:\/\/sergiodamaso.com.br\/index.php\/wp-json\/wp\/v2\/users\/1"}],"replies":[{"embeddable":true,"href":"https:\/\/sergiodamaso.com.br\/index.php\/wp-json\/wp\/v2\/comments?post=397"}],"version-history":[{"count":2,"href":"https:\/\/sergiodamaso.com.br\/index.php\/wp-json\/wp\/v2\/pages\/397\/revisions"}],"predecessor-version":[{"id":924,"href":"https:\/\/sergiodamaso.com.br\/index.php\/wp-json\/wp\/v2\/pages\/397\/revisions\/924"}],"wp:attachment":[{"href":"https:\/\/sergiodamaso.com.br\/index.php\/wp-json\/wp\/v2\/media?parent=397"}],"curies":[{"name":"wp","href":"https:\/\/api.w.org\/{rel}","templated":true}]}}