{"id":394,"date":"2024-02-28T23:35:47","date_gmt":"2024-02-29T02:35:47","guid":{"rendered":"https:\/\/sergiodamaso.com.br\/?page_id=394"},"modified":"2024-03-16T22:27:36","modified_gmt":"2024-03-17T01:27:36","slug":"indiferenca","status":"publish","type":"page","link":"https:\/\/sergiodamaso.com.br\/index.php\/indiferenca\/","title":{"rendered":"INDIFEREN\u00c7A"},"content":{"rendered":"\n<figure class=\"wp-block-audio\"><audio controls src=\"https:\/\/sergiodamaso.com.br\/wp-content\/uploads\/2024\/02\/INDIFERENCA.mp3\"><\/audio><\/figure>\n\n\n\n<p><strong><em>Mongol &amp; S\u00e9rgio D\u00e2maso<\/em><\/strong><\/p>\n\n\n\n<p>Voc\u00ea chegou nem sorriu nem chorou<\/p>\n\n\n\n<p>partiu sem dizer adeus<\/p>\n\n\n\n<p>nem lembrou<\/p>\n\n\n\n<p>nossos abra\u00e7os e beijos esqueceu<\/p>\n\n\n\n<p>n\u00e3o se importou<\/p>\n\n\n\n<p>com o que aconteceu.<\/p>\n\n\n\n<p>Ponha teus p\u00e9s no ch\u00e3o<\/p>\n\n\n\n<p>abrace teu cora\u00e7\u00e3o<\/p>\n\n\n\n<p>abra tuas asas e voe<\/p>\n\n\n\n<p>at\u00e9 a constela\u00e7\u00e3o.<\/p>\n\n\n\n<p>Veja o sol veja a lua<\/p>\n\n\n\n<p>n\u00e3o mentiram para voc\u00ea<\/p>\n\n\n\n<p>os astros conhecem bem a minha dor.<\/p>\n\n\n\n<p>Pois a chuva que molha a terra<\/p>\n\n\n\n<p>vem do meu cora\u00e7\u00e3o<\/p>\n\n\n\n<p>\u00e9 o pranto desse poeta do amor.<\/p>\n","protected":false},"excerpt":{"rendered":"<p>Mongol &amp; S\u00e9rgio D\u00e2maso Voc\u00ea chegou nem sorriu nem chorou partiu sem dizer adeus nem lembrou nossos abra\u00e7os e beijos esqueceu n\u00e3o se importou com o que aconteceu. Ponha teus p\u00e9s no ch\u00e3o abrace teu cora\u00e7\u00e3o abra tuas asas e voe at\u00e9 a constela\u00e7\u00e3o. Veja o sol veja a lua n\u00e3o mentiram para voc\u00ea os [&hellip;]<\/p>\n","protected":false},"author":1,"featured_media":0,"parent":0,"menu_order":0,"comment_status":"closed","ping_status":"closed","template":"","meta":[],"_links":{"self":[{"href":"https:\/\/sergiodamaso.com.br\/index.php\/wp-json\/wp\/v2\/pages\/394"}],"collection":[{"href":"https:\/\/sergiodamaso.com.br\/index.php\/wp-json\/wp\/v2\/pages"}],"about":[{"href":"https:\/\/sergiodamaso.com.br\/index.php\/wp-json\/wp\/v2\/types\/page"}],"author":[{"embeddable":true,"href":"https:\/\/sergiodamaso.com.br\/index.php\/wp-json\/wp\/v2\/users\/1"}],"replies":[{"embeddable":true,"href":"https:\/\/sergiodamaso.com.br\/index.php\/wp-json\/wp\/v2\/comments?post=394"}],"version-history":[{"count":2,"href":"https:\/\/sergiodamaso.com.br\/index.php\/wp-json\/wp\/v2\/pages\/394\/revisions"}],"predecessor-version":[{"id":923,"href":"https:\/\/sergiodamaso.com.br\/index.php\/wp-json\/wp\/v2\/pages\/394\/revisions\/923"}],"wp:attachment":[{"href":"https:\/\/sergiodamaso.com.br\/index.php\/wp-json\/wp\/v2\/media?parent=394"}],"curies":[{"name":"wp","href":"https:\/\/api.w.org\/{rel}","templated":true}]}}