{"id":388,"date":"2024-02-28T23:32:49","date_gmt":"2024-02-29T02:32:49","guid":{"rendered":"https:\/\/sergiodamaso.com.br\/?page_id=388"},"modified":"2024-03-16T22:24:16","modified_gmt":"2024-03-17T01:24:16","slug":"help-sos","status":"publish","type":"page","link":"https:\/\/sergiodamaso.com.br\/index.php\/help-sos\/","title":{"rendered":"HELP SOS"},"content":{"rendered":"\n<figure class=\"wp-block-audio\"><audio controls src=\"https:\/\/sergiodamaso.com.br\/wp-content\/uploads\/2024\/02\/Help-SOS.mp3\"><\/audio><\/figure>\n\n\n\n<p><strong><em>Mongol &amp; S\u00e9rgio D\u00e2maso<\/em><\/strong><\/p>\n\n\n\n<p>D\u00e1 um help a\u00ed meu bem<\/p>\n\n\n\n<p>SOS pede socorro pera a\u00ed<\/p>\n\n\n\n<p>eu n\u00e3o sei o que aconteceu<\/p>\n\n\n\n<p>cheguei atrasado aqui.<\/p>\n\n\n\n<p>Cheguei puxando&nbsp; fila no pagode<\/p>\n\n\n\n<p>pra ver voc\u00ea ent\u00e3o, t\u00f4 doid\u00e3o<\/p>\n\n\n\n<p>bota fogo no carv\u00e3o<\/p>\n\n\n\n<p>a carne est\u00e1 malpassada.<\/p>\n\n\n\n<p>Maria minha linda morena<\/p>\n\n\n\n<p>voc\u00ea incendeia meu cora\u00e7\u00e3o<\/p>\n\n\n\n<p>queima a minha paix\u00e3o<\/p>\n\n\n\n<p>bagun\u00e7a o meu amor.<\/p>\n\n\n\n<p>Help SOS help SOS<\/p>\n\n\n\n<p>agora o pagode vai ferver<\/p>\n\n\n\n<p>vou pegar voc\u00ea<\/p>\n\n\n\n<p>vou colar em voc\u00ea.<\/p>\n\n\n\n<p>Help help<\/p>\n\n\n\n<p>s\u00f3 n\u00e3o pode sobrar cerveja<\/p>\n\n\n\n<p>SOS SOS<\/p>\n\n\n\n<p>s\u00f3 n\u00e3o pode faltar voc\u00ea.<\/p>\n","protected":false},"excerpt":{"rendered":"<p>Mongol &amp; S\u00e9rgio D\u00e2maso D\u00e1 um help a\u00ed meu bem SOS pede socorro pera a\u00ed eu n\u00e3o sei o que aconteceu cheguei atrasado aqui. Cheguei puxando&nbsp; fila no pagode pra ver voc\u00ea ent\u00e3o, t\u00f4 doid\u00e3o bota fogo no carv\u00e3o a carne est\u00e1 malpassada. Maria minha linda morena voc\u00ea incendeia meu cora\u00e7\u00e3o queima a minha paix\u00e3o [&hellip;]<\/p>\n","protected":false},"author":1,"featured_media":0,"parent":0,"menu_order":0,"comment_status":"closed","ping_status":"closed","template":"","meta":[],"_links":{"self":[{"href":"https:\/\/sergiodamaso.com.br\/index.php\/wp-json\/wp\/v2\/pages\/388"}],"collection":[{"href":"https:\/\/sergiodamaso.com.br\/index.php\/wp-json\/wp\/v2\/pages"}],"about":[{"href":"https:\/\/sergiodamaso.com.br\/index.php\/wp-json\/wp\/v2\/types\/page"}],"author":[{"embeddable":true,"href":"https:\/\/sergiodamaso.com.br\/index.php\/wp-json\/wp\/v2\/users\/1"}],"replies":[{"embeddable":true,"href":"https:\/\/sergiodamaso.com.br\/index.php\/wp-json\/wp\/v2\/comments?post=388"}],"version-history":[{"count":2,"href":"https:\/\/sergiodamaso.com.br\/index.php\/wp-json\/wp\/v2\/pages\/388\/revisions"}],"predecessor-version":[{"id":921,"href":"https:\/\/sergiodamaso.com.br\/index.php\/wp-json\/wp\/v2\/pages\/388\/revisions\/921"}],"wp:attachment":[{"href":"https:\/\/sergiodamaso.com.br\/index.php\/wp-json\/wp\/v2\/media?parent=388"}],"curies":[{"name":"wp","href":"https:\/\/api.w.org\/{rel}","templated":true}]}}