{"id":376,"date":"2024-02-28T23:24:01","date_gmt":"2024-02-29T02:24:01","guid":{"rendered":"https:\/\/sergiodamaso.com.br\/?page_id=376"},"modified":"2024-02-28T23:27:11","modified_gmt":"2024-02-29T02:27:11","slug":"eterna-miragem","status":"publish","type":"page","link":"https:\/\/sergiodamaso.com.br\/index.php\/eterna-miragem\/","title":{"rendered":"ETERNA MIRAGEM"},"content":{"rendered":"\n<figure class=\"wp-block-audio\"><audio controls src=\"https:\/\/sergiodamaso.com.br\/wp-content\/uploads\/2024\/02\/Eterna-miragem.mp3\"><\/audio><\/figure>\n\n\n\n<p>Me diz como \u00e9 que faz quando se perde um grande amor<\/p>\n\n\n\n<p>esquece o que ficou pra tr\u00e1s ou guarda como dor<\/p>\n\n\n\n<p>me diz tem outro jeito de pensar nessa paix\u00e3o<\/p>\n\n\n\n<p>a por favor me ajuda quem tiver a solu\u00e7\u00e3o.<\/p>\n\n\n\n<p>Qual \u00e9 a diferen\u00e7a entre a saudade e o sofrer<\/p>\n\n\n\n<p>\u00e0s vezes sem querer misturo tudo<\/p>\n\n\n\n<p>e coisas que eu ouvia como eu gosto de voc\u00ea<\/p>\n\n\n\n<p>de repente esse canto ficou mudo.<\/p>\n\n\n\n<p>E quando a dist\u00e2ncia n\u00e3o apaga a imagem<\/p>\n\n\n\n<p>de algu\u00e9m que nunca sai do pensamento<\/p>\n\n\n\n<p>parece que \u00e9 eterna a solid\u00e3o dessa miragem<\/p>\n\n\n\n<p>mesmo sabendo que passara com o tempo.<\/p>\n\n\n\n<p>Mas eu quero saber agora gente o que fazer<\/p>\n\n\n\n<p>\u00e9 que morrer de amor assim parece t\u00e3o antigo<\/p>\n\n\n\n<p>sen\u00e3o houver outra maneira de sobreviver<\/p>\n\n\n\n<p>que outro amor me salve agora do perigo.<\/p>\n","protected":false},"excerpt":{"rendered":"<p>Me diz como \u00e9 que faz quando se perde um grande amor esquece o que ficou pra tr\u00e1s ou guarda como dor me diz tem outro jeito de pensar nessa paix\u00e3o a por favor me ajuda quem tiver a solu\u00e7\u00e3o. Qual \u00e9 a diferen\u00e7a entre a saudade e o sofrer \u00e0s vezes sem querer misturo [&hellip;]<\/p>\n","protected":false},"author":1,"featured_media":0,"parent":0,"menu_order":0,"comment_status":"closed","ping_status":"closed","template":"","meta":[],"_links":{"self":[{"href":"https:\/\/sergiodamaso.com.br\/index.php\/wp-json\/wp\/v2\/pages\/376"}],"collection":[{"href":"https:\/\/sergiodamaso.com.br\/index.php\/wp-json\/wp\/v2\/pages"}],"about":[{"href":"https:\/\/sergiodamaso.com.br\/index.php\/wp-json\/wp\/v2\/types\/page"}],"author":[{"embeddable":true,"href":"https:\/\/sergiodamaso.com.br\/index.php\/wp-json\/wp\/v2\/users\/1"}],"replies":[{"embeddable":true,"href":"https:\/\/sergiodamaso.com.br\/index.php\/wp-json\/wp\/v2\/comments?post=376"}],"version-history":[{"count":3,"href":"https:\/\/sergiodamaso.com.br\/index.php\/wp-json\/wp\/v2\/pages\/376\/revisions"}],"predecessor-version":[{"id":380,"href":"https:\/\/sergiodamaso.com.br\/index.php\/wp-json\/wp\/v2\/pages\/376\/revisions\/380"}],"wp:attachment":[{"href":"https:\/\/sergiodamaso.com.br\/index.php\/wp-json\/wp\/v2\/media?parent=376"}],"curies":[{"name":"wp","href":"https:\/\/api.w.org\/{rel}","templated":true}]}}