{"id":373,"date":"2024-02-28T23:22:12","date_gmt":"2024-02-29T02:22:12","guid":{"rendered":"https:\/\/sergiodamaso.com.br\/?page_id=373"},"modified":"2024-03-16T22:01:05","modified_gmt":"2024-03-17T01:01:05","slug":"estrelas-brilhando-no-ceu","status":"publish","type":"page","link":"https:\/\/sergiodamaso.com.br\/index.php\/estrelas-brilhando-no-ceu\/","title":{"rendered":"ESTRELAS BRILHANDO NO C\u00c9U"},"content":{"rendered":"\n<figure class=\"wp-block-audio\"><audio controls src=\"https:\/\/sergiodamaso.com.br\/wp-content\/uploads\/2024\/02\/Estrelas-brilhando-no-ceu.mp3\"><\/audio><\/figure>\n\n\n\n<p><strong><em>Mongol &amp; S\u00e9rgio D\u00e2maso<\/em><\/strong><\/p>\n\n\n\n<p>Estrelas brilhando no c\u00e9u<\/p>\n\n\n\n<p>velas acesas nos astros<\/p>\n\n\n\n<p>fogo saindo de mim<\/p>\n\n\n\n<p>iluminando voc\u00ea aqui. (na terra)<\/p>\n\n\n\n<p>Se acreditar poder\u00e1 me amar<\/p>\n\n\n\n<p>at\u00e9 mesmo imaginar<\/p>\n\n\n\n<p>ou talvez fingir<\/p>\n\n\n\n<p>que eu n\u00e3o existo. (no c\u00e9u)<\/p>\n\n\n\n<p>Se nada acontecer<\/p>\n\n\n\n<p>meu amor<\/p>\n\n\n\n<p>vou jogar b\u00fazios<\/p>\n\n\n\n<p>e ver voc\u00ea. (nos astros)<\/p>\n\n\n\n<p>afastar-se de mim.<\/p>\n\n\n\n<p>Como eu n\u00e3o quis, ah!<\/p>\n\n\n\n<p>como eu nunca quis<\/p>\n\n\n\n<p>meu amor<\/p>\n\n\n\n<p>nem l\u00e1 nem aqui.<\/p>\n","protected":false},"excerpt":{"rendered":"<p>Mongol &amp; S\u00e9rgio D\u00e2maso Estrelas brilhando no c\u00e9u velas acesas nos astros fogo saindo de mim iluminando voc\u00ea aqui. (na terra) Se acreditar poder\u00e1 me amar at\u00e9 mesmo imaginar ou talvez fingir que eu n\u00e3o existo. (no c\u00e9u) Se nada acontecer meu amor vou jogar b\u00fazios e ver voc\u00ea. (nos astros) afastar-se de mim. Como [&hellip;]<\/p>\n","protected":false},"author":1,"featured_media":0,"parent":0,"menu_order":0,"comment_status":"closed","ping_status":"closed","template":"","meta":[],"_links":{"self":[{"href":"https:\/\/sergiodamaso.com.br\/index.php\/wp-json\/wp\/v2\/pages\/373"}],"collection":[{"href":"https:\/\/sergiodamaso.com.br\/index.php\/wp-json\/wp\/v2\/pages"}],"about":[{"href":"https:\/\/sergiodamaso.com.br\/index.php\/wp-json\/wp\/v2\/types\/page"}],"author":[{"embeddable":true,"href":"https:\/\/sergiodamaso.com.br\/index.php\/wp-json\/wp\/v2\/users\/1"}],"replies":[{"embeddable":true,"href":"https:\/\/sergiodamaso.com.br\/index.php\/wp-json\/wp\/v2\/comments?post=373"}],"version-history":[{"count":2,"href":"https:\/\/sergiodamaso.com.br\/index.php\/wp-json\/wp\/v2\/pages\/373\/revisions"}],"predecessor-version":[{"id":914,"href":"https:\/\/sergiodamaso.com.br\/index.php\/wp-json\/wp\/v2\/pages\/373\/revisions\/914"}],"wp:attachment":[{"href":"https:\/\/sergiodamaso.com.br\/index.php\/wp-json\/wp\/v2\/media?parent=373"}],"curies":[{"name":"wp","href":"https:\/\/api.w.org\/{rel}","templated":true}]}}