{"id":370,"date":"2024-02-28T23:19:57","date_gmt":"2024-02-29T02:19:57","guid":{"rendered":"https:\/\/sergiodamaso.com.br\/?page_id=370"},"modified":"2024-03-16T21:59:47","modified_gmt":"2024-03-17T00:59:47","slug":"estava-cinza-escuro","status":"publish","type":"page","link":"https:\/\/sergiodamaso.com.br\/index.php\/estava-cinza-escuro\/","title":{"rendered":"ESTAVA CINZA ESCURO"},"content":{"rendered":"\n<figure class=\"wp-block-audio\"><audio controls src=\"https:\/\/sergiodamaso.com.br\/wp-content\/uploads\/2024\/02\/Estava-cinza-escuro.mp3\"><\/audio><\/figure>\n\n\n\n<p><strong><em>Mongol &amp; S\u00e9rgio D\u00e2maso<\/em><\/strong><\/p>\n\n\n\n<p>Estava cinza escuro<\/p>\n\n\n\n<p>tudo muito cinza escuro<\/p>\n\n\n\n<p>mas com dificuldade eu percebi<\/p>\n\n\n\n<p>dos seus olhos vermelhos<\/p>\n\n\n\n<p>duas l\u00e1grimas eu vi.<\/p>\n\n\n\n<p>Escorrerem serenas<\/p>\n\n\n\n<p>sobre a pele morena<\/p>\n\n\n\n<p>pelo seu rosto inesquec\u00edvel eu vi<\/p>\n\n\n\n<p>quantas vezes beijei como eu beijei<\/p>\n\n\n\n<p>e acariciei e admirei<\/p>\n\n\n\n<p>n\u00e3o h\u00e1 como esquecer.<\/p>\n\n\n\n<p>Eu sei que nuvens negras chegar\u00e3o<\/p>\n\n\n\n<p>carregadas de chuva<\/p>\n\n\n\n<p>ir\u00e3o molhar mas nunca modificar\u00e3o<\/p>\n\n\n\n<p>seu rosto inesquec\u00edvel.<\/p>\n\n\n\n<p>Para todos invis\u00edvel<\/p>\n\n\n\n<p>menos para mim meu bem<\/p>\n\n\n\n<p>a chuva vai passar<\/p>\n\n\n\n<p>o tempo vai passar<\/p>\n\n\n\n<p>e vai ser imposs\u00edvel esquecer<\/p>\n\n\n\n<p>seu rosto inesquec\u00edvel.<\/p>\n","protected":false},"excerpt":{"rendered":"<p>Mongol &amp; S\u00e9rgio D\u00e2maso Estava cinza escuro tudo muito cinza escuro mas com dificuldade eu percebi dos seus olhos vermelhos duas l\u00e1grimas eu vi. Escorrerem serenas sobre a pele morena pelo seu rosto inesquec\u00edvel eu vi quantas vezes beijei como eu beijei e acariciei e admirei n\u00e3o h\u00e1 como esquecer. Eu sei que nuvens negras [&hellip;]<\/p>\n","protected":false},"author":1,"featured_media":0,"parent":0,"menu_order":0,"comment_status":"closed","ping_status":"closed","template":"","meta":[],"_links":{"self":[{"href":"https:\/\/sergiodamaso.com.br\/index.php\/wp-json\/wp\/v2\/pages\/370"}],"collection":[{"href":"https:\/\/sergiodamaso.com.br\/index.php\/wp-json\/wp\/v2\/pages"}],"about":[{"href":"https:\/\/sergiodamaso.com.br\/index.php\/wp-json\/wp\/v2\/types\/page"}],"author":[{"embeddable":true,"href":"https:\/\/sergiodamaso.com.br\/index.php\/wp-json\/wp\/v2\/users\/1"}],"replies":[{"embeddable":true,"href":"https:\/\/sergiodamaso.com.br\/index.php\/wp-json\/wp\/v2\/comments?post=370"}],"version-history":[{"count":2,"href":"https:\/\/sergiodamaso.com.br\/index.php\/wp-json\/wp\/v2\/pages\/370\/revisions"}],"predecessor-version":[{"id":913,"href":"https:\/\/sergiodamaso.com.br\/index.php\/wp-json\/wp\/v2\/pages\/370\/revisions\/913"}],"wp:attachment":[{"href":"https:\/\/sergiodamaso.com.br\/index.php\/wp-json\/wp\/v2\/media?parent=370"}],"curies":[{"name":"wp","href":"https:\/\/api.w.org\/{rel}","templated":true}]}}