{"id":365,"date":"2024-02-28T23:15:16","date_gmt":"2024-02-29T02:15:16","guid":{"rendered":"https:\/\/sergiodamaso.com.br\/?page_id=365"},"modified":"2024-03-03T14:21:52","modified_gmt":"2024-03-03T17:21:52","slug":"essa-tua-loucura","status":"publish","type":"page","link":"https:\/\/sergiodamaso.com.br\/index.php\/essa-tua-loucura\/","title":{"rendered":"ESSA TUA LOUCURA"},"content":{"rendered":"\n<figure class=\"wp-block-audio\"><audio controls src=\"https:\/\/sergiodamaso.com.br\/wp-content\/uploads\/2024\/03\/Essa-tua-Loucura.mp3\"><\/audio><\/figure>\n\n\n\n<p>Essa tua loucura desmedida<\/p>\n\n\n\n<p>\u00e9 como um amor<\/p>\n\n\n\n<p>que mata um cora\u00e7\u00e3o<\/p>\n\n\n\n<p>chorando em louca agonia.<\/p>\n\n\n\n<p>Bem devagar sem pressa<\/p>\n\n\n\n<p>voc\u00ea \u00e9 assim<\/p>\n\n\n\n<p>enlouquece qualquer um<\/p>\n\n\n\n<p>por dentro por fora.<\/p>\n\n\n\n<p>Sem limites sem raz\u00f5es<\/p>\n\n\n\n<p>sem af\u00e3s com ilus\u00f5es<\/p>\n\n\n\n<p>como d\u00f3i como machuca<\/p>\n\n\n\n<p>como mata qualquer desejo.<\/p>\n\n\n\n<p>Acho que sabes mentir<\/p>\n\n\n\n<p>muito bem meu bem eu n\u00e3o<\/p>\n\n\n\n<p>mas para que iludir<\/p>\n\n\n\n<p>o seu falso cora\u00e7\u00e3o.<\/p>\n","protected":false},"excerpt":{"rendered":"<p>Essa tua loucura desmedida \u00e9 como um amor que mata um cora\u00e7\u00e3o chorando em louca agonia. Bem devagar sem pressa voc\u00ea \u00e9 assim enlouquece qualquer um por dentro por fora. Sem limites sem raz\u00f5es sem af\u00e3s com ilus\u00f5es como d\u00f3i como machuca como mata qualquer desejo. Acho que sabes mentir muito bem meu bem eu [&hellip;]<\/p>\n","protected":false},"author":1,"featured_media":0,"parent":0,"menu_order":0,"comment_status":"closed","ping_status":"closed","template":"","meta":[],"_links":{"self":[{"href":"https:\/\/sergiodamaso.com.br\/index.php\/wp-json\/wp\/v2\/pages\/365"}],"collection":[{"href":"https:\/\/sergiodamaso.com.br\/index.php\/wp-json\/wp\/v2\/pages"}],"about":[{"href":"https:\/\/sergiodamaso.com.br\/index.php\/wp-json\/wp\/v2\/types\/page"}],"author":[{"embeddable":true,"href":"https:\/\/sergiodamaso.com.br\/index.php\/wp-json\/wp\/v2\/users\/1"}],"replies":[{"embeddable":true,"href":"https:\/\/sergiodamaso.com.br\/index.php\/wp-json\/wp\/v2\/comments?post=365"}],"version-history":[{"count":3,"href":"https:\/\/sergiodamaso.com.br\/index.php\/wp-json\/wp\/v2\/pages\/365\/revisions"}],"predecessor-version":[{"id":643,"href":"https:\/\/sergiodamaso.com.br\/index.php\/wp-json\/wp\/v2\/pages\/365\/revisions\/643"}],"wp:attachment":[{"href":"https:\/\/sergiodamaso.com.br\/index.php\/wp-json\/wp\/v2\/media?parent=365"}],"curies":[{"name":"wp","href":"https:\/\/api.w.org\/{rel}","templated":true}]}}