{"id":362,"date":"2024-02-28T23:11:33","date_gmt":"2024-02-29T02:11:33","guid":{"rendered":"https:\/\/sergiodamaso.com.br\/?page_id=362"},"modified":"2024-03-16T21:54:45","modified_gmt":"2024-03-17T00:54:45","slug":"essa-mistura","status":"publish","type":"page","link":"https:\/\/sergiodamaso.com.br\/index.php\/essa-mistura\/","title":{"rendered":"ESSA MISTURA"},"content":{"rendered":"\n<figure class=\"wp-block-audio\"><audio controls src=\"https:\/\/sergiodamaso.com.br\/wp-content\/uploads\/2024\/03\/Essa-mistura.mp3\"><\/audio><\/figure>\n\n\n\n<p><strong><em>Mongol &amp; S\u00e9rgio D\u00e2maso<\/em><\/strong><\/p>\n\n\n\n<p>Essa tua loucura desmedida<\/p>\n\n\n\n<p>\u00e9 como um amor<\/p>\n\n\n\n<p>que mata um cora\u00e7\u00e3o<\/p>\n\n\n\n<p>chorando em louca agonia<\/p>\n\n\n\n<p>bem devagar, sem pressa.<\/p>\n\n\n\n<p>Voc\u00ea \u00e9 assim<\/p>\n\n\n\n<p>enlouquece qualquer um<\/p>\n\n\n\n<p>por dentro por fora<\/p>\n\n\n\n<p>sem limites sem raz\u00f5es<\/p>\n\n\n\n<p>sem af\u00e3s com ilus\u00f5es<\/p>\n\n\n\n<p>como d\u00f3i como machuca<\/p>\n\n\n\n<p>como mata qualquer desejo.<\/p>\n\n\n\n<p>Acho que sabes mentir<\/p>\n\n\n\n<p>muito bem meu bem, eu n\u00e3o<\/p>\n\n\n\n<p>mas para que iludir<\/p>\n","protected":false},"excerpt":{"rendered":"<p>Mongol &amp; S\u00e9rgio D\u00e2maso Essa tua loucura desmedida \u00e9 como um amor que mata um cora\u00e7\u00e3o chorando em louca agonia bem devagar, sem pressa. Voc\u00ea \u00e9 assim enlouquece qualquer um por dentro por fora sem limites sem raz\u00f5es sem af\u00e3s com ilus\u00f5es como d\u00f3i como machuca como mata qualquer desejo. Acho que sabes mentir muito [&hellip;]<\/p>\n","protected":false},"author":1,"featured_media":0,"parent":0,"menu_order":0,"comment_status":"closed","ping_status":"closed","template":"","meta":[],"_links":{"self":[{"href":"https:\/\/sergiodamaso.com.br\/index.php\/wp-json\/wp\/v2\/pages\/362"}],"collection":[{"href":"https:\/\/sergiodamaso.com.br\/index.php\/wp-json\/wp\/v2\/pages"}],"about":[{"href":"https:\/\/sergiodamaso.com.br\/index.php\/wp-json\/wp\/v2\/types\/page"}],"author":[{"embeddable":true,"href":"https:\/\/sergiodamaso.com.br\/index.php\/wp-json\/wp\/v2\/users\/1"}],"replies":[{"embeddable":true,"href":"https:\/\/sergiodamaso.com.br\/index.php\/wp-json\/wp\/v2\/comments?post=362"}],"version-history":[{"count":4,"href":"https:\/\/sergiodamaso.com.br\/index.php\/wp-json\/wp\/v2\/pages\/362\/revisions"}],"predecessor-version":[{"id":911,"href":"https:\/\/sergiodamaso.com.br\/index.php\/wp-json\/wp\/v2\/pages\/362\/revisions\/911"}],"wp:attachment":[{"href":"https:\/\/sergiodamaso.com.br\/index.php\/wp-json\/wp\/v2\/media?parent=362"}],"curies":[{"name":"wp","href":"https:\/\/api.w.org\/{rel}","templated":true}]}}