{"id":356,"date":"2024-02-28T23:06:44","date_gmt":"2024-02-29T02:06:44","guid":{"rendered":"https:\/\/sergiodamaso.com.br\/?page_id=356"},"modified":"2024-03-16T21:50:00","modified_gmt":"2024-03-17T00:50:00","slug":"ela-ao-meu-lado","status":"publish","type":"page","link":"https:\/\/sergiodamaso.com.br\/index.php\/ela-ao-meu-lado\/","title":{"rendered":"ELA AO MEU LADO"},"content":{"rendered":"\n<figure class=\"wp-block-audio\"><audio controls src=\"https:\/\/sergiodamaso.com.br\/wp-content\/uploads\/2024\/02\/Ela-ao-meu-lado.mp3\"><\/audio><\/figure>\n\n\n\n<p><strong><em>Mongol &amp; S\u00e9rgio D\u00e2maso<\/em><\/strong><\/p>\n\n\n\n<p>Acordei de madrugada olhei para o seu lado<\/p>\n\n\n\n<p>cad\u00ea voc\u00ea deitada aqui juntinha a mim<\/p>\n\n\n\n<p>eu sozinho t\u00e3o calado aqui na nossa cama<\/p>\n\n\n\n<p>que falta voc\u00ea me faz<\/p>\n\n\n\n<p>que falta ao meu lado.<\/p>\n\n\n\n<p>Longe \u00e9 t\u00e3o distante para n\u00f3s<\/p>\n\n\n\n<p>at\u00e9 meu sono se vai<\/p>\n\n\n\n<p>at\u00e9 meu travesseiro n\u00e3o dorme<\/p>\n\n\n\n<p>e me acorda assim de madrugada.<\/p>\n\n\n\n<p>Cad\u00ea voc\u00ea, eu quero saber<\/p>\n\n\n\n<p>para me fazer dormir<\/p>\n\n\n\n<p>cad\u00ea voc\u00ea, eu quero saber<\/p>\n\n\n\n<p>para me fazer acordar.<\/p>\n\n\n\n<p>Ai ai que saudade<\/p>\n\n\n\n<p>de voc\u00ea voltar a dormir comigo<\/p>\n\n\n\n<p>ai ai que vontade<\/p>\n\n\n\n<p>de voc\u00ea voltar a acordar comigo.<\/p>\n","protected":false},"excerpt":{"rendered":"<p>Mongol &amp; S\u00e9rgio D\u00e2maso Acordei de madrugada olhei para o seu lado cad\u00ea voc\u00ea deitada aqui juntinha a mim eu sozinho t\u00e3o calado aqui na nossa cama que falta voc\u00ea me faz que falta ao meu lado. Longe \u00e9 t\u00e3o distante para n\u00f3s at\u00e9 meu sono se vai at\u00e9 meu travesseiro n\u00e3o dorme e me [&hellip;]<\/p>\n","protected":false},"author":1,"featured_media":0,"parent":0,"menu_order":0,"comment_status":"closed","ping_status":"closed","template":"","meta":[],"_links":{"self":[{"href":"https:\/\/sergiodamaso.com.br\/index.php\/wp-json\/wp\/v2\/pages\/356"}],"collection":[{"href":"https:\/\/sergiodamaso.com.br\/index.php\/wp-json\/wp\/v2\/pages"}],"about":[{"href":"https:\/\/sergiodamaso.com.br\/index.php\/wp-json\/wp\/v2\/types\/page"}],"author":[{"embeddable":true,"href":"https:\/\/sergiodamaso.com.br\/index.php\/wp-json\/wp\/v2\/users\/1"}],"replies":[{"embeddable":true,"href":"https:\/\/sergiodamaso.com.br\/index.php\/wp-json\/wp\/v2\/comments?post=356"}],"version-history":[{"count":2,"href":"https:\/\/sergiodamaso.com.br\/index.php\/wp-json\/wp\/v2\/pages\/356\/revisions"}],"predecessor-version":[{"id":908,"href":"https:\/\/sergiodamaso.com.br\/index.php\/wp-json\/wp\/v2\/pages\/356\/revisions\/908"}],"wp:attachment":[{"href":"https:\/\/sergiodamaso.com.br\/index.php\/wp-json\/wp\/v2\/media?parent=356"}],"curies":[{"name":"wp","href":"https:\/\/api.w.org\/{rel}","templated":true}]}}