{"id":350,"date":"2024-02-28T23:01:33","date_gmt":"2024-02-29T02:01:33","guid":{"rendered":"https:\/\/sergiodamaso.com.br\/?page_id=350"},"modified":"2024-03-16T21:48:00","modified_gmt":"2024-03-17T00:48:00","slug":"dona-antonia","status":"publish","type":"page","link":"https:\/\/sergiodamaso.com.br\/index.php\/dona-antonia\/","title":{"rendered":"DONA ANT\u00d4NIA"},"content":{"rendered":"\n<figure class=\"wp-block-audio\"><audio controls src=\"https:\/\/sergiodamaso.com.br\/wp-content\/uploads\/2024\/02\/Dona-Antonia.mp3\"><\/audio><\/figure>\n\n\n\n<p><strong><em>Mongol &amp; S\u00e9rgio D\u00e2maso<\/em><\/strong><\/p>\n\n\n\n<p>Galera vai rolar no s\u00e1bado um samba<\/p>\n\n\n\n<p>do babado na laje da Dona Ant\u00f4nia<\/p>\n\n\n\n<p>minha sogra gentil<\/p>\n\n\n\n<p>e a porta da sua casa abriu<\/p>\n\n\n\n<p>sempre t\u00e3o querida ela p\u00f5e a mesa.<\/p>\n\n\n\n<p>Cerveja gelada churrasco com farofa<\/p>\n\n\n\n<p>e no final espaguete a bolonhesa<\/p>\n\n\n\n<p>sempre t\u00e3o prendada ela \u00e9 um amor<\/p>\n\n\n\n<p>e pode chegar rapaziada<\/p>\n\n\n\n<p>tem arroz branco com disco voador.<\/p>\n\n\n\n<p>O bicho vai pegar eu convidei<\/p>\n\n\n\n<p>Convidei:<\/p>\n\n\n\n<p>Galo sego do viol\u00e3o<\/p>\n\n\n\n<p>pindoba do atabaque<\/p>\n\n\n\n<p>Valtinho do cavaquinho<\/p>\n\n\n\n<p>gaguinho do tamborim<\/p>\n\n\n\n<p>bar\u00e3o do pandeiro de couro e<\/p>\n\n\n\n<p>a gostosinha Belinha da bela voz.<\/p>\n\n\n\n<p>Para melhorar vai ter um bingo<\/p>\n\n\n\n<p>quem ganhar vai cavalgar<\/p>\n\n\n\n<p>nas tr\u00eas garrafas do cavalinho<\/p>\n\n\n\n<p>levando de brinde a minha sogra<\/p>\n\n\n\n<p>o maior pr\u00eamio da tarde na laje.<\/p>\n\n\n\n<p>Mas aten\u00e7\u00e3o! O samba vai rolar<\/p>\n\n\n\n<p>no pr\u00f3ximo dia primeiro de abril<\/p>\n\n\n\n<p>com convites coloridos e limitados<\/p>\n\n\n\n<p>eu quero ver quem vai ganhar.<\/p>\n","protected":false},"excerpt":{"rendered":"<p>Mongol &amp; S\u00e9rgio D\u00e2maso Galera vai rolar no s\u00e1bado um samba do babado na laje da Dona Ant\u00f4nia minha sogra gentil e a porta da sua casa abriu sempre t\u00e3o querida ela p\u00f5e a mesa. Cerveja gelada churrasco com farofa e no final espaguete a bolonhesa sempre t\u00e3o prendada ela \u00e9 um amor e pode [&hellip;]<\/p>\n","protected":false},"author":1,"featured_media":0,"parent":0,"menu_order":0,"comment_status":"closed","ping_status":"closed","template":"","meta":[],"_links":{"self":[{"href":"https:\/\/sergiodamaso.com.br\/index.php\/wp-json\/wp\/v2\/pages\/350"}],"collection":[{"href":"https:\/\/sergiodamaso.com.br\/index.php\/wp-json\/wp\/v2\/pages"}],"about":[{"href":"https:\/\/sergiodamaso.com.br\/index.php\/wp-json\/wp\/v2\/types\/page"}],"author":[{"embeddable":true,"href":"https:\/\/sergiodamaso.com.br\/index.php\/wp-json\/wp\/v2\/users\/1"}],"replies":[{"embeddable":true,"href":"https:\/\/sergiodamaso.com.br\/index.php\/wp-json\/wp\/v2\/comments?post=350"}],"version-history":[{"count":2,"href":"https:\/\/sergiodamaso.com.br\/index.php\/wp-json\/wp\/v2\/pages\/350\/revisions"}],"predecessor-version":[{"id":906,"href":"https:\/\/sergiodamaso.com.br\/index.php\/wp-json\/wp\/v2\/pages\/350\/revisions\/906"}],"wp:attachment":[{"href":"https:\/\/sergiodamaso.com.br\/index.php\/wp-json\/wp\/v2\/media?parent=350"}],"curies":[{"name":"wp","href":"https:\/\/api.w.org\/{rel}","templated":true}]}}